{"id":1310,"date":"2025-03-05T01:24:20","date_gmt":"2025-03-05T00:24:20","guid":{"rendered":"https:\/\/barcinovintagefactory.com\/about-us\/"},"modified":"2025-03-25T01:15:59","modified_gmt":"2025-03-25T00:15:59","slug":"sobre-nosotros","status":"publish","type":"page","link":"https:\/\/barcinovintagefactory.com\/en\/sobre-nosotros\/","title":{"rendered":"Sobre nosotros"},"content":{"rendered":"<div data-elementor-type=\"wp-post\" data-elementor-id=\"1310\" class=\"elementor elementor-1310\">\n\t\t\t\t<div class=\"elementor-element elementor-element-382155f e-flex e-con-boxed e-con e-parent\" data-id=\"382155f\" data-element_type=\"container\" data-settings=\"{&quot;background_background&quot;:&quot;classic&quot;}\">\n\t\t\t\t\t<div class=\"e-con-inner\">\n\t\t<div class=\"elementor-element elementor-element-0d2fdfe e-con-full e-flex e-con e-child\" data-id=\"0d2fdfe\" data-element_type=\"container\">\n\t\t\t\t<div class=\"elementor-element elementor-element-b1c7270 elementor-widget elementor-widget-heading\" data-id=\"b1c7270\" data-element_type=\"widget\" data-widget_type=\"heading.default\">\n\t\t\t\t\t<h1 class=\"elementor-heading-title elementor-size-default\">Sobre nosotros<\/h1>\t\t\t\t<\/div>\n\t\t\t\t<div class=\"elementor-element elementor-element-947c154 elementor-widget elementor-widget-text-editor\" data-id=\"947c154\" data-element_type=\"widget\" data-widget_type=\"text-editor.default\">\n\t\t\t\t\t\t\t\t\t<p>\u00a1Con\u00f3cenos un poquito mejor, a nosotros y a todo lo que hacemos para que esto funcione para ti!<\/p>\t\t\t\t\t\t\t\t<\/div>\n\t\t\t\t<\/div>\n\t\t\t\t\t<\/div>\n\t\t\t\t<\/div>\n\t\t<div class=\"elementor-element elementor-element-240c3d6 e-flex e-con-boxed e-con e-parent\" data-id=\"240c3d6\" data-element_type=\"container\">\n\t\t\t\t\t<div class=\"e-con-inner\">\n\t\t<div class=\"elementor-element elementor-element-861d6c4 e-con-full e-flex e-con e-child\" data-id=\"861d6c4\" data-element_type=\"container\">\n\t\t\t\t<div class=\"elementor-element elementor-element-af8ca01 elementor-widget elementor-widget-heading\" data-id=\"af8ca01\" data-element_type=\"widget\" data-widget_type=\"heading.default\">\n\t\t\t\t\t<h3 class=\"elementor-heading-title elementor-size-default\">Especializados en ropa Deportiva Vintage de los 80s y los 90s, Denim, Pieles y Marcas de Lujo.<\/h3>\t\t\t\t<\/div>\n\t\t\t\t<\/div>\n\t\t<div class=\"elementor-element elementor-element-0420ce5 e-con-full e-flex e-con e-child\" data-id=\"0420ce5\" data-element_type=\"container\">\n\t\t\t\t<div class=\"elementor-element elementor-element-134fb17 elementor-widget elementor-widget-text-editor\" data-id=\"134fb17\" data-element_type=\"widget\" data-widget_type=\"text-editor.default\">\n\t\t\t\t\t\t\t\t\t<p>\u00bfQuieres un <strong>outfit \u00fanico y especial<\/strong>? Estamos especializados en moda deportiva vintage de los 80s y los 90s, denim, pieles y marcas de lujo. <span style=\"font-size: 16px;\">Podr\u00e1s elegir entre <strong>m\u00faltiples estilos<\/strong>.<\/span><\/p>\n<p><span style=\"font-size: 16px;\">&nbsp;<\/span><\/p>\n<p><span style=\"font-size: 16px;\">Aqu\u00ed, en Barcino Vintage Factory podr\u00e1s encontrar todo lo que necesitas para hacer de tu ropa del d\u00eda a d\u00eda un outfit \u00fanico y especial. <\/span>Ponemos todo nuestro <strong>esfuerzo y coraz\u00f3n<\/strong> a diario en elegir las <strong>mejores prendas<\/strong> para vosotros. Seleccionado y cuidado al detalle tenemos prendas para todos los estilos. Pieles, streetwear, pelo, ante, lana, mohair, alpaca, algod\u00f3n, seda&#8230; Los <strong>mejores materiales<\/strong> en prendas vintage a un <strong>precio barato.<\/strong><\/p>\n<p><strong>&nbsp;<\/strong><\/p>\n<p>En nuestra tienda podr\u00e1s encontrar la <b>ropa clasificada en tres categor\u00edas <\/b>dependiendo de su estado de conservaci\u00f3n: ropa en <b>perfecto estado<\/b>, cuya calidad es pr\u00e1cticamente como de reci\u00e9n estrenado o incluso podr\u00e1s encontrar algunas prendas con su etiqueta original; ropa en <b>muy buen estado<\/b>, que ser\u00eda la llamada de grado A en muchas otras tiendas vintage, cuya calidad es todav\u00eda muy buena pero s\u00ed se aprecia ligeramente el uso en la prenda; y por \u00faltimo ropa en <b>buen estado<\/b>, que ser\u00eda la llamada B, cuya calidad ya presenta alg\u00fan defecto m\u00e1s visible, como podr\u00edan ser las bolitas en los jers\u00e9is de lana, alguna peque\u00f1a mancha o arreglo, etc\u00e9tera.<\/p>\n<p><strong>&nbsp;<\/strong><\/p>\n<p>Todos <b>nuestros precios<\/b> se corresponden con la marca de la prenda, el material del que est\u00e1 hecha, la \u00e9poca en que se fabric\u00f3 y con el estado de esta, siendo la ropa en perfecto estado la que tiene un precio mayor por su calidad y conservaci\u00f3n, y la ropa en buen estado la m\u00e1s barata por los peque\u00f1os desperfectos que puede presentar.<strong>&nbsp;<\/strong><\/p>\n<p><strong>&nbsp;<\/strong><\/p>\n<p>Tanto si eres un amante del streetwear vintage y llevas un estilo m\u00e1s <strong>underground<\/strong>, como si te gusta un rollo m\u00e1s <strong>rockero y nost\u00e1lgico<\/strong> o la <strong>elegancia<\/strong> y las buenas marcas de anta\u00f1o, este es tu lugar. <strong>Diferentes \u00e9pocas y diferentes estilos,<\/strong> todos aqu\u00ed, en Barcino Vintage Factory. \u00a1Cada prenda es \u00fanica, no te quedes sin la tuya y \u00fanete a la moda circular y sostenible a unos precios inigualables!<\/p>\n<p><br><\/p>\n<p><\/p>\n<p><b>GARANT\u00cdA DE CALIDAD Y ESTILO \u00daNICO Y ORIGINAL<\/b>.&nbsp;<\/p><p><br><\/p>\n<p><\/p>\n<p>\u00a1Aqu\u00ed, en <b>Barcino Vintage Factory<\/b>!<\/p>\t\t\t\t\t\t\t\t<\/div>\n\t\t\t\t<div class=\"elementor-element elementor-element-75a538c elementor-widget elementor-widget-button\" data-id=\"75a538c\" data-element_type=\"widget\" data-widget_type=\"button.default\">\n\t\t\t\t\t\t\t\t\t\t<a class=\"elementor-button elementor-button-link elementor-size-md\" href=\"https:\/\/barcinovintagefactory.com\/en\/store\/\">\n\t\t\t\t\t\t<span class=\"elementor-button-content-wrapper\">\n\t\t\t\t\t\t\t\t\t<span class=\"elementor-button-text\">ir a la tienda<\/span>\n\t\t\t\t\t<\/span>\n\t\t\t\t\t<\/a>\n\t\t\t\t\t\t\t\t<\/div>\n\t\t\t\t<\/div>\n\t\t\t\t\t<\/div>\n\t\t\t\t<\/div>\n\t\t\t\t<\/div>","protected":false},"excerpt":{"rendered":"<p>Sobre nosotros \u00a1Con\u00f3cenos un poquito mejor, a nosotros y a todo lo que hacemos para que esto funcione para ti! Especializados en ropa Deportiva Vintage de los 80s y los 90s, Denim, Pieles y Marcas de Lujo. \u00bfQuieres un outfit \u00fanico y especial? Estamos especializados en moda deportiva vintage de los 80s y los 90s, [&hellip;]<\/p>\n","protected":false},"author":1,"featured_media":0,"parent":0,"menu_order":0,"comment_status":"closed","ping_status":"closed","template":"","meta":{"site-sidebar-layout":"no-sidebar","site-content-layout":"page-builder","ast-site-content-layout":"default","site-content-style":"default","site-sidebar-style":"default","ast-global-header-display":"","ast-banner-title-visibility":"","ast-main-header-display":"","ast-hfb-above-header-display":"","ast-hfb-below-header-display":"","ast-hfb-mobile-header-display":"","site-post-title":"disabled","ast-breadcrumbs-content":"","ast-featured-img":"disabled","footer-sml-layout":"","ast-disable-related-posts":"","theme-transparent-header-meta":"enabled","adv-header-id-meta":"","stick-header-meta":"","header-above-stick-meta":"","header-main-stick-meta":"","header-below-stick-meta":"","astra-migrate-meta-layouts":"default","ast-page-background-enabled":"default","ast-page-background-meta":{"desktop":{"background-color":"","background-image":"","background-repeat":"repeat","background-position":"center center","background-size":"auto","background-attachment":"scroll","background-type":"","background-media":"","overlay-type":"","overlay-color":"","overlay-opacity":"","overlay-gradient":""},"tablet":{"background-color":"","background-image":"","background-repeat":"repeat","background-position":"center center","background-size":"auto","background-attachment":"scroll","background-type":"","background-media":"","overlay-type":"","overlay-color":"","overlay-opacity":"","overlay-gradient":""},"mobile":{"background-color":"","background-image":"","background-repeat":"repeat","background-position":"center center","background-size":"auto","background-attachment":"scroll","background-type":"","background-media":"","overlay-type":"","overlay-color":"","overlay-opacity":"","overlay-gradient":""}},"ast-content-background-meta":{"desktop":{"background-color":"var(--ast-global-color-5)","background-image":"","background-repeat":"repeat","background-position":"center center","background-size":"auto","background-attachment":"scroll","background-type":"","background-media":"","overlay-type":"","overlay-color":"","overlay-opacity":"","overlay-gradient":""},"tablet":{"background-color":"var(--ast-global-color-5)","background-image":"","background-repeat":"repeat","background-position":"center center","background-size":"auto","background-attachment":"scroll","background-type":"","background-media":"","overlay-type":"","overlay-color":"","overlay-opacity":"","overlay-gradient":""},"mobile":{"background-color":"var(--ast-global-color-5)","background-image":"","background-repeat":"repeat","background-position":"center center","background-size":"auto","background-attachment":"scroll","background-type":"","background-media":"","overlay-type":"","overlay-color":"","overlay-opacity":"","overlay-gradient":""}},"footnotes":""},"class_list":["post-1310","page","type-page","status-publish","hentry"],"yoast_head":"<!-- This site is optimized with the Yoast SEO plugin v27.1.1 - https:\/\/yoast.com\/product\/yoast-seo-wordpress\/ -->\n<title>Sobre nosotros - Barcino Vintage Factory<\/title>\n<meta name=\"robots\" content=\"index, follow, max-snippet:-1, max-image-preview:large, max-video-preview:-1\" \/>\n<link rel=\"canonical\" href=\"https:\/\/barcinovintagefactory.com\/en\/sobre-nosotros\/\" \/>\n<meta property=\"og:locale\" content=\"en_GB\" \/>\n<meta property=\"og:type\" content=\"article\" \/>\n<meta property=\"og:title\" content=\"Sobre nosotros - Barcino Vintage Factory\" \/>\n<meta property=\"og:description\" content=\"Sobre nosotros \u00a1Con\u00f3cenos un poquito mejor, a nosotros y a todo lo que hacemos para que esto funcione para ti! Especializados en ropa Deportiva Vintage de los 80s y los 90s, Denim, Pieles y Marcas de Lujo. \u00bfQuieres un outfit \u00fanico y especial? Estamos especializados en moda deportiva vintage de los 80s y los 90s, [&hellip;]\" \/>\n<meta property=\"og:url\" content=\"https:\/\/barcinovintagefactory.com\/en\/sobre-nosotros\/\" \/>\n<meta property=\"og:site_name\" content=\"Barcino Vintage Factory\" \/>\n<meta property=\"article:modified_time\" content=\"2025-03-25T00:15:59+00:00\" \/>\n<meta name=\"twitter:card\" content=\"summary_large_image\" \/>\n<meta name=\"twitter:label1\" content=\"Estimated reading time\" \/>\n\t<meta name=\"twitter:data1\" content=\"3 minutes\" \/>\n<script type=\"application\/ld+json\" class=\"yoast-schema-graph\">{\"@context\":\"https:\/\/schema.org\",\"@graph\":[{\"@type\":\"WebPage\",\"@id\":\"https:\/\/barcinovintagefactory.com\/sobre-nosotros\/\",\"url\":\"https:\/\/barcinovintagefactory.com\/sobre-nosotros\/\",\"name\":\"Sobre nosotros - Barcino Vintage Factory\",\"isPartOf\":{\"@id\":\"https:\/\/barcinovintagefactory.com\/#website\"},\"datePublished\":\"2025-03-05T00:24:20+00:00\",\"dateModified\":\"2025-03-25T00:15:59+00:00\",\"breadcrumb\":{\"@id\":\"https:\/\/barcinovintagefactory.com\/sobre-nosotros\/#breadcrumb\"},\"inLanguage\":\"en-GB\",\"potentialAction\":[{\"@type\":\"ReadAction\",\"target\":[\"https:\/\/barcinovintagefactory.com\/sobre-nosotros\/\"]}]},{\"@type\":\"BreadcrumbList\",\"@id\":\"https:\/\/barcinovintagefactory.com\/sobre-nosotros\/#breadcrumb\",\"itemListElement\":[{\"@type\":\"ListItem\",\"position\":1,\"name\":\"Portada\",\"item\":\"https:\/\/barcinovintagefactory.com\/\"},{\"@type\":\"ListItem\",\"position\":2,\"name\":\"Sobre nosotros\"}]},{\"@type\":\"WebSite\",\"@id\":\"https:\/\/barcinovintagefactory.com\/#website\",\"url\":\"https:\/\/barcinovintagefactory.com\/\",\"name\":\"Barcino Vintage Factory\",\"description\":\"Tienda de ropa vintage Barcelona, Espa\u00f1a. DROP DIARIO a las 12:30 PM + de 30 prendas nuevas cada semana\",\"publisher\":{\"@id\":\"https:\/\/barcinovintagefactory.com\/#organization\"},\"potentialAction\":[{\"@type\":\"SearchAction\",\"target\":{\"@type\":\"EntryPoint\",\"urlTemplate\":\"https:\/\/barcinovintagefactory.com\/?s={search_term_string}\"},\"query-input\":{\"@type\":\"PropertyValueSpecification\",\"valueRequired\":true,\"valueName\":\"search_term_string\"}}],\"inLanguage\":\"en-GB\"},{\"@type\":\"Organization\",\"@id\":\"https:\/\/barcinovintagefactory.com\/#organization\",\"name\":\"Barcino Vintage Factory\",\"url\":\"https:\/\/barcinovintagefactory.com\/\",\"logo\":{\"@type\":\"ImageObject\",\"inLanguage\":\"en-GB\",\"@id\":\"https:\/\/barcinovintagefactory.com\/#\/schema\/logo\/image\/\",\"url\":\"https:\/\/barcinovintagefactory.com\/wp-content\/uploads\/2025\/03\/LOGO-BVF-FONDO-COLOR-1PEKENOyyyyyyyyyy.png\",\"contentUrl\":\"https:\/\/barcinovintagefactory.com\/wp-content\/uploads\/2025\/03\/LOGO-BVF-FONDO-COLOR-1PEKENOyyyyyyyyyy.png\",\"width\":1743,\"height\":1683,\"caption\":\"Barcino Vintage Factory\"},\"image\":{\"@id\":\"https:\/\/barcinovintagefactory.com\/#\/schema\/logo\/image\/\"},\"sameAs\":[\"https:\/\/www.tiktok.com\/@barcinovintagefactory\",\"https:\/\/es.pinterest.com\/BarcinoVintageFactory\",\"https:\/\/www.instagram.com\/barcino.vintagefactory\/\"]}]}<\/script>\n<!-- \/ Yoast SEO plugin. -->","yoast_head_json":{"title":"Sobre nosotros - Barcino Vintage Factory","robots":{"index":"index","follow":"follow","max-snippet":"max-snippet:-1","max-image-preview":"max-image-preview:large","max-video-preview":"max-video-preview:-1"},"canonical":"https:\/\/barcinovintagefactory.com\/en\/sobre-nosotros\/","og_locale":"en_GB","og_type":"article","og_title":"Sobre nosotros - Barcino Vintage Factory","og_description":"Sobre nosotros \u00a1Con\u00f3cenos un poquito mejor, a nosotros y a todo lo que hacemos para que esto funcione para ti! Especializados en ropa Deportiva Vintage de los 80s y los 90s, Denim, Pieles y Marcas de Lujo. \u00bfQuieres un outfit \u00fanico y especial? Estamos especializados en moda deportiva vintage de los 80s y los 90s, [&hellip;]","og_url":"https:\/\/barcinovintagefactory.com\/en\/sobre-nosotros\/","og_site_name":"Barcino Vintage Factory","article_modified_time":"2025-03-25T00:15:59+00:00","twitter_card":"summary_large_image","twitter_misc":{"Estimated reading time":"3 minutes"},"schema":{"@context":"https:\/\/schema.org","@graph":[{"@type":"WebPage","@id":"https:\/\/barcinovintagefactory.com\/sobre-nosotros\/","url":"https:\/\/barcinovintagefactory.com\/sobre-nosotros\/","name":"Sobre nosotros - Barcino Vintage Factory","isPartOf":{"@id":"https:\/\/barcinovintagefactory.com\/#website"},"datePublished":"2025-03-05T00:24:20+00:00","dateModified":"2025-03-25T00:15:59+00:00","breadcrumb":{"@id":"https:\/\/barcinovintagefactory.com\/sobre-nosotros\/#breadcrumb"},"inLanguage":"en-GB","potentialAction":[{"@type":"ReadAction","target":["https:\/\/barcinovintagefactory.com\/sobre-nosotros\/"]}]},{"@type":"BreadcrumbList","@id":"https:\/\/barcinovintagefactory.com\/sobre-nosotros\/#breadcrumb","itemListElement":[{"@type":"ListItem","position":1,"name":"Portada","item":"https:\/\/barcinovintagefactory.com\/"},{"@type":"ListItem","position":2,"name":"Sobre nosotros"}]},{"@type":"WebSite","@id":"https:\/\/barcinovintagefactory.com\/#website","url":"https:\/\/barcinovintagefactory.com\/","name":"Barcino Vintage Factory","description":"Tienda de ropa vintage Barcelona, Espa\u00f1a. DROP DIARIO a las 12:30 PM + de 30 prendas nuevas cada semana","publisher":{"@id":"https:\/\/barcinovintagefactory.com\/#organization"},"potentialAction":[{"@type":"SearchAction","target":{"@type":"EntryPoint","urlTemplate":"https:\/\/barcinovintagefactory.com\/?s={search_term_string}"},"query-input":{"@type":"PropertyValueSpecification","valueRequired":true,"valueName":"search_term_string"}}],"inLanguage":"en-GB"},{"@type":"Organization","@id":"https:\/\/barcinovintagefactory.com\/#organization","name":"Barcino Vintage Factory","url":"https:\/\/barcinovintagefactory.com\/","logo":{"@type":"ImageObject","inLanguage":"en-GB","@id":"https:\/\/barcinovintagefactory.com\/#\/schema\/logo\/image\/","url":"https:\/\/barcinovintagefactory.com\/wp-content\/uploads\/2025\/03\/LOGO-BVF-FONDO-COLOR-1PEKENOyyyyyyyyyy.png","contentUrl":"https:\/\/barcinovintagefactory.com\/wp-content\/uploads\/2025\/03\/LOGO-BVF-FONDO-COLOR-1PEKENOyyyyyyyyyy.png","width":1743,"height":1683,"caption":"Barcino Vintage Factory"},"image":{"@id":"https:\/\/barcinovintagefactory.com\/#\/schema\/logo\/image\/"},"sameAs":["https:\/\/www.tiktok.com\/@barcinovintagefactory","https:\/\/es.pinterest.com\/BarcinoVintageFactory","https:\/\/www.instagram.com\/barcino.vintagefactory\/"]}]}},"jetpack_sharing_enabled":true,"_links":{"self":[{"href":"https:\/\/barcinovintagefactory.com\/en\/wp-json\/wp\/v2\/pages\/1310","targetHints":{"allow":["GET"]}}],"collection":[{"href":"https:\/\/barcinovintagefactory.com\/en\/wp-json\/wp\/v2\/pages"}],"about":[{"href":"https:\/\/barcinovintagefactory.com\/en\/wp-json\/wp\/v2\/types\/page"}],"author":[{"embeddable":true,"href":"https:\/\/barcinovintagefactory.com\/en\/wp-json\/wp\/v2\/users\/1"}],"replies":[{"embeddable":true,"href":"https:\/\/barcinovintagefactory.com\/en\/wp-json\/wp\/v2\/comments?post=1310"}],"version-history":[{"count":34,"href":"https:\/\/barcinovintagefactory.com\/en\/wp-json\/wp\/v2\/pages\/1310\/revisions"}],"predecessor-version":[{"id":4804,"href":"https:\/\/barcinovintagefactory.com\/en\/wp-json\/wp\/v2\/pages\/1310\/revisions\/4804"}],"wp:attachment":[{"href":"https:\/\/barcinovintagefactory.com\/en\/wp-json\/wp\/v2\/media?parent=1310"}],"curies":[{"name":"wp","href":"https:\/\/api.w.org\/{rel}","templated":true}]}}