{"id":2454,"date":"2025-03-05T16:55:21","date_gmt":"2025-03-05T15:55:21","guid":{"rendered":"https:\/\/barcinovintagefactory.com\/?page_id=2454"},"modified":"2025-03-25T00:00:42","modified_gmt":"2025-03-24T23:00:42","slug":"politica-de-cookies","status":"publish","type":"page","link":"https:\/\/barcinovintagefactory.com\/en\/politica-de-cookies\/","title":{"rendered":"Cookie Policy"},"content":{"rendered":"\t\t<div data-elementor-type=\"wp-page\" data-elementor-id=\"2454\" class=\"elementor elementor-2454\">\n\t\t\t\t<div class=\"elementor-element elementor-element-f54fd82 e-flex e-con-boxed e-con e-parent\" data-id=\"f54fd82\" data-element_type=\"container\">\n\t\t\t\t\t<div class=\"e-con-inner\">\n\t\t\t\t\t<\/div>\n\t\t\t\t<\/div>\n\t\t<div class=\"elementor-element elementor-element-5d3133f e-flex e-con-boxed e-con e-parent\" data-id=\"5d3133f\" data-element_type=\"container\">\n\t\t\t\t\t<div class=\"e-con-inner\">\n\t\t\t\t\t<\/div>\n\t\t\t\t<\/div>\n\t\t<div class=\"elementor-element elementor-element-1f8a895 e-flex e-con-boxed e-con e-parent\" data-id=\"1f8a895\" data-element_type=\"container\">\n\t\t\t\t\t<div class=\"e-con-inner\">\n\t\t\t\t\t<\/div>\n\t\t\t\t<\/div>\n\t\t<div class=\"elementor-element elementor-element-111fb82 e-flex e-con-boxed e-con e-parent\" data-id=\"111fb82\" data-element_type=\"container\">\n\t\t\t\t\t<div class=\"e-con-inner\">\n\t\t\t\t\t<\/div>\n\t\t\t\t<\/div>\n\t\t<div class=\"elementor-element elementor-element-78e5466 e-flex e-con-boxed e-con e-parent\" data-id=\"78e5466\" data-element_type=\"container\">\n\t\t\t\t\t<div class=\"e-con-inner\">\n\t\t\t\t<div class=\"elementor-element elementor-element-a54e5e2 elementor-widget elementor-widget-heading\" data-id=\"a54e5e2\" data-element_type=\"widget\" data-widget_type=\"heading.default\">\n\t\t\t\t\t<h2 class=\"elementor-heading-title elementor-size-default\">Pol\u00edtica de cookies<\/h2>\t\t\t\t<\/div>\n\t\t\t\t\t<\/div>\n\t\t\t\t<\/div>\n\t\t<div class=\"elementor-element elementor-element-aa51c59 e-flex e-con-boxed e-con e-parent\" data-id=\"aa51c59\" data-element_type=\"container\">\n\t\t\t\t\t<div class=\"e-con-inner\">\n\t\t\t\t<div class=\"elementor-element elementor-element-739f1e0 elementor-widget elementor-widget-text-editor\" data-id=\"739f1e0\" data-element_type=\"widget\" data-widget_type=\"text-editor.default\">\n\t\t\t\t\t\t\t\t\t<p data-start=\"240\" data-end=\"275\"><strong>\u00daltima actualizaci\u00f3n: [18\/3\/2025]<\/strong><\/p>\n<p data-start=\"277\" data-end=\"518\">En Barcino Vintage Factory, utilizamos cookies para garantizar el correcto funcionamiento de nuestra web y mejorar la experiencia de usuario. A continuaci\u00f3n, te explicamos qu\u00e9 son las cookies, qu\u00e9 tipos utilizamos y c\u00f3mo puedes gestionarlas.<\/p>\n<p data-start=\"277\" data-end=\"518\"><br><\/p>\n<h3 data-start=\"520\" data-end=\"554\"><strong data-start=\"524\" data-end=\"552\">\u00bfQu\u00e9 son las Cookies?<\/strong><\/h3>\n<p data-start=\"555\" data-end=\"823\">Las cookies son peque\u00f1os archivos de texto que se almacenan en tu dispositivo cuando visitas una p\u00e1gina web. Se utilizan para recordar informaci\u00f3n sobre tu visita, como tus preferencias o tu inicio de sesi\u00f3n, y pueden ser esenciales para el funcionamiento de la web. El objetivo de la <em>cookie<\/em>&nbsp;es adaptar el contenido de la web a su perfil y necesidades, sin&nbsp;<em>cookies<\/em>&nbsp;los servicios ofrecidos por cualquier p\u00e1gina se ver\u00edan mermados notablemente.<\/p>\n<p data-start=\"555\" data-end=\"823\"><br><\/p>\n<h3 data-start=\"825\" data-end=\"869\"><strong data-start=\"829\" data-end=\"867\">Tipos de Cookies&nbsp;<\/strong><\/h3>\n<p data-start=\"870\" data-end=\"924\">Nuestra web utiliza algunos de los siguientes tipos de cookies:<\/p>\n<ul data-start=\"926\" data-end=\"1502\">\n<li data-start=\"926\" data-end=\"1105\"><strong data-start=\"928\" data-end=\"961\">Cookies t\u00e9cnicas o necesarias<\/strong>: Son esenciales para el funcionamiento de la web y no se pueden desactivar. Permiten, por ejemplo, la navegaci\u00f3n y el acceso a \u00e1reas seguras.<\/li>\n<li data-start=\"1106\" data-end=\"1293\"><strong data-start=\"1108\" data-end=\"1158\">Cookies de an\u00e1lisis<\/strong>: Ayudan a entender c\u00f3mo los usuarios interact\u00faan con la web, recopilando datos de forma an\u00f3nima para mejorar nuestros servicios.&nbsp;<\/li>\n<li data-start=\"1294\" data-end=\"1502\"><strong data-start=\"1296\" data-end=\"1365\">Cookies de publicidad y redes sociales<\/strong>: Son utilizadas por terceros para mostrar anuncios relevantes o facilitar la interacci\u00f3n con redes sociales como Instagram.&nbsp;<\/li>\n<\/ul>\n<div><br><\/div>\n<h3 data-start=\"1504\" data-end=\"1552\"><strong data-start=\"1508\" data-end=\"1550\">\u00bfC\u00f3mo puedes Gestionarlas?<\/strong><\/h3>\n<p data-start=\"1553\" data-end=\"1767\"><strong>Puedes aceptar, rechazar o configurar el uso de cookies desde el banner que aparece al entrar en nuestra web.<\/strong> Adem\u00e1s, puedes modificar tus preferencias en cualquier momento desde la configuraci\u00f3n de tu navegador:<\/p>\n<ul data-start=\"1769\" data-end=\"2208\">\n<li data-start=\"1769\" data-end=\"1870\"><strong data-start=\"1771\" data-end=\"1788\">Google Chrome<\/strong>: <a target=\"_new\" rel=\"noopener\" data-start=\"1790\" data-end=\"1868\">Enlace a configuraci\u00f3n<\/a><\/li>\n<li data-start=\"1871\" data-end=\"1978\"><strong data-start=\"1873\" data-end=\"1892\">Mozilla Firefox<\/strong>: <a href=\"https:\/\/support.mozilla.org\/es\/kb\/Deshabilitar%20cookies\" target=\"_new\" rel=\"noopener\" data-start=\"1894\" data-end=\"1976\">Enlace a configuraci\u00f3n<\/a><\/li>\n<li data-start=\"1979\" data-end=\"2079\"><strong data-start=\"1981\" data-end=\"1991\">Safari<\/strong>: <a href=\"https:\/\/support.apple.com\/es-es\/guide\/safari\/sfri11471\/mac\" target=\"_new\" rel=\"noopener\" data-start=\"1993\" data-end=\"2077\">Enlace a configuraci\u00f3n<\/a><\/li>\n<li data-start=\"2080\" data-end=\"2208\"><strong data-start=\"2082\" data-end=\"2100\">Microsoft Edge<\/strong>: <a href=\"https:\/\/support.microsoft.com\/es-es\/help\/4027947\/microsoft-edge-delete-cookies\" target=\"_new\" rel=\"noopener\" data-start=\"2102\" data-end=\"2206\">Enlace a configuraci\u00f3n<\/a><\/li>\n<\/ul>\n<p data-start=\"2210\" data-end=\"2309\">Si tienes dudas sobre nuestra Pol\u00edtica de Cookies, puedes contactarnos en <b>info@barcinovintagefactory<\/b><strong>.com.<\/strong><\/p>\n<p data-start=\"2210\" data-end=\"2309\"><strong><br><\/strong><\/p>\n<h6><span style=\"font-size: 1.7em; font-weight: bold;\">Cookies Indispensables<\/span><\/h6>\n<div>\n<div>\n<div>\n<div>\n<p>Las cookies indispensables ayudan a la p\u00e1gina a funcionar de manera normal habilitando las funcionalidades b\u00e1sicas de navegaci\u00f3n y acceso seguro a tu sitio. Sin estas cookies, la p\u00e1gina podr\u00eda no funcionar correctamente.<\/p>\n<\/div>\n<\/div>\n<\/div>\n<div>\n<div>\n<div>\n<div>\n<div>\n<div>&nbsp;<\/div>\n<\/div>\n<\/div>\n<\/div>\n<\/div>\n<\/div>\n<div>\n<div>\n<table>\n<thead>\n<tr>\n<th scope=\"col\" data-polaris-header-cell=\"true\">&nbsp;NOMBRE<\/th>\n<th scope=\"col\" data-polaris-header-cell=\"true\">&nbsp;DESCRIPCI\u00d3N<\/th>\n<th scope=\"col\" data-polaris-header-cell=\"true\">TIPO<\/th>\n<\/tr>\n<\/thead>\n<tbody>\n<tr>\n<th scope=\"row\">wp_woocommerce_session_b356a5ed5f748c8fe0bd3ebaa2526895<\/th>\n<td>Stores session data for WooCommerce to track the user&#8217;s cart and session information across pages.<\/td>\n<td>Essential<\/td>\n<\/tr>\n<tr>\n<th scope=\"row\">wp_lang<\/th>\n<td>Stores the language setting for your WordPress site.<\/td>\n<td>Essential<\/td>\n<\/tr>\n<tr>\n<th scope=\"row\">wp-settings-time-1<\/th>\n<td>WordPress user settings, generally related to the admin area for personalization.<\/td>\n<td>Essential<\/td>\n<\/tr>\n<tr>\n<th scope=\"row\">wp-settings-1<\/th>\n<td>WordPress user settings, generally related to the admin area for personalization.<\/td>\n<td>Essential<\/td>\n<\/tr>\n<tr>\n<th scope=\"row\">wordpress_test_cookie<\/th>\n<td>Used to check if cookies are enabled in the browser.<\/td>\n<td>Essential<\/td>\n<\/tr>\n<tr>\n<th scope=\"row\">wordpress_sec_b356a5ed5f748c8fe0bd3ebaa2526895<\/th>\n<td>Stores session data to keep users logged in securely when they&#8217;re accessing the admin or user areas.<\/td>\n<td>Essential<\/td>\n<\/tr>\n<tr>\n<th scope=\"row\">wordpress_sec_b356a5ed5f748c8fe0bd3ebaa2526895<\/th>\n<td>Stores session data to keep users logged in securely when they&#8217;re accessing the admin or user areas.&nbsp;<\/td>\n<td>Essential<\/td>\n<\/tr>\n<tr>\n<th scope=\"row\"><strong data-start=\"746\" data-end=\"772\">wordpress_logged_in_*<\/strong><\/th>\n<td>Used to indicate if a user is logged in to WordPress.<\/td>\n<td>Essential<\/td>\n<\/tr>\n<tr>\n<th scope=\"row\">woocommerce_items_in_cart<\/th>\n<td>Related to WooCommerce, tracks items in the shopping cart and any changes made to the cart.<\/td>\n<td>Essential<\/td>\n<\/tr>\n<tr>\n<th scope=\"row\">woocommerce_cart_hash<\/th>\n<td>Related to WooCommerce, tracks items in the shopping cart and any changes made to the cart.<\/td>\n<td>Essential<\/td>\n<\/tr>\n<tr>\n<th scope=\"row\">tk_r3d<\/th>\n<td>These are related to Jetpack or other third-party tracking services for site analytics.<\/td>\n<td>Essential<\/td>\n<\/tr>\n<tr>\n<th scope=\"row\">tk_qs<\/th>\n<td>These are related to Jetpack or other third-party tracking services for site analytics.<\/td>\n<td>Essential<\/td>\n<\/tr>\n<tr>\n<th scope=\"row\">tk_or<\/th>\n<td>These are related to Jetpack or other third-party tracking services for site analytics.&nbsp;<\/td>\n<td>Essential<\/td>\n<\/tr>\n<tr>\n<th scope=\"row\">tk_lr<\/th>\n<td>These are related to Jetpack or other third-party tracking services for site analytics.<\/td>\n<td>Essential<\/td>\n<\/tr>\n<tr>\n<th scope=\"row\">tk_lr<\/th>\n<td>These are related to Jetpack or other third-party tracking services for site analytics.<\/td>\n<td>Essential<\/td>\n<\/tr>\n<tr>\n<th scope=\"row\">tk_ai<\/th>\n<td>These are related to Jetpack or other third-party tracking services for site analytics.<\/td>\n<td>Essential<\/td>\n<\/tr>\n<tr>\n<th scope=\"row\">sbjs_udata<\/th>\n<td>Tracking cookie from a third-party service (likely for marketing or behavioral analytics).<\/td>\n<td>Essential<\/td>\n<\/tr>\n<tr>\n<th scope=\"row\">sbjs_udata<\/th>\n<td>Tracking cookie from a third-party service (likely for marketing or behavioral analytics).<\/td>\n<td>Essential<\/td>\n<\/tr>\n<tr>\n<th scope=\"row\">sbjs_session<\/th>\n<td>Keeps track of session data for the sbjs (likely related to marketing tools).<\/td>\n<td>Essential<\/td>\n<\/tr>\n<tr>\n<th scope=\"row\">sbjs_migrations<\/th>\n<td>Related to data migrations or changes in the tracking system.<\/td>\n<td>Essential<\/td>\n<\/tr>\n<tr>\n<th scope=\"row\">sbjs_first_add<\/th>\n<td>Stores the first time a user interacts with a specific element on the page, such as a product or banner.<\/td>\n<td>Essential<\/td>\n<\/tr>\n<tr>\n<th scope=\"row\">sbjs_first<\/th>\n<td>Tracks the user&#8217;s first visit to your site or their first interaction, which is useful for behavior analysis<\/td>\n<td>Essential<\/td>\n<\/tr>\n<\/tbody>\n<\/table>\n<\/div>\n<div>\n<div>\n<table>\n<thead>\n<tr>\n<th scope=\"col\" data-polaris-header-cell=\"true\">sbjs_current_add<\/th>\n<th scope=\"col\" data-polaris-header-cell=\"true\"><span style=\"font-weight: normal;\">Stores information about the user\u2019s most recent interaction with a specific element or product on the current page.<\/span><\/th>\n<th scope=\"col\" data-polaris-header-cell=\"true\">&nbsp;<span style=\"font-weight: normal;\">Essential<\/span><\/th>\n<\/tr>\n<\/thead>\n<tbody>\n<tr>\n<th scope=\"row\">sbjs_current<\/th>\n<td>Stores information about the user&#8217;s current session and how they interact with your site in real-time.<\/td>\n<td>Essential<\/td>\n<\/tr>\n<tr>\n<th scope=\"row\">sbjs_current<\/th>\n<td>Stores information about the user&#8217;s current session and how they interact with your site in real-time.<\/td>\n<td>Essential<\/td>\n<\/tr>\n<tr>\n<th scope=\"row\">mailpoet_subscriber<\/th>\n<td>These are MailPoet-related cookies for tracking subscriptions and email campaigns.<\/td>\n<td>Essential<\/td>\n<\/tr>\n<tr>\n<th scope=\"row\">mailpoet_page_view<\/th>\n<td>These are MailPoet-related cookies for tracking subscriptions and email campaigns.<\/td>\n<td>Essential<\/td>\n<\/tr>\n<tr>\n<th scope=\"row\">cookie_notice_accepted<\/th>\n<td>Indicates that the user has accepted your site&#8217;s cookie notice.<\/td>\n<td>Essential<\/td>\n<\/tr>\n<tr>\n<th scope=\"row\">__stripe_sid<\/th>\n<td>Stripe payment session cookies used for secure payment processing.<\/td>\n<td>Essential<\/td>\n<\/tr>\n<tr>\n<th scope=\"row\">__stripe_mid<\/th>\n<td>Stripe payment session cookies used for secure payment processing.<\/td>\n<td>Essential<\/td>\n<\/tr>\n<tr>\n<th scope=\"row\">__ssid<\/th>\n<td>Another session identifier, likely for user tracking or additional security.<\/td>\n<td>Essential<\/td>\n<\/tr>\n<tr>\n<th scope=\"row\">&nbsp;<\/th>\n<td>&nbsp;<\/td>\n<td>&nbsp;<\/td>\n<\/tr>\n<tr>\n<th scope=\"row\">&nbsp;<\/th>\n<td>&nbsp;<\/td>\n<td>&nbsp;<\/td>\n<\/tr>\n<tr>\n<th scope=\"row\">&nbsp;<\/th>\n<td>&nbsp;<\/td>\n<td>&nbsp;<\/td>\n<\/tr>\n<tr>\n<th scope=\"row\">&nbsp;<\/th>\n<td>&nbsp;<\/td>\n<td>&nbsp;<\/td>\n<\/tr>\n<tr>\n<th scope=\"row\">&nbsp;<\/th>\n<td>&nbsp;<\/td>\n<td>&nbsp;<\/td>\n<\/tr>\n<tr>\n<th scope=\"row\">&nbsp;<\/th>\n<td>&nbsp;<\/td>\n<td>&nbsp;<\/td>\n<\/tr>\n<tr>\n<th scope=\"row\">&nbsp;<\/th>\n<td>&nbsp;<\/td>\n<td>&nbsp;<\/td>\n<\/tr>\n<tr>\n<th scope=\"row\">&nbsp;<\/th>\n<td>&nbsp;<\/td>\n<td>&nbsp;<\/td>\n<\/tr>\n<tr>\n<th scope=\"row\">&nbsp;<\/th>\n<td>&nbsp;<\/td>\n<td>&nbsp;<\/td>\n<\/tr>\n<tr>\n<th scope=\"row\">&nbsp;<\/th>\n<td>&nbsp;<\/td>\n<td>&nbsp;<\/td>\n<\/tr>\n<tr>\n<th scope=\"row\">&nbsp;<\/th>\n<td>&nbsp;<\/td>\n<td>&nbsp;<\/td>\n<\/tr>\n<tr>\n<th scope=\"row\">&nbsp;<\/th>\n<td>&nbsp;<\/td>\n<td>&nbsp;<\/td>\n<\/tr>\n<tr>\n<th scope=\"row\">&nbsp;<\/th>\n<td>&nbsp;<\/td>\n<td>&nbsp;<\/td>\n<\/tr>\n<tr>\n<th scope=\"row\">&nbsp;<\/th>\n<td>&nbsp;<\/td>\n<td>&nbsp;<\/td>\n<\/tr>\n<\/tbody>\n<\/table>\n<\/div>\n<div>&nbsp;<\/div>\n<div>&nbsp;<\/div>\n<\/div>\n<div>\n<div>\n<div>\n<div>\n<div>\n<div>&nbsp;<\/div>\n<\/div>\n<\/div>\n<\/div>\n<\/div>\n<\/div>\n<\/div>\n<\/div>\t\t\t\t\t\t\t\t<\/div>\n\t\t\t\t\t<\/div>\n\t\t\t\t<\/div>\n\t\t\t\t<\/div>\n\t\t","protected":false},"excerpt":{"rendered":"<p>Pol\u00edtica de cookies \u00daltima actualizaci\u00f3n: [18\/3\/2025] En Barcino Vintage Factory, utilizamos cookies para garantizar el correcto funcionamiento de nuestra web y mejorar la experiencia de usuario. A continuaci\u00f3n, te explicamos qu\u00e9 son las cookies, qu\u00e9 tipos utilizamos y c\u00f3mo puedes gestionarlas. \u00bfQu\u00e9 son las Cookies? Las cookies son peque\u00f1os archivos de texto que se almacenan [&hellip;]<\/p>\n","protected":false},"author":1,"featured_media":0,"parent":0,"menu_order":0,"comment_status":"closed","ping_status":"closed","template":"","meta":{"site-sidebar-layout":"no-sidebar","site-content-layout":"page-builder","ast-site-content-layout":"full-width-container","site-content-style":"default","site-sidebar-style":"default","ast-global-header-display":"","ast-banner-title-visibility":"","ast-main-header-display":"","ast-hfb-above-header-display":"","ast-hfb-below-header-display":"","ast-hfb-mobile-header-display":"","site-post-title":"disabled","ast-breadcrumbs-content":"","ast-featured-img":"disabled","footer-sml-layout":"","ast-disable-related-posts":"","theme-transparent-header-meta":"","adv-header-id-meta":"","stick-header-meta":"","header-above-stick-meta":"","header-main-stick-meta":"","header-below-stick-meta":"","astra-migrate-meta-layouts":"set","ast-page-background-enabled":"default","ast-page-background-meta":{"desktop":{"background-color":"","background-image":"","background-repeat":"repeat","background-position":"center center","background-size":"auto","background-attachment":"scroll","background-type":"","background-media":"","overlay-type":"","overlay-color":"","overlay-opacity":"","overlay-gradient":""},"tablet":{"background-color":"","background-image":"","background-repeat":"repeat","background-position":"center center","background-size":"auto","background-attachment":"scroll","background-type":"","background-media":"","overlay-type":"","overlay-color":"","overlay-opacity":"","overlay-gradient":""},"mobile":{"background-color":"","background-image":"","background-repeat":"repeat","background-position":"center center","background-size":"auto","background-attachment":"scroll","background-type":"","background-media":"","overlay-type":"","overlay-color":"","overlay-opacity":"","overlay-gradient":""}},"ast-content-background-meta":{"desktop":{"background-color":"var(--ast-global-color-5)","background-image":"","background-repeat":"repeat","background-position":"center center","background-size":"auto","background-attachment":"scroll","background-type":"","background-media":"","overlay-type":"","overlay-color":"","overlay-opacity":"","overlay-gradient":""},"tablet":{"background-color":"var(--ast-global-color-5)","background-image":"","background-repeat":"repeat","background-position":"center center","background-size":"auto","background-attachment":"scroll","background-type":"","background-media":"","overlay-type":"","overlay-color":"","overlay-opacity":"","overlay-gradient":""},"mobile":{"background-color":"var(--ast-global-color-5)","background-image":"","background-repeat":"repeat","background-position":"center center","background-size":"auto","background-attachment":"scroll","background-type":"","background-media":"","overlay-type":"","overlay-color":"","overlay-opacity":"","overlay-gradient":""}},"footnotes":""},"class_list":["post-2454","page","type-page","status-publish","hentry"],"yoast_head":"<!-- This site is optimized with the Yoast SEO plugin v27.1.1 - https:\/\/yoast.com\/product\/yoast-seo-wordpress\/ -->\n<title>Pol\u00edtica de cookies - Barcino Vintage Factory<\/title>\n<meta name=\"robots\" content=\"index, follow, max-snippet:-1, max-image-preview:large, max-video-preview:-1\" \/>\n<link rel=\"canonical\" href=\"https:\/\/barcinovintagefactory.com\/en\/politica-de-cookies\/\" \/>\n<meta property=\"og:locale\" content=\"en_GB\" \/>\n<meta property=\"og:type\" content=\"article\" \/>\n<meta property=\"og:title\" content=\"Pol\u00edtica de cookies - Barcino Vintage Factory\" \/>\n<meta property=\"og:description\" content=\"Pol\u00edtica de cookies \u00daltima actualizaci\u00f3n: [18\/3\/2025] En Barcino Vintage Factory, utilizamos cookies para garantizar el correcto funcionamiento de nuestra web y mejorar la experiencia de usuario. A continuaci\u00f3n, te explicamos qu\u00e9 son las cookies, qu\u00e9 tipos utilizamos y c\u00f3mo puedes gestionarlas. \u00bfQu\u00e9 son las Cookies? Las cookies son peque\u00f1os archivos de texto que se almacenan [&hellip;]\" \/>\n<meta property=\"og:url\" content=\"https:\/\/barcinovintagefactory.com\/en\/politica-de-cookies\/\" \/>\n<meta property=\"og:site_name\" content=\"Barcino Vintage Factory\" \/>\n<meta property=\"article:modified_time\" content=\"2025-03-24T23:00:42+00:00\" \/>\n<meta name=\"twitter:card\" content=\"summary_large_image\" \/>\n<meta name=\"twitter:label1\" content=\"Estimated reading time\" \/>\n\t<meta name=\"twitter:data1\" content=\"5 minutes\" \/>\n<script type=\"application\/ld+json\" class=\"yoast-schema-graph\">{\"@context\":\"https:\/\/schema.org\",\"@graph\":[{\"@type\":\"WebPage\",\"@id\":\"https:\/\/barcinovintagefactory.com\/politica-de-cookies\/\",\"url\":\"https:\/\/barcinovintagefactory.com\/politica-de-cookies\/\",\"name\":\"Pol\u00edtica de cookies - Barcino Vintage Factory\",\"isPartOf\":{\"@id\":\"https:\/\/barcinovintagefactory.com\/#website\"},\"datePublished\":\"2025-03-05T15:55:21+00:00\",\"dateModified\":\"2025-03-24T23:00:42+00:00\",\"breadcrumb\":{\"@id\":\"https:\/\/barcinovintagefactory.com\/politica-de-cookies\/#breadcrumb\"},\"inLanguage\":\"en-GB\",\"potentialAction\":[{\"@type\":\"ReadAction\",\"target\":[\"https:\/\/barcinovintagefactory.com\/politica-de-cookies\/\"]}]},{\"@type\":\"BreadcrumbList\",\"@id\":\"https:\/\/barcinovintagefactory.com\/politica-de-cookies\/#breadcrumb\",\"itemListElement\":[{\"@type\":\"ListItem\",\"position\":1,\"name\":\"Portada\",\"item\":\"https:\/\/barcinovintagefactory.com\/\"},{\"@type\":\"ListItem\",\"position\":2,\"name\":\"Pol\u00edtica de cookies\"}]},{\"@type\":\"WebSite\",\"@id\":\"https:\/\/barcinovintagefactory.com\/#website\",\"url\":\"https:\/\/barcinovintagefactory.com\/\",\"name\":\"Barcino Vintage Factory\",\"description\":\"Tienda de ropa vintage Barcelona, Espa\u00f1a. DROP DIARIO a las 12:30 PM + de 30 prendas nuevas cada semana\",\"publisher\":{\"@id\":\"https:\/\/barcinovintagefactory.com\/#organization\"},\"potentialAction\":[{\"@type\":\"SearchAction\",\"target\":{\"@type\":\"EntryPoint\",\"urlTemplate\":\"https:\/\/barcinovintagefactory.com\/?s={search_term_string}\"},\"query-input\":{\"@type\":\"PropertyValueSpecification\",\"valueRequired\":true,\"valueName\":\"search_term_string\"}}],\"inLanguage\":\"en-GB\"},{\"@type\":\"Organization\",\"@id\":\"https:\/\/barcinovintagefactory.com\/#organization\",\"name\":\"Barcino Vintage Factory\",\"url\":\"https:\/\/barcinovintagefactory.com\/\",\"logo\":{\"@type\":\"ImageObject\",\"inLanguage\":\"en-GB\",\"@id\":\"https:\/\/barcinovintagefactory.com\/#\/schema\/logo\/image\/\",\"url\":\"https:\/\/barcinovintagefactory.com\/wp-content\/uploads\/2025\/03\/LOGO-BVF-FONDO-COLOR-1PEKENOyyyyyyyyyy.png\",\"contentUrl\":\"https:\/\/barcinovintagefactory.com\/wp-content\/uploads\/2025\/03\/LOGO-BVF-FONDO-COLOR-1PEKENOyyyyyyyyyy.png\",\"width\":1743,\"height\":1683,\"caption\":\"Barcino Vintage Factory\"},\"image\":{\"@id\":\"https:\/\/barcinovintagefactory.com\/#\/schema\/logo\/image\/\"},\"sameAs\":[\"https:\/\/www.tiktok.com\/@barcinovintagefactory\",\"https:\/\/es.pinterest.com\/BarcinoVintageFactory\",\"https:\/\/www.instagram.com\/barcino.vintagefactory\/\"]}]}<\/script>\n<!-- \/ Yoast SEO plugin. -->","yoast_head_json":{"title":"Pol\u00edtica de cookies - Barcino Vintage Factory","robots":{"index":"index","follow":"follow","max-snippet":"max-snippet:-1","max-image-preview":"max-image-preview:large","max-video-preview":"max-video-preview:-1"},"canonical":"https:\/\/barcinovintagefactory.com\/en\/politica-de-cookies\/","og_locale":"en_GB","og_type":"article","og_title":"Pol\u00edtica de cookies - Barcino Vintage Factory","og_description":"Pol\u00edtica de cookies \u00daltima actualizaci\u00f3n: [18\/3\/2025] En Barcino Vintage Factory, utilizamos cookies para garantizar el correcto funcionamiento de nuestra web y mejorar la experiencia de usuario. A continuaci\u00f3n, te explicamos qu\u00e9 son las cookies, qu\u00e9 tipos utilizamos y c\u00f3mo puedes gestionarlas. \u00bfQu\u00e9 son las Cookies? Las cookies son peque\u00f1os archivos de texto que se almacenan [&hellip;]","og_url":"https:\/\/barcinovintagefactory.com\/en\/politica-de-cookies\/","og_site_name":"Barcino Vintage Factory","article_modified_time":"2025-03-24T23:00:42+00:00","twitter_card":"summary_large_image","twitter_misc":{"Estimated reading time":"5 minutes"},"schema":{"@context":"https:\/\/schema.org","@graph":[{"@type":"WebPage","@id":"https:\/\/barcinovintagefactory.com\/politica-de-cookies\/","url":"https:\/\/barcinovintagefactory.com\/politica-de-cookies\/","name":"Pol\u00edtica de cookies - Barcino Vintage Factory","isPartOf":{"@id":"https:\/\/barcinovintagefactory.com\/#website"},"datePublished":"2025-03-05T15:55:21+00:00","dateModified":"2025-03-24T23:00:42+00:00","breadcrumb":{"@id":"https:\/\/barcinovintagefactory.com\/politica-de-cookies\/#breadcrumb"},"inLanguage":"en-GB","potentialAction":[{"@type":"ReadAction","target":["https:\/\/barcinovintagefactory.com\/politica-de-cookies\/"]}]},{"@type":"BreadcrumbList","@id":"https:\/\/barcinovintagefactory.com\/politica-de-cookies\/#breadcrumb","itemListElement":[{"@type":"ListItem","position":1,"name":"Portada","item":"https:\/\/barcinovintagefactory.com\/"},{"@type":"ListItem","position":2,"name":"Pol\u00edtica de cookies"}]},{"@type":"WebSite","@id":"https:\/\/barcinovintagefactory.com\/#website","url":"https:\/\/barcinovintagefactory.com\/","name":"Barcino Vintage Factory","description":"Tienda de ropa vintage Barcelona, Espa\u00f1a. DROP DIARIO a las 12:30 PM + de 30 prendas nuevas cada semana","publisher":{"@id":"https:\/\/barcinovintagefactory.com\/#organization"},"potentialAction":[{"@type":"SearchAction","target":{"@type":"EntryPoint","urlTemplate":"https:\/\/barcinovintagefactory.com\/?s={search_term_string}"},"query-input":{"@type":"PropertyValueSpecification","valueRequired":true,"valueName":"search_term_string"}}],"inLanguage":"en-GB"},{"@type":"Organization","@id":"https:\/\/barcinovintagefactory.com\/#organization","name":"Barcino Vintage Factory","url":"https:\/\/barcinovintagefactory.com\/","logo":{"@type":"ImageObject","inLanguage":"en-GB","@id":"https:\/\/barcinovintagefactory.com\/#\/schema\/logo\/image\/","url":"https:\/\/barcinovintagefactory.com\/wp-content\/uploads\/2025\/03\/LOGO-BVF-FONDO-COLOR-1PEKENOyyyyyyyyyy.png","contentUrl":"https:\/\/barcinovintagefactory.com\/wp-content\/uploads\/2025\/03\/LOGO-BVF-FONDO-COLOR-1PEKENOyyyyyyyyyy.png","width":1743,"height":1683,"caption":"Barcino Vintage Factory"},"image":{"@id":"https:\/\/barcinovintagefactory.com\/#\/schema\/logo\/image\/"},"sameAs":["https:\/\/www.tiktok.com\/@barcinovintagefactory","https:\/\/es.pinterest.com\/BarcinoVintageFactory","https:\/\/www.instagram.com\/barcino.vintagefactory\/"]}]}},"jetpack_sharing_enabled":true,"_links":{"self":[{"href":"https:\/\/barcinovintagefactory.com\/en\/wp-json\/wp\/v2\/pages\/2454","targetHints":{"allow":["GET"]}}],"collection":[{"href":"https:\/\/barcinovintagefactory.com\/en\/wp-json\/wp\/v2\/pages"}],"about":[{"href":"https:\/\/barcinovintagefactory.com\/en\/wp-json\/wp\/v2\/types\/page"}],"author":[{"embeddable":true,"href":"https:\/\/barcinovintagefactory.com\/en\/wp-json\/wp\/v2\/users\/1"}],"replies":[{"embeddable":true,"href":"https:\/\/barcinovintagefactory.com\/en\/wp-json\/wp\/v2\/comments?post=2454"}],"version-history":[{"count":43,"href":"https:\/\/barcinovintagefactory.com\/en\/wp-json\/wp\/v2\/pages\/2454\/revisions"}],"predecessor-version":[{"id":4777,"href":"https:\/\/barcinovintagefactory.com\/en\/wp-json\/wp\/v2\/pages\/2454\/revisions\/4777"}],"wp:attachment":[{"href":"https:\/\/barcinovintagefactory.com\/en\/wp-json\/wp\/v2\/media?parent=2454"}],"curies":[{"name":"wp","href":"https:\/\/api.w.org\/{rel}","templated":true}]}}