{"id":3026,"date":"2025-03-13T01:27:27","date_gmt":"2025-03-13T00:27:27","guid":{"rendered":"https:\/\/barcinovintagefactory.com\/?page_id=3026"},"modified":"2025-03-24T23:58:06","modified_gmt":"2025-03-24T22:58:06","slug":"aviso-legal","status":"publish","type":"page","link":"https:\/\/barcinovintagefactory.com\/en\/aviso-legal\/","title":{"rendered":"Legal Notice"},"content":{"rendered":"\t\t<div data-elementor-type=\"wp-page\" data-elementor-id=\"3026\" class=\"elementor elementor-3026\">\n\t\t\t\t<div class=\"elementor-element elementor-element-302c613 e-flex e-con-boxed e-con e-parent\" data-id=\"302c613\" data-element_type=\"container\">\n\t\t\t\t\t<div class=\"e-con-inner\">\n\t\t\t\t\t<\/div>\n\t\t\t\t<\/div>\n\t\t<div class=\"elementor-element elementor-element-7cde3a4 e-flex e-con-boxed e-con e-parent\" data-id=\"7cde3a4\" data-element_type=\"container\">\n\t\t\t\t\t<div class=\"e-con-inner\">\n\t\t\t\t\t<\/div>\n\t\t\t\t<\/div>\n\t\t<div class=\"elementor-element elementor-element-8750f5c e-flex e-con-boxed e-con e-parent\" data-id=\"8750f5c\" data-element_type=\"container\">\n\t\t\t\t\t<div class=\"e-con-inner\">\n\t\t\t\t\t<\/div>\n\t\t\t\t<\/div>\n\t\t<div class=\"elementor-element elementor-element-5bed1c7 e-flex e-con-boxed e-con e-parent\" data-id=\"5bed1c7\" data-element_type=\"container\">\n\t\t\t\t\t<div class=\"e-con-inner\">\n\t\t\t\t\t<\/div>\n\t\t\t\t<\/div>\n\t\t<div class=\"elementor-element elementor-element-152807b e-flex e-con-boxed e-con e-parent\" data-id=\"152807b\" data-element_type=\"container\">\n\t\t\t\t\t<div class=\"e-con-inner\">\n\t\t\t\t<div class=\"elementor-element elementor-element-4a10a2d elementor-widget elementor-widget-heading\" data-id=\"4a10a2d\" data-element_type=\"widget\" data-widget_type=\"heading.default\">\n\t\t\t\t\t<h2 class=\"elementor-heading-title elementor-size-default\">Aviso Legal<\/h2>\t\t\t\t<\/div>\n\t\t<div class=\"elementor-element elementor-element-6065fff e-con-full e-flex e-con e-child\" data-id=\"6065fff\" data-element_type=\"container\">\n\t\t\t\t<div class=\"elementor-element elementor-element-897081f elementor-widget elementor-widget-text-editor\" data-id=\"897081f\" data-element_type=\"widget\" data-widget_type=\"text-editor.default\">\n\t\t\t\t\t\t\t\t\t<p><strong>\u00daltima actualizaci\u00f3n: [18\/3\/2025]<\/strong><\/p>\n<p data-start=\"163\" data-end=\"345\">Bienvenida\/o a Barcino Vintage Factory (en adelante tambi\u00e9n, \u201cel sitio web\u201d). A continuaci\u00f3n, te proporcionamos la informaci\u00f3n legal necesaria sobre nuestra web y el uso que hacemos de ella.<\/p>\n<p data-start=\"163\" data-end=\"345\"><br><\/p>\n<h3 data-start=\"347\" data-end=\"380\"><strong data-start=\"350\" data-end=\"378\">Datos del Responsable&nbsp;<\/strong><\/h3>\n<p data-start=\"381\" data-end=\"558\"><span style=\"color: var(--ast-global-color-3); font-style: inherit; font-weight: inherit;\">Se informa que esta web es propiedad de:<\/span><\/p>\n<ul data-start=\"560\" data-end=\"757\">\n<li data-start=\"560\" data-end=\"611\"><strong data-start=\"562\" data-end=\"574\">Titular: <\/strong><span data-start=\"562\" data-end=\"574\">Jennifer Chorrero Soler<\/span><\/li>\n<li data-start=\"612\" data-end=\"665\"><strong data-start=\"614\" data-end=\"626\">NIF\/CIF: <\/strong><span data-start=\"614\" data-end=\"626\">43574476X<\/span><\/li>\n<li data-start=\"666\" data-end=\"706\"><strong data-start=\"668\" data-end=\"682\">Domicilio:<\/strong>&nbsp;Calle Cubellas1, 08031, Barcelona, Espa\u00f1a<\/li>\n<li data-start=\"707\" data-end=\"757\"><strong data-start=\"709\" data-end=\"732\">Correo electr\u00f3nico:<\/strong>&nbsp;info@barcinovintagefactory.com<\/li>\n<\/ul>\n<div><br><\/div>\n<div>\n<h3 style=\"font-style: normal;\" data-start=\"347\" data-end=\"380\"><span data-start=\"350\" data-end=\"378\">Protecci\u00f3n de datos<\/span><\/h3>\n<\/div>\n<div>\n<p style=\"font-size: 16px; font-style: normal; font-weight: 400;\" data-start=\"381\" data-end=\"558\">En cumplimiento con la Ley 34\/2002, de 11 de julio, de Servicios de la Sociedad de la Informaci\u00f3n y de Comercio Electr\u00f3nico (LSSI-CE), y en cumplimiento&nbsp;<span style=\"color: var(--ast-global-color-3); font-size: 1rem;\">de la Ley Org\u00e1nica 15\/1999, de Protecci\u00f3n de Datos de Car\u00e1cter Personal, se informa al titular de los datos que los mismos van a ser incorporados a un fichero automatizado, titularidad de Jennifer Chorrero Soler, con NIF 43574476X y actividad CNAE 4771<\/span><span style=\"color: var(--ast-global-color-3); font-size: 1rem; font-weight: bold;\">.<\/span><span style=\"font-style: inherit; font-weight: inherit; color: var(--ast-global-color-3);\">&nbsp;<\/span><span style=\"color: var(--ast-global-color-3); font-size: 1rem;\">Autorizando expresamente a esta el tratamiento de dichos datos con el fin de poder atender y resolver las solicitudes de consulta remitidas, as\u00ed como informarle de otros servicios ofrecidos por BARCINO VINTAGE FACTORY.&nbsp;<\/span><\/p>\n<p style=\"font-size: 16px; font-style: normal; font-weight: 400;\" data-start=\"381\" data-end=\"558\"><span style=\"color: var(--ast-global-color-3); font-style: inherit; font-weight: inherit;\">Asimismo, podr\u00e1n ser incluidos los datos que se pudieran generar mediante la relaci\u00f3n comercial que se establezca o se pudiera establecer. Los campos se\u00f1alados con asterisco (*) son de obligada cumplimentaci\u00f3n, en otro caso no podremos atender su consulta. El titular de los datos tiene reconocidos los derechos de acceso, rectificaci\u00f3n, cancelaci\u00f3n y oposici\u00f3n de sus datos, los cuales podr\u00e1n ser ejercitados por cualquier medio de comunicaci\u00f3n escrita que permita acreditar la identidad del interesado a Jennifer Chorrero Soler.<\/span><\/p>\n<p style=\"font-size: 16px; font-style: normal; font-weight: 400;\" data-start=\"381\" data-end=\"558\"><span style=\"color: var(--ast-global-color-3); font-style: inherit; font-weight: inherit;\"><br><\/span><\/p>\n<\/div>\n<h3 data-start=\"759\" data-end=\"789\"><strong data-start=\"762\" data-end=\"787\">Condiciones de Uso<\/strong><\/h3>\n<p data-start=\"790\" data-end=\"957\">El acceso y uso del Sitio Web atribuye la condici\u00f3n de usuario, lo que implica la aceptaci\u00f3n plena y sin reservas de las disposiciones incluidas en este Aviso Legal.&nbsp;<span style=\"font-style: inherit; font-weight: inherit; color: var(--ast-global-color-3);\">Como usuario, te comprometes a utilizar este sitio web conforme a la legislaci\u00f3n vigente y a no llevar a cabo actividades il\u00edcitas o que puedan perjudicar los derechos de terceros.&nbsp;<\/span><\/p>\n<p data-start=\"790\" data-end=\"957\">En cuanto a la propiedad intelectual e industrial, t<span style=\"color: var(--ast-global-color-3); font-style: inherit; font-weight: inherit;\">odos los contenidos de este sitio web (textos, im\u00e1genes, logos, dise\u00f1o, etc.) est\u00e1n protegidos por los derechos de propiedad intelectual e industrial. Queda prohibida su reproducci\u00f3n, distribuci\u00f3n o modificaci\u00f3n sin autorizaci\u00f3n expresa del titular.<\/span><\/p>\n<p data-start=\"790\" data-end=\"957\"><span style=\"color: var(--ast-global-color-3); font-style: inherit; font-weight: inherit;\"><br><\/span><\/p>\n<h3 data-start=\"1444\" data-end=\"1484\"><strong data-start=\"1447\" data-end=\"1482\">Exclusi\u00f3n de Responsabilidad<\/strong><\/h3>\n<p data-start=\"1485\" data-end=\"1536\">El titular de esta web no se hace responsable de:<\/p>\n<ul data-start=\"1538\" data-end=\"1746\">\n<li data-start=\"1538\" data-end=\"1597\">La falta de disponibilidad o continuidad del Sitio Web.<\/li>\n<li data-start=\"1598\" data-end=\"1665\">Cualquier da\u00f1o o perjuicio derivado del acceso o uso de la web.<\/li>\n<li data-start=\"1666\" data-end=\"1746\">Contenidos de terceros a los que se pueda acceder mediante enlaces externos.<\/li>\n<\/ul>\n<div><br><\/div>\n<h3 data-start=\"1748\" data-end=\"1796\"><strong data-start=\"1751\" data-end=\"1794\">Legislaci\u00f3n Aplicable y Jurisdicci\u00f3n<\/strong><\/h3>\n<p data-start=\"1797\" data-end=\"1967\">Para cualquier controversia relacionada con este Sitio Web se aplicar\u00e1 la legislaci\u00f3n espa\u00f1ola y ser\u00e1n competentes los Juzgados y Tribunales de Barcelona, Catalu\u00f1a, Espa\u00f1a.<\/p>\n<p data-start=\"1969\" data-end=\"2065\">Para cualquier consulta sobre este Aviso Legal, puedes contactarnos en <b>info@barcinovintagefactory.com.<\/b><\/p>\n<p data-start=\"1969\" data-end=\"2065\"><b><br><\/b><\/p>\n<h4>Pagos<\/h4>\n<p>TARJETA DE CR\u00c9DITO\/D\u00c9BITO: El pago online mediante tarjeta de cr\u00e9dito\/d\u00e9bito es la forma m\u00e1s sencilla, r\u00e1pida y segura de realizar tu compra. Una vez nos hayas facilitado los datos necesarios para hacer efectivo el pago, a trav\u00e9s de nuestros formularios de compra, la tramitaci\u00f3n de tu pedido se pondr\u00e1 en marcha inmediatamente.<\/p>\n<p><br><\/p>\n<h4>Env\u00edo<\/h4>\n<p>Los gastos de env\u00edo pueden variar en funci\u00f3n del lugar en el que te encuentras y los diferentes precios ofertados por nuestras compa\u00f1\u00edas de env\u00edo en los diferentes momentos. Puedes comprobar cu\u00e1l es el precio haciendo un simulacro de compra en nuestra web.<\/p>\n<p>Los env\u00edos a la pen\u00ednsula tardan entre 48\/72h normalmente.&nbsp;<\/p>\n<p>Los env\u00edos al resto de Espa\u00f1a pueden variar entre 2 y 10 d\u00edas.<\/p>\n<p>Los env\u00edos a la Uni\u00f3n Europea pueden variar entre 4\/14 d\u00edas.<\/p>\n<p><br><\/p>\n<h4>Devoluciones<\/h4>\n<p>Tendr\u00e1s 14 d\u00edas desde la recepci\u00f3n del paquete para realizar tu devoluci\u00f3n. Para cualquier duda o anomal\u00eda relacionada con nuestros art\u00edculos o env\u00edos, rogamos que te pongas en contacto con nosotros lo antes posible a trav\u00e9s de nuestro correo electr\u00f3nico. Es muy importante que nos indiques en todos los casos el n\u00famero de pedido para poder realizar la devoluci\u00f3n.<strong>&nbsp;Encontrar\u00e1s las instrucciones de devoluci\u00f3n en tu paquete.<\/strong>&nbsp;Te podemos hacer la devoluci\u00f3n del dinero en la misma forma en la que realizaste la compra (no incluye los gastos de env\u00edo). Los art\u00edculos que tengan un descuento igual o superior al 50% no se pueden cambiar ni devolver, de la misma manera que las prendas \u00edntimas y de ba\u00f1o no se pueden devolver por razones de higiene. En caso de devoluci\u00f3n, BARCINO VINTAGE FACTORY no es responsable del env\u00edo, a excepci\u00f3n de los casos excepcionales en los que el pedido recibido contiene un art\u00edculo da\u00f1ado cuyo desperfecto no est\u00e1 indicado en la descripci\u00f3n del producto en cuesti\u00f3n. En este caso, por favor, cont\u00e1ctanos lo antes posible escribiendo un email a: <b>info@barcinovintagefactory.com<\/b><\/p>\n<p><b><br><\/b><\/p>\n<h4>Otra Informaci\u00f3n Importante<\/h4>\n<h4><span style=\"font-size: 16px; font-style: inherit; color: var(--ast-global-color-3); font-weight: normal;\">Los precios expuestos en la tienda de BARCINO VINTAGE FACTORY incluyen los impuestos vigentes en el momento de la venta para productos de segunda mano. Todos los precios de nuestro cat\u00e1logo son v\u00e1lidos salvo error tipogr\u00e1fico. La informaci\u00f3n contenida en nuestra p\u00e1gina web ha sido cuidadosamente revisada; no obstante, y a pesar del seguimiento y controles realizados, puede darse el caso de que alg\u00fan dato est\u00e9 incompleto, incorrecto o simplemente no actualizado. En este caso, BARCINO VINTAGE FACTORY declina cualquier responsabilidad.<\/span><\/h4>\n<p>BARCINO VINTAGE FACTORY se reserva el derecho de revocar cualquier oferta o promoci\u00f3n siempre y cuando lo considere oportuno, y sin perjudicar de modo alguno los derechos del consumidor.<\/p>\n<p>Para cualquier duda o aclaraci\u00f3n, puedes dirigirte a nosotros a trav\u00e9s de nuestro correo electr\u00f3nico: <b>info@barcinovintagefactory.com<\/b><\/p>\n<p>\u00a9 Todos los derechos reservados: Barcino Vintage Factory<\/p>\t\t\t\t\t\t\t\t<\/div>\n\t\t\t\t<\/div>\n\t\t\t\t\t<\/div>\n\t\t\t\t<\/div>\n\t\t\t\t<\/div>\n\t\t","protected":false},"excerpt":{"rendered":"<p>Aviso Legal \u00daltima actualizaci\u00f3n: [18\/3\/2025] Bienvenida\/o a Barcino Vintage Factory (en adelante tambi\u00e9n, \u201cel sitio web\u201d). A continuaci\u00f3n, te proporcionamos la informaci\u00f3n legal necesaria sobre nuestra web y el uso que hacemos de ella. Datos del Responsable&nbsp; Se informa que esta web es propiedad de: Titular: Jennifer Chorrero Soler NIF\/CIF: 43574476X Domicilio:&nbsp;Calle Cubellas1, 08031, Barcelona, [&hellip;]<\/p>\n","protected":false},"author":1,"featured_media":0,"parent":0,"menu_order":0,"comment_status":"closed","ping_status":"closed","template":"","meta":{"site-sidebar-layout":"no-sidebar","site-content-layout":"page-builder","ast-site-content-layout":"full-width-container","site-content-style":"default","site-sidebar-style":"default","ast-global-header-display":"","ast-banner-title-visibility":"","ast-main-header-display":"","ast-hfb-above-header-display":"","ast-hfb-below-header-display":"","ast-hfb-mobile-header-display":"","site-post-title":"disabled","ast-breadcrumbs-content":"","ast-featured-img":"disabled","footer-sml-layout":"","ast-disable-related-posts":"","theme-transparent-header-meta":"","adv-header-id-meta":"","stick-header-meta":"","header-above-stick-meta":"","header-main-stick-meta":"","header-below-stick-meta":"","astra-migrate-meta-layouts":"set","ast-page-background-enabled":"default","ast-page-background-meta":{"desktop":{"background-color":"","background-image":"","background-repeat":"repeat","background-position":"center center","background-size":"auto","background-attachment":"scroll","background-type":"","background-media":"","overlay-type":"","overlay-color":"","overlay-opacity":"","overlay-gradient":""},"tablet":{"background-color":"","background-image":"","background-repeat":"repeat","background-position":"center center","background-size":"auto","background-attachment":"scroll","background-type":"","background-media":"","overlay-type":"","overlay-color":"","overlay-opacity":"","overlay-gradient":""},"mobile":{"background-color":"","background-image":"","background-repeat":"repeat","background-position":"center center","background-size":"auto","background-attachment":"scroll","background-type":"","background-media":"","overlay-type":"","overlay-color":"","overlay-opacity":"","overlay-gradient":""}},"ast-content-background-meta":{"desktop":{"background-color":"var(--ast-global-color-5)","background-image":"","background-repeat":"repeat","background-position":"center center","background-size":"auto","background-attachment":"scroll","background-type":"","background-media":"","overlay-type":"","overlay-color":"","overlay-opacity":"","overlay-gradient":""},"tablet":{"background-color":"var(--ast-global-color-5)","background-image":"","background-repeat":"repeat","background-position":"center center","background-size":"auto","background-attachment":"scroll","background-type":"","background-media":"","overlay-type":"","overlay-color":"","overlay-opacity":"","overlay-gradient":""},"mobile":{"background-color":"var(--ast-global-color-5)","background-image":"","background-repeat":"repeat","background-position":"center center","background-size":"auto","background-attachment":"scroll","background-type":"","background-media":"","overlay-type":"","overlay-color":"","overlay-opacity":"","overlay-gradient":""}},"footnotes":""},"class_list":["post-3026","page","type-page","status-publish","hentry"],"yoast_head":"<!-- This site is optimized with the Yoast SEO plugin v27.1.1 - https:\/\/yoast.com\/product\/yoast-seo-wordpress\/ -->\n<title>Aviso Legal - Barcino Vintage Factory<\/title>\n<meta name=\"robots\" content=\"index, follow, max-snippet:-1, max-image-preview:large, max-video-preview:-1\" \/>\n<link rel=\"canonical\" href=\"https:\/\/barcinovintagefactory.com\/en\/aviso-legal\/\" \/>\n<meta property=\"og:locale\" content=\"en_GB\" \/>\n<meta property=\"og:type\" content=\"article\" \/>\n<meta property=\"og:title\" content=\"Aviso Legal - Barcino Vintage Factory\" \/>\n<meta property=\"og:description\" content=\"Aviso Legal \u00daltima actualizaci\u00f3n: [18\/3\/2025] Bienvenida\/o a Barcino Vintage Factory (en adelante tambi\u00e9n, \u201cel sitio web\u201d). A continuaci\u00f3n, te proporcionamos la informaci\u00f3n legal necesaria sobre nuestra web y el uso que hacemos de ella. Datos del Responsable&nbsp; Se informa que esta web es propiedad de: Titular: Jennifer Chorrero Soler NIF\/CIF: 43574476X Domicilio:&nbsp;Calle Cubellas1, 08031, Barcelona, [&hellip;]\" \/>\n<meta property=\"og:url\" content=\"https:\/\/barcinovintagefactory.com\/en\/aviso-legal\/\" \/>\n<meta property=\"og:site_name\" content=\"Barcino Vintage Factory\" \/>\n<meta property=\"article:modified_time\" content=\"2025-03-24T22:58:06+00:00\" \/>\n<meta name=\"twitter:card\" content=\"summary_large_image\" \/>\n<meta name=\"twitter:label1\" content=\"Estimated reading time\" \/>\n\t<meta name=\"twitter:data1\" content=\"5 minutes\" \/>\n<script type=\"application\/ld+json\" class=\"yoast-schema-graph\">{\"@context\":\"https:\/\/schema.org\",\"@graph\":[{\"@type\":\"WebPage\",\"@id\":\"https:\/\/barcinovintagefactory.com\/aviso-legal\/\",\"url\":\"https:\/\/barcinovintagefactory.com\/aviso-legal\/\",\"name\":\"Aviso Legal - Barcino Vintage Factory\",\"isPartOf\":{\"@id\":\"https:\/\/barcinovintagefactory.com\/#website\"},\"datePublished\":\"2025-03-13T00:27:27+00:00\",\"dateModified\":\"2025-03-24T22:58:06+00:00\",\"breadcrumb\":{\"@id\":\"https:\/\/barcinovintagefactory.com\/aviso-legal\/#breadcrumb\"},\"inLanguage\":\"en-GB\",\"potentialAction\":[{\"@type\":\"ReadAction\",\"target\":[\"https:\/\/barcinovintagefactory.com\/aviso-legal\/\"]}]},{\"@type\":\"BreadcrumbList\",\"@id\":\"https:\/\/barcinovintagefactory.com\/aviso-legal\/#breadcrumb\",\"itemListElement\":[{\"@type\":\"ListItem\",\"position\":1,\"name\":\"Portada\",\"item\":\"https:\/\/barcinovintagefactory.com\/\"},{\"@type\":\"ListItem\",\"position\":2,\"name\":\"Aviso Legal\"}]},{\"@type\":\"WebSite\",\"@id\":\"https:\/\/barcinovintagefactory.com\/#website\",\"url\":\"https:\/\/barcinovintagefactory.com\/\",\"name\":\"Barcino Vintage Factory\",\"description\":\"Tienda de ropa vintage Barcelona, Espa\u00f1a. DROP DIARIO a las 12:30 PM + de 30 prendas nuevas cada semana\",\"publisher\":{\"@id\":\"https:\/\/barcinovintagefactory.com\/#organization\"},\"potentialAction\":[{\"@type\":\"SearchAction\",\"target\":{\"@type\":\"EntryPoint\",\"urlTemplate\":\"https:\/\/barcinovintagefactory.com\/?s={search_term_string}\"},\"query-input\":{\"@type\":\"PropertyValueSpecification\",\"valueRequired\":true,\"valueName\":\"search_term_string\"}}],\"inLanguage\":\"en-GB\"},{\"@type\":\"Organization\",\"@id\":\"https:\/\/barcinovintagefactory.com\/#organization\",\"name\":\"Barcino Vintage Factory\",\"url\":\"https:\/\/barcinovintagefactory.com\/\",\"logo\":{\"@type\":\"ImageObject\",\"inLanguage\":\"en-GB\",\"@id\":\"https:\/\/barcinovintagefactory.com\/#\/schema\/logo\/image\/\",\"url\":\"https:\/\/barcinovintagefactory.com\/wp-content\/uploads\/2025\/03\/LOGO-BVF-FONDO-COLOR-1PEKENOyyyyyyyyyy.png\",\"contentUrl\":\"https:\/\/barcinovintagefactory.com\/wp-content\/uploads\/2025\/03\/LOGO-BVF-FONDO-COLOR-1PEKENOyyyyyyyyyy.png\",\"width\":1743,\"height\":1683,\"caption\":\"Barcino Vintage Factory\"},\"image\":{\"@id\":\"https:\/\/barcinovintagefactory.com\/#\/schema\/logo\/image\/\"},\"sameAs\":[\"https:\/\/www.tiktok.com\/@barcinovintagefactory\",\"https:\/\/es.pinterest.com\/BarcinoVintageFactory\",\"https:\/\/www.instagram.com\/barcino.vintagefactory\/\"]}]}<\/script>\n<!-- \/ Yoast SEO plugin. -->","yoast_head_json":{"title":"Aviso Legal - Barcino Vintage Factory","robots":{"index":"index","follow":"follow","max-snippet":"max-snippet:-1","max-image-preview":"max-image-preview:large","max-video-preview":"max-video-preview:-1"},"canonical":"https:\/\/barcinovintagefactory.com\/en\/aviso-legal\/","og_locale":"en_GB","og_type":"article","og_title":"Aviso Legal - Barcino Vintage Factory","og_description":"Aviso Legal \u00daltima actualizaci\u00f3n: [18\/3\/2025] Bienvenida\/o a Barcino Vintage Factory (en adelante tambi\u00e9n, \u201cel sitio web\u201d). A continuaci\u00f3n, te proporcionamos la informaci\u00f3n legal necesaria sobre nuestra web y el uso que hacemos de ella. Datos del Responsable&nbsp; Se informa que esta web es propiedad de: Titular: Jennifer Chorrero Soler NIF\/CIF: 43574476X Domicilio:&nbsp;Calle Cubellas1, 08031, Barcelona, [&hellip;]","og_url":"https:\/\/barcinovintagefactory.com\/en\/aviso-legal\/","og_site_name":"Barcino Vintage Factory","article_modified_time":"2025-03-24T22:58:06+00:00","twitter_card":"summary_large_image","twitter_misc":{"Estimated reading time":"5 minutes"},"schema":{"@context":"https:\/\/schema.org","@graph":[{"@type":"WebPage","@id":"https:\/\/barcinovintagefactory.com\/aviso-legal\/","url":"https:\/\/barcinovintagefactory.com\/aviso-legal\/","name":"Aviso Legal - Barcino Vintage Factory","isPartOf":{"@id":"https:\/\/barcinovintagefactory.com\/#website"},"datePublished":"2025-03-13T00:27:27+00:00","dateModified":"2025-03-24T22:58:06+00:00","breadcrumb":{"@id":"https:\/\/barcinovintagefactory.com\/aviso-legal\/#breadcrumb"},"inLanguage":"en-GB","potentialAction":[{"@type":"ReadAction","target":["https:\/\/barcinovintagefactory.com\/aviso-legal\/"]}]},{"@type":"BreadcrumbList","@id":"https:\/\/barcinovintagefactory.com\/aviso-legal\/#breadcrumb","itemListElement":[{"@type":"ListItem","position":1,"name":"Portada","item":"https:\/\/barcinovintagefactory.com\/"},{"@type":"ListItem","position":2,"name":"Aviso Legal"}]},{"@type":"WebSite","@id":"https:\/\/barcinovintagefactory.com\/#website","url":"https:\/\/barcinovintagefactory.com\/","name":"Barcino Vintage Factory","description":"Tienda de ropa vintage Barcelona, Espa\u00f1a. DROP DIARIO a las 12:30 PM + de 30 prendas nuevas cada semana","publisher":{"@id":"https:\/\/barcinovintagefactory.com\/#organization"},"potentialAction":[{"@type":"SearchAction","target":{"@type":"EntryPoint","urlTemplate":"https:\/\/barcinovintagefactory.com\/?s={search_term_string}"},"query-input":{"@type":"PropertyValueSpecification","valueRequired":true,"valueName":"search_term_string"}}],"inLanguage":"en-GB"},{"@type":"Organization","@id":"https:\/\/barcinovintagefactory.com\/#organization","name":"Barcino Vintage Factory","url":"https:\/\/barcinovintagefactory.com\/","logo":{"@type":"ImageObject","inLanguage":"en-GB","@id":"https:\/\/barcinovintagefactory.com\/#\/schema\/logo\/image\/","url":"https:\/\/barcinovintagefactory.com\/wp-content\/uploads\/2025\/03\/LOGO-BVF-FONDO-COLOR-1PEKENOyyyyyyyyyy.png","contentUrl":"https:\/\/barcinovintagefactory.com\/wp-content\/uploads\/2025\/03\/LOGO-BVF-FONDO-COLOR-1PEKENOyyyyyyyyyy.png","width":1743,"height":1683,"caption":"Barcino Vintage Factory"},"image":{"@id":"https:\/\/barcinovintagefactory.com\/#\/schema\/logo\/image\/"},"sameAs":["https:\/\/www.tiktok.com\/@barcinovintagefactory","https:\/\/es.pinterest.com\/BarcinoVintageFactory","https:\/\/www.instagram.com\/barcino.vintagefactory\/"]}]}},"jetpack_sharing_enabled":true,"_links":{"self":[{"href":"https:\/\/barcinovintagefactory.com\/en\/wp-json\/wp\/v2\/pages\/3026","targetHints":{"allow":["GET"]}}],"collection":[{"href":"https:\/\/barcinovintagefactory.com\/en\/wp-json\/wp\/v2\/pages"}],"about":[{"href":"https:\/\/barcinovintagefactory.com\/en\/wp-json\/wp\/v2\/types\/page"}],"author":[{"embeddable":true,"href":"https:\/\/barcinovintagefactory.com\/en\/wp-json\/wp\/v2\/users\/1"}],"replies":[{"embeddable":true,"href":"https:\/\/barcinovintagefactory.com\/en\/wp-json\/wp\/v2\/comments?post=3026"}],"version-history":[{"count":35,"href":"https:\/\/barcinovintagefactory.com\/en\/wp-json\/wp\/v2\/pages\/3026\/revisions"}],"predecessor-version":[{"id":4768,"href":"https:\/\/barcinovintagefactory.com\/en\/wp-json\/wp\/v2\/pages\/3026\/revisions\/4768"}],"wp:attachment":[{"href":"https:\/\/barcinovintagefactory.com\/en\/wp-json\/wp\/v2\/media?parent=3026"}],"curies":[{"name":"wp","href":"https:\/\/api.w.org\/{rel}","templated":true}]}}