{"id":3033,"date":"2025-03-13T01:38:04","date_gmt":"2025-03-13T00:38:04","guid":{"rendered":"https:\/\/barcinovintagefactory.com\/?page_id=3033"},"modified":"2025-03-25T00:00:13","modified_gmt":"2025-03-24T23:00:13","slug":"politica-de-privacidad","status":"publish","type":"page","link":"https:\/\/barcinovintagefactory.com\/en\/politica-de-privacidad\/","title":{"rendered":"Privacy policy"},"content":{"rendered":"\t\t<div data-elementor-type=\"wp-page\" data-elementor-id=\"3033\" class=\"elementor elementor-3033\">\n\t\t\t\t<div class=\"elementor-element elementor-element-2eb3a37 e-flex e-con-boxed e-con e-parent\" data-id=\"2eb3a37\" data-element_type=\"container\">\n\t\t\t\t\t<div class=\"e-con-inner\">\n\t\t\t\t\t<\/div>\n\t\t\t\t<\/div>\n\t\t<div class=\"elementor-element elementor-element-cbea4fa e-flex e-con-boxed e-con e-parent\" data-id=\"cbea4fa\" data-element_type=\"container\">\n\t\t\t\t\t<div class=\"e-con-inner\">\n\t\t\t\t\t<\/div>\n\t\t\t\t<\/div>\n\t\t<div class=\"elementor-element elementor-element-2a3d0d2 e-flex e-con-boxed e-con e-parent\" data-id=\"2a3d0d2\" data-element_type=\"container\">\n\t\t\t\t\t<div class=\"e-con-inner\">\n\t\t\t\t\t<\/div>\n\t\t\t\t<\/div>\n\t\t<div class=\"elementor-element elementor-element-bfa092b e-flex e-con-boxed e-con e-parent\" data-id=\"bfa092b\" data-element_type=\"container\">\n\t\t\t\t\t<div class=\"e-con-inner\">\n\t\t\t\t\t<\/div>\n\t\t\t\t<\/div>\n\t\t<div class=\"elementor-element elementor-element-d85b0ee e-flex e-con-boxed e-con e-parent\" data-id=\"d85b0ee\" data-element_type=\"container\">\n\t\t\t\t\t<div class=\"e-con-inner\">\n\t\t\t\t<div class=\"elementor-element elementor-element-e2b1508 elementor-widget elementor-widget-heading\" data-id=\"e2b1508\" data-element_type=\"widget\" data-widget_type=\"heading.default\">\n\t\t\t\t\t<h2 class=\"elementor-heading-title elementor-size-default\">Pol\u00edtica de privacidad<\/h2>\t\t\t\t<\/div>\n\t\t\t\t<div class=\"elementor-element elementor-element-c08af7c elementor-widget elementor-widget-text-editor\" data-id=\"c08af7c\" data-element_type=\"widget\" data-widget_type=\"text-editor.default\">\n\t\t\t\t\t\t\t\t\t<p data-start=\"190\" data-end=\"225\"><strong data-start=\"190\" data-end=\"223\">\u00daltima actualizaci\u00f3n: [18\/3\/2025]<\/strong><\/p>\n<p data-start=\"227\" data-end=\"655\">En Barcino Vintage Factory (en adelante, \u201cel sitio web\u201d), nos tomamos muy en serio la privacidad de nuestros usuarios y clientes. Esta Pol\u00edtica de Privacidad explica c\u00f3mo recopilamos, utilizamos y protegemos tu informaci\u00f3n personal de acuerdo con el <span data-start=\"475\" data-end=\"541\">Reglamento General de Protecci\u00f3n de Datos (RGPD) (UE) 2016\/679<\/span> y la <span data-start=\"547\" data-end=\"652\">Ley Org\u00e1nica 3\/2018, de Protecci\u00f3n de Datos Personales y garant\u00eda de los derechos digitales (LOPDGDD)<\/span>.<\/p>\n<div>\n<p style=\"font-size: 16px; font-style: normal; font-weight: 400;\">De conformidad con esto y con lo dispuesto en la Ley Org\u00e1nica 15\/1999, de 13 de diciembre, de Protecci\u00f3n de Datos de Car\u00e1cter Personal, Jennifer Chorrero Soler, con NIF: 43574476X, informa al Usuario de que es titular de un fichero de datos de car\u00e1cter personal inscrito ante el R.G.P.D. (Registro General de Protecci\u00f3n de Datos), en los que sus datos quedan incorporados y son tratados con el fin de prestarle los servicios solicitados y enviarle la informaci\u00f3n acerca de nuestra empresa que pueda ser de su inter\u00e9s.<\/p>\n<p style=\"font-size: 16px; font-style: normal; font-weight: 400;\">Jennifer Chorrero Soler, como responsable del presente Sitio Web, ha adecuado esta web a las exigencias de la LOPD (Ley Org\u00e1nica de Protecci\u00f3n de Datos) y a la LSSI-CE (Ley de la Sociedad de la informaci\u00f3n y el Comercio Electr\u00f3nico)<\/p>\n<\/div>\n<ul data-start=\"711\" data-end=\"949\">\n<li data-start=\"711\" data-end=\"762\"><strong data-start=\"713\" data-end=\"725\">Titular:<\/strong> Jennifer Chorrero Soler<\/li>\n<li data-start=\"763\" data-end=\"816\"><strong data-start=\"765\" data-end=\"777\">NIF\/CIF: <\/strong>43574476X<\/li>\n<li data-start=\"817\" data-end=\"857\"><strong data-start=\"819\" data-end=\"833\">Domicilio:<\/strong> Calle Cubellas 1, 08031, Barcelona, Espa\u00f1a.<\/li>\n<li data-start=\"858\" data-end=\"908\"><strong data-start=\"860\" data-end=\"883\">Correo electr\u00f3nico:<\/strong>&nbsp;<b>info@barcinovintagefactory.com<\/b><\/li>\n<li data-start=\"909\" data-end=\"949\"><strong data-start=\"911\" data-end=\"925\">Actividad:<\/strong> Venta de ropa vintage, actividad 4771 CNAE<\/li>\n<\/ul><div><br><\/div>\n<h4 data-start=\"951\" data-end=\"984\"><strong data-start=\"954\" data-end=\"982\">Datos que Recopilamos<\/strong><\/h4>\n<p data-start=\"985\" data-end=\"1085\">Cuando visitas, compras o te registras en nuestra web, podemos recopilar la siguiente informaci\u00f3n:<\/p>\n<ul data-start=\"1087\" data-end=\"1549\">\n<li data-start=\"1087\" data-end=\"1177\"><strong data-start=\"1089\" data-end=\"1115\">Datos identificativos:<\/strong> Nombre, apellidos, direcci\u00f3n, correo electr\u00f3nico, tel\u00e9fono.<\/li>\n<li data-start=\"1178\" data-end=\"1329\"><strong data-start=\"1180\" data-end=\"1198\">Datos de pago:<\/strong> No almacenamos datos de tarjetas, ya que los pagos se procesan a trav\u00e9s de plataformas seguras de terceros (por ejemplo Stripe).<\/li>\n<li data-start=\"1330\" data-end=\"1433\"><strong data-start=\"1332\" data-end=\"1356\">Datos de navegaci\u00f3n:<\/strong> Direcci\u00f3n IP, tipo de navegador, p\u00e1ginas visitadas, duraci\u00f3n de la visita.<\/li>\n<li data-start=\"1434\" data-end=\"1549\"><strong data-start=\"1436\" data-end=\"1458\">Datos de contacto:<\/strong> Si nos escribes por email o formulario, recopilamos la informaci\u00f3n que nos proporcionas.<\/li>\n<\/ul><div><br><\/div>\n<h4 data-start=\"1551\" data-end=\"1588\"><strong data-start=\"1554\" data-end=\"1586\">Finalidad del Tratamiento<\/strong><\/h4>\n<p data-start=\"1589\" data-end=\"1628\">Utilizamos tus datos personales para:<\/p>\n<ul data-start=\"1630\" data-end=\"1894\">\n<li data-start=\"1630\" data-end=\"1665\">Gestionar tus compras y env\u00edos.<\/li>\n<li data-start=\"1666\" data-end=\"1727\">Atender tus consultas y proporcionar servicio al cliente.<\/li>\n<li data-start=\"1728\" data-end=\"1796\">Enviar comunicaciones comerciales si has dado tu consentimiento.<\/li>\n<li data-start=\"1797\" data-end=\"1845\">Mejorar la experiencia de usuario en la web.<\/li>\n<li data-start=\"1846\" data-end=\"1894\">Cumplir con obligaciones legales y fiscales.<\/li>\n<\/ul><div><br><\/div>\n<h4 data-start=\"1896\" data-end=\"1940\"><strong data-start=\"1899\" data-end=\"1938\">Legitimaci\u00f3n para el Tratamiento<\/strong><\/h4>\n<p data-start=\"1941\" data-end=\"1982\">El tratamiento de tus datos se basa en:<\/p>\n<ul data-start=\"1984\" data-end=\"2250\">\n<li data-start=\"1984\" data-end=\"2075\"><strong data-start=\"1986\" data-end=\"2015\">Ejecuci\u00f3n de un contrato:<\/strong> Para procesar tus pedidos y brindarte nuestros servicios.<\/li>\n<li data-start=\"2076\" data-end=\"2156\"><strong data-start=\"2078\" data-end=\"2119\">Cumplimiento de una obligaci\u00f3n legal:<\/strong> Obligaciones fiscales y contables.<\/li>\n<li data-start=\"2157\" data-end=\"2250\"><strong data-start=\"2159\" data-end=\"2178\">Consentimiento:<\/strong> Para el env\u00edo de comunicaciones comerciales y an\u00e1lisis de navegaci\u00f3n.<\/li>\n<\/ul><div><br><\/div>\n<h4 data-start=\"2252\" data-end=\"2287\"><strong data-start=\"2255\" data-end=\"2285\">\u00bfCompartimos tus Datos?<\/strong><\/h4>\n<p data-start=\"2288\" data-end=\"2371\"><span style=\"color: var(--ast-global-color-3); font-size: 1rem;\">El usuario acepta que todos sus datos de car\u00e1cter personal sean \u00edntegramente cedidos a terceras entidades que tuvieran que acceder a los ficheros para el buen fin del contrato.&nbsp;<\/span>No vendemos ni compartimos tus datos con terceros, salvo en los siguientes casos:<\/p>\n<ul data-start=\"2373\" data-end=\"2564\">\n<li data-start=\"2373\" data-end=\"2445\"><strong data-start=\"2375\" data-end=\"2399\">Proveedores de pago:<\/strong> Para procesar compras (por ejemplo, Stripe).<\/li>\n<li data-start=\"2446\" data-end=\"2504\"><strong data-start=\"2448\" data-end=\"2475\">Empresas de transporte:<\/strong> Para gestionar los env\u00edos.<\/li>\n<li data-start=\"2505\" data-end=\"2564\"><strong data-start=\"2507\" data-end=\"2532\">Obligaciones legales:<\/strong> Si una autoridad lo requiere.<\/li>\n<\/ul>\n<div>\n<p style=\"font-size: 16px; font-style: normal; font-weight: 400;\">Los Usuarios, mediante la marcaci\u00f3n de la casilla, aceptan expresamente y de forma libre e inequ\u00edvoca que sus datos personales sean tratados por parte del Prestador para realizar las siguientes finalidades:<\/p>\n<ul style=\"font-size: 16px; font-style: normal; font-weight: 400;\">\n<li style=\"font-size: 16px;\">Remitir el bolet\u00edn de noticias de la p\u00e1gina web.<\/li>\n<li style=\"font-size: 16px;\">Tramitar encargos, solicitudes o cualquier tipo de petici\u00f3n que sea realizada por el usuario a trav\u00e9s de cualquiera de las formas de contacto que se ponen a su disposici\u00f3n en el Sitio Web.<\/li>\n<li style=\"font-size: 16px;\">Remisi\u00f3n de comunicaciones comerciales publicitarias por email relacionadas sobre productos o servicios ofrecidos por el Prestador, as\u00ed como por parte de los colaboradores o partners con los que \u00e9ste hubiera alcanzado alg\u00fan acuerdo de promoci\u00f3n comercial entre sus clientes. En este caso, los terceros nunca tendr\u00e1n acceso a los datos personales. En todo caso las comunicaciones comerciales ser\u00e1n realizadas por parte del Prestador y ser\u00e1n productos y servicios relacionados con el sector del Prestador.<\/li>\n<\/ul><div><br><\/div>\n<\/div>\n<h4 data-start=\"2566\" data-end=\"2615\"><strong data-start=\"2569\" data-end=\"2613\">Seguridad de tus Datos y Conservaci\u00f3n<\/strong><\/h4>\n<p data-start=\"3276\" data-end=\"3310\">Hemos implementado medidas de seguridad t\u00e9cnicas y organizativas para proteger tu informaci\u00f3n contra accesos no autorizados, p\u00e9rdida o alteraci\u00f3n<span style=\"color: var(--ast-global-color-3); font-size: 1rem; font-style: inherit; font-weight: inherit;\">.<\/span><\/p>\n<p data-start=\"2616\" data-end=\"2643\">Tus datos se conservar\u00e1n:<\/p>\n<ul data-start=\"2645\" data-end=\"2845\">\n<li data-start=\"2645\" data-end=\"2702\">Mientras dure la relaci\u00f3n contractual (para compras).<\/li>\n<li data-start=\"2703\" data-end=\"2777\">Hasta que solicites su eliminaci\u00f3n (para suscripciones a newsletters).<\/li>\n<li data-start=\"2778\" data-end=\"2845\">Seg\u00fan la normativa fiscal (facturas y datos contables, 5 a\u00f1os).<\/li>\n<\/ul><div><br><\/div>\n<h4 data-start=\"2847\" data-end=\"2879\"><strong data-start=\"2850\" data-end=\"2877\">Derechos y Obligaciones del Usuario<\/strong><\/h4>\n<p data-start=\"2880\" data-end=\"3112\">Puedes ejercer tus derechos de acceso, rectificaci\u00f3n, supresi\u00f3n, oposici\u00f3n, limitaci\u00f3n y portabilidad enviando un email a <strong>info@barcinovintagefactory.com<\/strong> con el asunto \u201cProtecci\u00f3n de Datos\u201d y una copia de tu documento de identidad.<\/p>\n<p style=\"font-size: 16px; font-style: normal; font-weight: 400;\">Del mismo modo, el usuario podr\u00e1 darse de baja de cualquiera de los servicios de suscripci\u00f3n facilitados haciendo clic en el apartado de darse de baja de todos los correos electr\u00f3nicos remitidos por parte del prestador. Si recibe los citados correos electr\u00f3nicos es que ha dado su autorizaci\u00f3n previa, ya que el prestador no realiza pr\u00e1cticas de SPAM<span style=\"color: var(--ast-global-color-3); font-style: inherit; font-weight: inherit;\">.<\/span><\/p>\n<p data-start=\"3114\" data-end=\"3274\">Tambi\u00e9n tienes derecho a presentar una reclamaci\u00f3n ante la Agencia Espa\u00f1ola de Protecci\u00f3n de Datos (AEPD) si consideras que se ha vulnerado tu privacidad.<\/p>\n<p style=\"font-size: 16px; font-style: normal; font-weight: 400;\">Los datos que se solicitan a trav\u00e9s del sitio web son obligatorios, ya que son necesarios para la prestaci\u00f3n de un servicio \u00f3ptimo al usuario. En caso de que no sean facilitados todos los datos, el prestador no garantiza que la informaci\u00f3n y servicios facilitados sean completamente ajustados a sus necesidades.<\/p>\n<p style=\"font-size: 16px; font-style: normal; font-weight: 400;\">El usuario es el \u00fanico responsable de la veracidad y correcci\u00f3n de los datos que remita a al prestador, exonerando a \u00e9ste de cualquier responsabilidad al respecto. Los usuarios garantizan y responden, en cualquier caso, de la exactitud, vigencia y autenticidad de los datos personales facilitados, y se comprometen a mantenerlos debidamente actualizados. El usuario acepta proporcionar informaci\u00f3n completa y correcta en el formulario de contacto o suscripci\u00f3n<a style=\"background-color: #ffffff; transition-property: all; font-style: inherit; font-weight: inherit;\" href=\"https:\/\/cdn.klarna.com\/1.0\/shared\/content\/legal\/terms\/0\/es_es\/privacy\" target=\"_blank\" rel=\"noopener noreferrer\">.<\/a><\/p><p style=\"font-size: 16px; font-style: normal; font-weight: 400;\"><br><\/p>\n<h4 data-start=\"3461\" data-end=\"3516\"><strong data-start=\"3464\" data-end=\"3514\">Modificaciones de la Pol\u00edtica de Privacidad<\/strong><\/h4>\n<p data-start=\"3517\" data-end=\"3706\">Nos reservamos el derecho a modificar esta Pol\u00edtica de Privacidad para adaptarla a cambios normativos o mejoras en nuestros servicios<span style=\"color: var(--ast-global-color-3); font-size: 1rem;\">. En dichos supuestos, el Prestador anunciar\u00e1 en esta p\u00e1gina los cambios introducidos con razonable antelaci\u00f3n a su puesta en pr\u00e1ctica.<\/span><\/p>\n<p data-start=\"3708\" data-end=\"3803\">Si tienes dudas sobre esta Pol\u00edtica de Privacidad, cont\u00e1ctanos en <b>info@barcinovintagefactory.com<\/b><\/p>\t\t\t\t\t\t\t\t<\/div>\n\t\t\t\t\t<\/div>\n\t\t\t\t<\/div>\n\t\t\t\t<\/div>\n\t\t","protected":false},"excerpt":{"rendered":"<p>Pol\u00edtica de privacidad \u00daltima actualizaci\u00f3n: [18\/3\/2025] En Barcino Vintage Factory (en adelante, \u201cel sitio web\u201d), nos tomamos muy en serio la privacidad de nuestros usuarios y clientes. Esta Pol\u00edtica de Privacidad explica c\u00f3mo recopilamos, utilizamos y protegemos tu informaci\u00f3n personal de acuerdo con el Reglamento General de Protecci\u00f3n de Datos (RGPD) (UE) 2016\/679 y la [&hellip;]<\/p>\n","protected":false},"author":1,"featured_media":0,"parent":0,"menu_order":0,"comment_status":"closed","ping_status":"closed","template":"","meta":{"site-sidebar-layout":"no-sidebar","site-content-layout":"page-builder","ast-site-content-layout":"full-width-container","site-content-style":"default","site-sidebar-style":"default","ast-global-header-display":"","ast-banner-title-visibility":"","ast-main-header-display":"","ast-hfb-above-header-display":"","ast-hfb-below-header-display":"","ast-hfb-mobile-header-display":"","site-post-title":"disabled","ast-breadcrumbs-content":"","ast-featured-img":"disabled","footer-sml-layout":"","ast-disable-related-posts":"","theme-transparent-header-meta":"","adv-header-id-meta":"","stick-header-meta":"","header-above-stick-meta":"","header-main-stick-meta":"","header-below-stick-meta":"","astra-migrate-meta-layouts":"set","ast-page-background-enabled":"default","ast-page-background-meta":{"desktop":{"background-color":"","background-image":"","background-repeat":"repeat","background-position":"center center","background-size":"auto","background-attachment":"scroll","background-type":"","background-media":"","overlay-type":"","overlay-color":"","overlay-opacity":"","overlay-gradient":""},"tablet":{"background-color":"","background-image":"","background-repeat":"repeat","background-position":"center center","background-size":"auto","background-attachment":"scroll","background-type":"","background-media":"","overlay-type":"","overlay-color":"","overlay-opacity":"","overlay-gradient":""},"mobile":{"background-color":"","background-image":"","background-repeat":"repeat","background-position":"center center","background-size":"auto","background-attachment":"scroll","background-type":"","background-media":"","overlay-type":"","overlay-color":"","overlay-opacity":"","overlay-gradient":""}},"ast-content-background-meta":{"desktop":{"background-color":"var(--ast-global-color-5)","background-image":"","background-repeat":"repeat","background-position":"center center","background-size":"auto","background-attachment":"scroll","background-type":"","background-media":"","overlay-type":"","overlay-color":"","overlay-opacity":"","overlay-gradient":""},"tablet":{"background-color":"var(--ast-global-color-5)","background-image":"","background-repeat":"repeat","background-position":"center center","background-size":"auto","background-attachment":"scroll","background-type":"","background-media":"","overlay-type":"","overlay-color":"","overlay-opacity":"","overlay-gradient":""},"mobile":{"background-color":"var(--ast-global-color-5)","background-image":"","background-repeat":"repeat","background-position":"center center","background-size":"auto","background-attachment":"scroll","background-type":"","background-media":"","overlay-type":"","overlay-color":"","overlay-opacity":"","overlay-gradient":""}},"footnotes":""},"class_list":["post-3033","page","type-page","status-publish","hentry"],"yoast_head":"<!-- This site is optimized with the Yoast SEO plugin v27.1.1 - https:\/\/yoast.com\/product\/yoast-seo-wordpress\/ -->\n<title>Pol\u00edtica de privacidad - Barcino Vintage Factory<\/title>\n<meta name=\"robots\" content=\"index, follow, max-snippet:-1, max-image-preview:large, max-video-preview:-1\" \/>\n<link rel=\"canonical\" href=\"https:\/\/barcinovintagefactory.com\/en\/politica-de-privacidad\/\" \/>\n<meta property=\"og:locale\" content=\"en_GB\" \/>\n<meta property=\"og:type\" content=\"article\" \/>\n<meta property=\"og:title\" content=\"Pol\u00edtica de privacidad - Barcino Vintage Factory\" \/>\n<meta property=\"og:description\" content=\"Pol\u00edtica de privacidad \u00daltima actualizaci\u00f3n: [18\/3\/2025] En Barcino Vintage Factory (en adelante, \u201cel sitio web\u201d), nos tomamos muy en serio la privacidad de nuestros usuarios y clientes. Esta Pol\u00edtica de Privacidad explica c\u00f3mo recopilamos, utilizamos y protegemos tu informaci\u00f3n personal de acuerdo con el Reglamento General de Protecci\u00f3n de Datos (RGPD) (UE) 2016\/679 y la [&hellip;]\" \/>\n<meta property=\"og:url\" content=\"https:\/\/barcinovintagefactory.com\/en\/politica-de-privacidad\/\" \/>\n<meta property=\"og:site_name\" content=\"Barcino Vintage Factory\" \/>\n<meta property=\"article:modified_time\" content=\"2025-03-24T23:00:13+00:00\" \/>\n<meta name=\"twitter:card\" content=\"summary_large_image\" \/>\n<meta name=\"twitter:label1\" content=\"Estimated reading time\" \/>\n\t<meta name=\"twitter:data1\" content=\"5 minutes\" \/>\n<script type=\"application\/ld+json\" class=\"yoast-schema-graph\">{\"@context\":\"https:\/\/schema.org\",\"@graph\":[{\"@type\":\"WebPage\",\"@id\":\"https:\/\/barcinovintagefactory.com\/politica-de-privacidad\/\",\"url\":\"https:\/\/barcinovintagefactory.com\/politica-de-privacidad\/\",\"name\":\"Pol\u00edtica de privacidad - Barcino Vintage Factory\",\"isPartOf\":{\"@id\":\"https:\/\/barcinovintagefactory.com\/#website\"},\"datePublished\":\"2025-03-13T00:38:04+00:00\",\"dateModified\":\"2025-03-24T23:00:13+00:00\",\"breadcrumb\":{\"@id\":\"https:\/\/barcinovintagefactory.com\/politica-de-privacidad\/#breadcrumb\"},\"inLanguage\":\"en-GB\",\"potentialAction\":[{\"@type\":\"ReadAction\",\"target\":[\"https:\/\/barcinovintagefactory.com\/politica-de-privacidad\/\"]}]},{\"@type\":\"BreadcrumbList\",\"@id\":\"https:\/\/barcinovintagefactory.com\/politica-de-privacidad\/#breadcrumb\",\"itemListElement\":[{\"@type\":\"ListItem\",\"position\":1,\"name\":\"Portada\",\"item\":\"https:\/\/barcinovintagefactory.com\/\"},{\"@type\":\"ListItem\",\"position\":2,\"name\":\"Pol\u00edtica de privacidad\"}]},{\"@type\":\"WebSite\",\"@id\":\"https:\/\/barcinovintagefactory.com\/#website\",\"url\":\"https:\/\/barcinovintagefactory.com\/\",\"name\":\"Barcino Vintage Factory\",\"description\":\"Tienda de ropa vintage Barcelona, Espa\u00f1a. DROP DIARIO a las 12:30 PM + de 30 prendas nuevas cada semana\",\"publisher\":{\"@id\":\"https:\/\/barcinovintagefactory.com\/#organization\"},\"potentialAction\":[{\"@type\":\"SearchAction\",\"target\":{\"@type\":\"EntryPoint\",\"urlTemplate\":\"https:\/\/barcinovintagefactory.com\/?s={search_term_string}\"},\"query-input\":{\"@type\":\"PropertyValueSpecification\",\"valueRequired\":true,\"valueName\":\"search_term_string\"}}],\"inLanguage\":\"en-GB\"},{\"@type\":\"Organization\",\"@id\":\"https:\/\/barcinovintagefactory.com\/#organization\",\"name\":\"Barcino Vintage Factory\",\"url\":\"https:\/\/barcinovintagefactory.com\/\",\"logo\":{\"@type\":\"ImageObject\",\"inLanguage\":\"en-GB\",\"@id\":\"https:\/\/barcinovintagefactory.com\/#\/schema\/logo\/image\/\",\"url\":\"https:\/\/barcinovintagefactory.com\/wp-content\/uploads\/2025\/03\/LOGO-BVF-FONDO-COLOR-1PEKENOyyyyyyyyyy.png\",\"contentUrl\":\"https:\/\/barcinovintagefactory.com\/wp-content\/uploads\/2025\/03\/LOGO-BVF-FONDO-COLOR-1PEKENOyyyyyyyyyy.png\",\"width\":1743,\"height\":1683,\"caption\":\"Barcino Vintage Factory\"},\"image\":{\"@id\":\"https:\/\/barcinovintagefactory.com\/#\/schema\/logo\/image\/\"},\"sameAs\":[\"https:\/\/www.tiktok.com\/@barcinovintagefactory\",\"https:\/\/es.pinterest.com\/BarcinoVintageFactory\",\"https:\/\/www.instagram.com\/barcino.vintagefactory\/\"]}]}<\/script>\n<!-- \/ Yoast SEO plugin. -->","yoast_head_json":{"title":"Pol\u00edtica de privacidad - Barcino Vintage Factory","robots":{"index":"index","follow":"follow","max-snippet":"max-snippet:-1","max-image-preview":"max-image-preview:large","max-video-preview":"max-video-preview:-1"},"canonical":"https:\/\/barcinovintagefactory.com\/en\/politica-de-privacidad\/","og_locale":"en_GB","og_type":"article","og_title":"Pol\u00edtica de privacidad - Barcino Vintage Factory","og_description":"Pol\u00edtica de privacidad \u00daltima actualizaci\u00f3n: [18\/3\/2025] En Barcino Vintage Factory (en adelante, \u201cel sitio web\u201d), nos tomamos muy en serio la privacidad de nuestros usuarios y clientes. Esta Pol\u00edtica de Privacidad explica c\u00f3mo recopilamos, utilizamos y protegemos tu informaci\u00f3n personal de acuerdo con el Reglamento General de Protecci\u00f3n de Datos (RGPD) (UE) 2016\/679 y la [&hellip;]","og_url":"https:\/\/barcinovintagefactory.com\/en\/politica-de-privacidad\/","og_site_name":"Barcino Vintage Factory","article_modified_time":"2025-03-24T23:00:13+00:00","twitter_card":"summary_large_image","twitter_misc":{"Estimated reading time":"5 minutes"},"schema":{"@context":"https:\/\/schema.org","@graph":[{"@type":"WebPage","@id":"https:\/\/barcinovintagefactory.com\/politica-de-privacidad\/","url":"https:\/\/barcinovintagefactory.com\/politica-de-privacidad\/","name":"Pol\u00edtica de privacidad - Barcino Vintage Factory","isPartOf":{"@id":"https:\/\/barcinovintagefactory.com\/#website"},"datePublished":"2025-03-13T00:38:04+00:00","dateModified":"2025-03-24T23:00:13+00:00","breadcrumb":{"@id":"https:\/\/barcinovintagefactory.com\/politica-de-privacidad\/#breadcrumb"},"inLanguage":"en-GB","potentialAction":[{"@type":"ReadAction","target":["https:\/\/barcinovintagefactory.com\/politica-de-privacidad\/"]}]},{"@type":"BreadcrumbList","@id":"https:\/\/barcinovintagefactory.com\/politica-de-privacidad\/#breadcrumb","itemListElement":[{"@type":"ListItem","position":1,"name":"Portada","item":"https:\/\/barcinovintagefactory.com\/"},{"@type":"ListItem","position":2,"name":"Pol\u00edtica de privacidad"}]},{"@type":"WebSite","@id":"https:\/\/barcinovintagefactory.com\/#website","url":"https:\/\/barcinovintagefactory.com\/","name":"Barcino Vintage Factory","description":"Tienda de ropa vintage Barcelona, Espa\u00f1a. DROP DIARIO a las 12:30 PM + de 30 prendas nuevas cada semana","publisher":{"@id":"https:\/\/barcinovintagefactory.com\/#organization"},"potentialAction":[{"@type":"SearchAction","target":{"@type":"EntryPoint","urlTemplate":"https:\/\/barcinovintagefactory.com\/?s={search_term_string}"},"query-input":{"@type":"PropertyValueSpecification","valueRequired":true,"valueName":"search_term_string"}}],"inLanguage":"en-GB"},{"@type":"Organization","@id":"https:\/\/barcinovintagefactory.com\/#organization","name":"Barcino Vintage Factory","url":"https:\/\/barcinovintagefactory.com\/","logo":{"@type":"ImageObject","inLanguage":"en-GB","@id":"https:\/\/barcinovintagefactory.com\/#\/schema\/logo\/image\/","url":"https:\/\/barcinovintagefactory.com\/wp-content\/uploads\/2025\/03\/LOGO-BVF-FONDO-COLOR-1PEKENOyyyyyyyyyy.png","contentUrl":"https:\/\/barcinovintagefactory.com\/wp-content\/uploads\/2025\/03\/LOGO-BVF-FONDO-COLOR-1PEKENOyyyyyyyyyy.png","width":1743,"height":1683,"caption":"Barcino Vintage Factory"},"image":{"@id":"https:\/\/barcinovintagefactory.com\/#\/schema\/logo\/image\/"},"sameAs":["https:\/\/www.tiktok.com\/@barcinovintagefactory","https:\/\/es.pinterest.com\/BarcinoVintageFactory","https:\/\/www.instagram.com\/barcino.vintagefactory\/"]}]}},"jetpack_sharing_enabled":true,"_links":{"self":[{"href":"https:\/\/barcinovintagefactory.com\/en\/wp-json\/wp\/v2\/pages\/3033","targetHints":{"allow":["GET"]}}],"collection":[{"href":"https:\/\/barcinovintagefactory.com\/en\/wp-json\/wp\/v2\/pages"}],"about":[{"href":"https:\/\/barcinovintagefactory.com\/en\/wp-json\/wp\/v2\/types\/page"}],"author":[{"embeddable":true,"href":"https:\/\/barcinovintagefactory.com\/en\/wp-json\/wp\/v2\/users\/1"}],"replies":[{"embeddable":true,"href":"https:\/\/barcinovintagefactory.com\/en\/wp-json\/wp\/v2\/comments?post=3033"}],"version-history":[{"count":17,"href":"https:\/\/barcinovintagefactory.com\/en\/wp-json\/wp\/v2\/pages\/3033\/revisions"}],"predecessor-version":[{"id":4774,"href":"https:\/\/barcinovintagefactory.com\/en\/wp-json\/wp\/v2\/pages\/3033\/revisions\/4774"}],"wp:attachment":[{"href":"https:\/\/barcinovintagefactory.com\/en\/wp-json\/wp\/v2\/media?parent=3033"}],"curies":[{"name":"wp","href":"https:\/\/api.w.org\/{rel}","templated":true}]}}