{"id":10056,"date":"2026-01-02T12:30:08","date_gmt":"2026-01-02T11:30:08","guid":{"rendered":"https:\/\/barcinovintagefactory.com\/?post_type=product&#038;p=10056"},"modified":"2026-04-21T15:42:30","modified_gmt":"2026-04-21T13:42:30","slug":"gianni-versace-wool-long-sailor-coat-black-v-neck-m-l","status":"publish","type":"product","link":"https:\/\/barcinovintagefactory.com\/en\/product\/gianni-versace-wool-long-sailor-coat-black-v-neck-m-l\/","title":{"rendered":"Gianni Versace abrigo de lana negro largo M L"},"content":{"rendered":"<p><span class=\"cf0\">Abrigo Gianni Versace de lana largo tipo marinero en color negro, con botones y cuello en pico. Ideal para los d\u00edas m\u00e1s fr\u00edos de invierno para usarla con m\u00e1s capas debajo del abrigo, como una sudadera o jersey de punto. Queda genial tanto con pantalones vaqueros como con pantalones tipo chinos o de pinzas, o incluso con una falda.<\/span><!--EndFragment --><\/p>\n<p>Muy buen estado, mide 50cm de hombros, 60 de axila a axila, 58 de largo de mangas y 93 de largo.<\/p>\n<p>Marca: Gianni Versace<br \/>\nSize on garment<br \/>\nTalla recomendada: M L<br \/>\nMaterial: lana<br \/>\nCondition: very good<\/p>","protected":false},"excerpt":{"rendered":"<p><span class=\"cf0\">Abrigo Gianni Versace de lana largo tipo marinero en color negro, con botones y cuello en pico. Ideal para los d\u00edas m\u00e1s fr\u00edos de invierno para usarla con m\u00e1s capas debajo del abrigo, como una sudadera o jersey de punto. Queda genial tanto con pantalones vaqueros como con pantalones tipo chinos o de pinzas, o incluso con una falda.<\/span><!--EndFragment --><\/p>\n<p>Muy buen estado, mide 50cm de hombros, 60 de axila a axila, 58 de largo de mangas y 93 de largo.<\/p>\n<p>Marca: Gianni Versace<br \/>\nSize on garment<br \/>\nTalla recomendada: M L<br \/>\nMaterial: lana<br \/>\nCondition: very good<\/p>","protected":false},"featured_media":10071,"comment_status":"open","ping_status":"closed","template":"","meta":{"site-sidebar-layout":"default","site-content-layout":"","ast-site-content-layout":"default","site-content-style":"default","site-sidebar-style":"default","ast-global-header-display":"","ast-banner-title-visibility":"","ast-main-header-display":"","ast-hfb-above-header-display":"","ast-hfb-below-header-display":"","ast-hfb-mobile-header-display":"","site-post-title":"","ast-breadcrumbs-content":"","ast-featured-img":"","footer-sml-layout":"","ast-disable-related-posts":"","theme-transparent-header-meta":"default","adv-header-id-meta":"","stick-header-meta":"","header-above-stick-meta":"","header-main-stick-meta":"","header-below-stick-meta":"","astra-migrate-meta-layouts":"set","ast-page-background-enabled":"default","ast-page-background-meta":{"desktop":{"background-color":"","background-image":"","background-repeat":"repeat","background-position":"center center","background-size":"auto","background-attachment":"scroll","background-type":"","background-media":"","overlay-type":"","overlay-color":"","overlay-opacity":"","overlay-gradient":""},"tablet":{"background-color":"","background-image":"","background-repeat":"repeat","background-position":"center center","background-size":"auto","background-attachment":"scroll","background-type":"","background-media":"","overlay-type":"","overlay-color":"","overlay-opacity":"","overlay-gradient":""},"mobile":{"background-color":"","background-image":"","background-repeat":"repeat","background-position":"center center","background-size":"auto","background-attachment":"scroll","background-type":"","background-media":"","overlay-type":"","overlay-color":"","overlay-opacity":"","overlay-gradient":""}},"ast-content-background-meta":{"desktop":{"background-color":"var(--ast-global-color-5)","background-image":"","background-repeat":"repeat","background-position":"center center","background-size":"auto","background-attachment":"scroll","background-type":"","background-media":"","overlay-type":"","overlay-color":"","overlay-opacity":"","overlay-gradient":""},"tablet":{"background-color":"var(--ast-global-color-5)","background-image":"","background-repeat":"repeat","background-position":"center center","background-size":"auto","background-attachment":"scroll","background-type":"","background-media":"","overlay-type":"","overlay-color":"","overlay-opacity":"","overlay-gradient":""},"mobile":{"background-color":"var(--ast-global-color-5)","background-image":"","background-repeat":"repeat","background-position":"center center","background-size":"auto","background-attachment":"scroll","background-type":"","background-media":"","overlay-type":"","overlay-color":"","overlay-opacity":"","overlay-gradient":""}},"jetpack_publicize_message":"","jetpack_publicize_feature_enabled":true,"jetpack_social_post_already_shared":true,"jetpack_social_options":{"image_generator_settings":{"template":"highway","enabled":false},"version":2}},"product_brand":[],"product_cat":[212],"product_tag":[258,254,263],"class_list":{"0":"post-10056","1":"product","2":"type-product","3":"status-publish","4":"has-post-thumbnail","6":"product_cat-abrigos-de-lana-vintage","7":"product_tag-denim","8":"product_tag-invierno","9":"product_tag-y2k","10":"desktop-align-left","11":"tablet-align-left","12":"mobile-align-left","14":"first","15":"instock","16":"taxable","17":"shipping-taxable","18":"purchasable","19":"product-type-simple","20":"wpzoom-wc-spi-has-enabled"},"jetpack_publicize_connections":[],"yoast_head":"<!-- This site is optimized with the Yoast SEO plugin v27.1.1 - https:\/\/yoast.com\/product\/yoast-seo-wordpress\/ -->\n<title>Gianni Versace abrigo de lana negro largo M L - Barcino Vintage Factory<\/title>\n<meta name=\"description\" content=\"Abrigo Gianni Versace de lana largo tipo marinero en color negro, con botones y cuello en pico. Ideal para los d\u00edas m\u00e1s fr\u00edos de invierno.\" \/>\n<meta name=\"robots\" content=\"index, follow, max-snippet:-1, max-image-preview:large, max-video-preview:-1\" \/>\n<link rel=\"canonical\" href=\"https:\/\/barcinovintagefactory.com\/en\/product\/gianni-versace-wool-long-sailor-coat-black-v-neck-m-l\/\" \/>\n<meta property=\"og:locale\" content=\"en_GB\" \/>\n<meta property=\"og:type\" content=\"article\" \/>\n<meta property=\"og:title\" content=\"Gianni Versace abrigo de lana negro largo M L - Barcino Vintage Factory\" \/>\n<meta property=\"og:description\" content=\"Abrigo Gianni Versace de lana largo tipo marinero en color negro, con botones y cuello en pico. Ideal para los d\u00edas m\u00e1s fr\u00edos de invierno.\" \/>\n<meta property=\"og:url\" content=\"https:\/\/barcinovintagefactory.com\/en\/product\/gianni-versace-wool-long-sailor-coat-black-v-neck-m-l\/\" \/>\n<meta property=\"og:site_name\" content=\"Barcino Vintage Factory\" \/>\n<meta property=\"article:modified_time\" content=\"2026-04-21T13:42:30+00:00\" \/>\n<meta property=\"og:image\" content=\"https:\/\/barcinovintagefactory.com\/wp-content\/uploads\/2025\/12\/IMG_20251217_001242.jpg\" \/>\n\t<meta property=\"og:image:width\" content=\"1453\" \/>\n\t<meta property=\"og:image:height\" content=\"1936\" \/>\n\t<meta property=\"og:image:type\" content=\"image\/jpeg\" \/>\n<meta name=\"twitter:card\" content=\"summary_large_image\" \/>\n<meta name=\"twitter:label1\" content=\"Estimated reading time\" \/>\n\t<meta name=\"twitter:data1\" content=\"1 minute\" \/>\n<script type=\"application\/ld+json\" class=\"yoast-schema-graph\">{\"@context\":\"https:\/\/schema.org\",\"@graph\":[{\"@type\":\"WebPage\",\"@id\":\"https:\/\/barcinovintagefactory.com\/producto\/gianni-versace-wool-long-sailor-coat-black-v-neck-m-l\/\",\"url\":\"https:\/\/barcinovintagefactory.com\/producto\/gianni-versace-wool-long-sailor-coat-black-v-neck-m-l\/\",\"name\":\"Gianni Versace abrigo de lana negro largo M L - Barcino Vintage Factory\",\"isPartOf\":{\"@id\":\"https:\/\/barcinovintagefactory.com\/#website\"},\"primaryImageOfPage\":{\"@id\":\"https:\/\/barcinovintagefactory.com\/producto\/gianni-versace-wool-long-sailor-coat-black-v-neck-m-l\/#primaryimage\"},\"image\":{\"@id\":\"https:\/\/barcinovintagefactory.com\/producto\/gianni-versace-wool-long-sailor-coat-black-v-neck-m-l\/#primaryimage\"},\"thumbnailUrl\":\"https:\/\/barcinovintagefactory.com\/wp-content\/uploads\/2025\/12\/IMG_20251217_001242.jpg\",\"datePublished\":\"2026-01-02T11:30:08+00:00\",\"dateModified\":\"2026-04-21T13:42:30+00:00\",\"description\":\"Abrigo Gianni Versace de lana largo tipo marinero en color negro, con botones y cuello en pico. Ideal para los d\u00edas m\u00e1s fr\u00edos de invierno.\",\"breadcrumb\":{\"@id\":\"https:\/\/barcinovintagefactory.com\/producto\/gianni-versace-wool-long-sailor-coat-black-v-neck-m-l\/#breadcrumb\"},\"inLanguage\":\"en-GB\",\"potentialAction\":[{\"@type\":\"ReadAction\",\"target\":[\"https:\/\/barcinovintagefactory.com\/producto\/gianni-versace-wool-long-sailor-coat-black-v-neck-m-l\/\"]}]},{\"@type\":\"ImageObject\",\"inLanguage\":\"en-GB\",\"@id\":\"https:\/\/barcinovintagefactory.com\/producto\/gianni-versace-wool-long-sailor-coat-black-v-neck-m-l\/#primaryimage\",\"url\":\"https:\/\/barcinovintagefactory.com\/wp-content\/uploads\/2025\/12\/IMG_20251217_001242.jpg\",\"contentUrl\":\"https:\/\/barcinovintagefactory.com\/wp-content\/uploads\/2025\/12\/IMG_20251217_001242.jpg\",\"width\":1453,\"height\":1936},{\"@type\":\"BreadcrumbList\",\"@id\":\"https:\/\/barcinovintagefactory.com\/producto\/gianni-versace-wool-long-sailor-coat-black-v-neck-m-l\/#breadcrumb\",\"itemListElement\":[{\"@type\":\"ListItem\",\"position\":1,\"name\":\"Portada\",\"item\":\"https:\/\/barcinovintagefactory.com\/\"},{\"@type\":\"ListItem\",\"position\":2,\"name\":\"Tienda filtro\",\"item\":\"https:\/\/barcinovintagefactory.com\/?page_id=1613\"},{\"@type\":\"ListItem\",\"position\":3,\"name\":\"Gianni Versace abrigo de lana negro largo M L\"}]},{\"@type\":\"WebSite\",\"@id\":\"https:\/\/barcinovintagefactory.com\/#website\",\"url\":\"https:\/\/barcinovintagefactory.com\/\",\"name\":\"Barcino Vintage Factory\",\"description\":\"Tienda de ropa vintage Barcelona, Espa\u00f1a. DROP DIARIO a las 12:30 PM + de 30 prendas nuevas cada semana\",\"publisher\":{\"@id\":\"https:\/\/barcinovintagefactory.com\/#organization\"},\"potentialAction\":[{\"@type\":\"SearchAction\",\"target\":{\"@type\":\"EntryPoint\",\"urlTemplate\":\"https:\/\/barcinovintagefactory.com\/?s={search_term_string}\"},\"query-input\":{\"@type\":\"PropertyValueSpecification\",\"valueRequired\":true,\"valueName\":\"search_term_string\"}}],\"inLanguage\":\"en-GB\"},{\"@type\":\"Organization\",\"@id\":\"https:\/\/barcinovintagefactory.com\/#organization\",\"name\":\"Barcino Vintage Factory\",\"url\":\"https:\/\/barcinovintagefactory.com\/\",\"logo\":{\"@type\":\"ImageObject\",\"inLanguage\":\"en-GB\",\"@id\":\"https:\/\/barcinovintagefactory.com\/#\/schema\/logo\/image\/\",\"url\":\"https:\/\/barcinovintagefactory.com\/wp-content\/uploads\/2025\/03\/LOGO-BVF-FONDO-COLOR-1PEKENOyyyyyyyyyy.png\",\"contentUrl\":\"https:\/\/barcinovintagefactory.com\/wp-content\/uploads\/2025\/03\/LOGO-BVF-FONDO-COLOR-1PEKENOyyyyyyyyyy.png\",\"width\":1743,\"height\":1683,\"caption\":\"Barcino Vintage Factory\"},\"image\":{\"@id\":\"https:\/\/barcinovintagefactory.com\/#\/schema\/logo\/image\/\"},\"sameAs\":[\"https:\/\/www.tiktok.com\/@barcinovintagefactory\",\"https:\/\/es.pinterest.com\/BarcinoVintageFactory\",\"https:\/\/www.instagram.com\/barcino.vintagefactory\/\"]}]}<\/script>\n<!-- \/ Yoast SEO plugin. -->","yoast_head_json":{"title":"Gianni Versace abrigo de lana negro largo M L - Barcino Vintage Factory","description":"Abrigo Gianni Versace de lana largo tipo marinero en color negro, con botones y cuello en pico. Ideal para los d\u00edas m\u00e1s fr\u00edos de invierno.","robots":{"index":"index","follow":"follow","max-snippet":"max-snippet:-1","max-image-preview":"max-image-preview:large","max-video-preview":"max-video-preview:-1"},"canonical":"https:\/\/barcinovintagefactory.com\/en\/product\/gianni-versace-wool-long-sailor-coat-black-v-neck-m-l\/","og_locale":"en_GB","og_type":"article","og_title":"Gianni Versace abrigo de lana negro largo M L - Barcino Vintage Factory","og_description":"Abrigo Gianni Versace de lana largo tipo marinero en color negro, con botones y cuello en pico. Ideal para los d\u00edas m\u00e1s fr\u00edos de invierno.","og_url":"https:\/\/barcinovintagefactory.com\/en\/product\/gianni-versace-wool-long-sailor-coat-black-v-neck-m-l\/","og_site_name":"Barcino Vintage Factory","article_modified_time":"2026-04-21T13:42:30+00:00","og_image":[{"width":1453,"height":1936,"url":"https:\/\/barcinovintagefactory.com\/wp-content\/uploads\/2025\/12\/IMG_20251217_001242.jpg","type":"image\/jpeg"}],"twitter_card":"summary_large_image","twitter_misc":{"Estimated reading time":"1 minute"},"schema":{"@context":"https:\/\/schema.org","@graph":[{"@type":"WebPage","@id":"https:\/\/barcinovintagefactory.com\/producto\/gianni-versace-wool-long-sailor-coat-black-v-neck-m-l\/","url":"https:\/\/barcinovintagefactory.com\/producto\/gianni-versace-wool-long-sailor-coat-black-v-neck-m-l\/","name":"Gianni Versace abrigo de lana negro largo M L - Barcino Vintage Factory","isPartOf":{"@id":"https:\/\/barcinovintagefactory.com\/#website"},"primaryImageOfPage":{"@id":"https:\/\/barcinovintagefactory.com\/producto\/gianni-versace-wool-long-sailor-coat-black-v-neck-m-l\/#primaryimage"},"image":{"@id":"https:\/\/barcinovintagefactory.com\/producto\/gianni-versace-wool-long-sailor-coat-black-v-neck-m-l\/#primaryimage"},"thumbnailUrl":"https:\/\/barcinovintagefactory.com\/wp-content\/uploads\/2025\/12\/IMG_20251217_001242.jpg","datePublished":"2026-01-02T11:30:08+00:00","dateModified":"2026-04-21T13:42:30+00:00","description":"Abrigo Gianni Versace de lana largo tipo marinero en color negro, con botones y cuello en pico. Ideal para los d\u00edas m\u00e1s fr\u00edos de invierno.","breadcrumb":{"@id":"https:\/\/barcinovintagefactory.com\/producto\/gianni-versace-wool-long-sailor-coat-black-v-neck-m-l\/#breadcrumb"},"inLanguage":"en-GB","potentialAction":[{"@type":"ReadAction","target":["https:\/\/barcinovintagefactory.com\/producto\/gianni-versace-wool-long-sailor-coat-black-v-neck-m-l\/"]}]},{"@type":"ImageObject","inLanguage":"en-GB","@id":"https:\/\/barcinovintagefactory.com\/producto\/gianni-versace-wool-long-sailor-coat-black-v-neck-m-l\/#primaryimage","url":"https:\/\/barcinovintagefactory.com\/wp-content\/uploads\/2025\/12\/IMG_20251217_001242.jpg","contentUrl":"https:\/\/barcinovintagefactory.com\/wp-content\/uploads\/2025\/12\/IMG_20251217_001242.jpg","width":1453,"height":1936},{"@type":"BreadcrumbList","@id":"https:\/\/barcinovintagefactory.com\/producto\/gianni-versace-wool-long-sailor-coat-black-v-neck-m-l\/#breadcrumb","itemListElement":[{"@type":"ListItem","position":1,"name":"Portada","item":"https:\/\/barcinovintagefactory.com\/"},{"@type":"ListItem","position":2,"name":"Tienda filtro","item":"https:\/\/barcinovintagefactory.com\/?page_id=1613"},{"@type":"ListItem","position":3,"name":"Gianni Versace abrigo de lana negro largo M L"}]},{"@type":"WebSite","@id":"https:\/\/barcinovintagefactory.com\/#website","url":"https:\/\/barcinovintagefactory.com\/","name":"Barcino Vintage Factory","description":"Tienda de ropa vintage Barcelona, Espa\u00f1a. DROP DIARIO a las 12:30 PM + de 30 prendas nuevas cada semana","publisher":{"@id":"https:\/\/barcinovintagefactory.com\/#organization"},"potentialAction":[{"@type":"SearchAction","target":{"@type":"EntryPoint","urlTemplate":"https:\/\/barcinovintagefactory.com\/?s={search_term_string}"},"query-input":{"@type":"PropertyValueSpecification","valueRequired":true,"valueName":"search_term_string"}}],"inLanguage":"en-GB"},{"@type":"Organization","@id":"https:\/\/barcinovintagefactory.com\/#organization","name":"Barcino Vintage Factory","url":"https:\/\/barcinovintagefactory.com\/","logo":{"@type":"ImageObject","inLanguage":"en-GB","@id":"https:\/\/barcinovintagefactory.com\/#\/schema\/logo\/image\/","url":"https:\/\/barcinovintagefactory.com\/wp-content\/uploads\/2025\/03\/LOGO-BVF-FONDO-COLOR-1PEKENOyyyyyyyyyy.png","contentUrl":"https:\/\/barcinovintagefactory.com\/wp-content\/uploads\/2025\/03\/LOGO-BVF-FONDO-COLOR-1PEKENOyyyyyyyyyy.png","width":1743,"height":1683,"caption":"Barcino Vintage Factory"},"image":{"@id":"https:\/\/barcinovintagefactory.com\/#\/schema\/logo\/image\/"},"sameAs":["https:\/\/www.tiktok.com\/@barcinovintagefactory","https:\/\/es.pinterest.com\/BarcinoVintageFactory","https:\/\/www.instagram.com\/barcino.vintagefactory\/"]}]}},"jetpack_sharing_enabled":true,"_links":{"self":[{"href":"https:\/\/barcinovintagefactory.com\/en\/wp-json\/wp\/v2\/product\/10056","targetHints":{"allow":["GET"]}}],"collection":[{"href":"https:\/\/barcinovintagefactory.com\/en\/wp-json\/wp\/v2\/product"}],"about":[{"href":"https:\/\/barcinovintagefactory.com\/en\/wp-json\/wp\/v2\/types\/product"}],"replies":[{"embeddable":true,"href":"https:\/\/barcinovintagefactory.com\/en\/wp-json\/wp\/v2\/comments?post=10056"}],"wp:featuredmedia":[{"embeddable":true,"href":"https:\/\/barcinovintagefactory.com\/en\/wp-json\/wp\/v2\/media\/10071"}],"wp:attachment":[{"href":"https:\/\/barcinovintagefactory.com\/en\/wp-json\/wp\/v2\/media?parent=10056"}],"wp:term":[{"taxonomy":"product_brand","embeddable":true,"href":"https:\/\/barcinovintagefactory.com\/en\/wp-json\/wp\/v2\/product_brand?post=10056"},{"taxonomy":"product_cat","embeddable":true,"href":"https:\/\/barcinovintagefactory.com\/en\/wp-json\/wp\/v2\/product_cat?post=10056"},{"taxonomy":"product_tag","embeddable":true,"href":"https:\/\/barcinovintagefactory.com\/en\/wp-json\/wp\/v2\/product_tag?post=10056"}],"curies":[{"name":"wp","href":"https:\/\/api.w.org\/{rel}","templated":true}]}}