{"id":2147,"date":"2025-03-05T01:39:48","date_gmt":"2025-03-05T00:39:48","guid":{"rendered":"https:\/\/barcinovintagefactory.com\/producto\/levis-501-jeans-pants-vintage-straight-dark-blue-40-42\/"},"modified":"2026-04-21T00:55:23","modified_gmt":"2026-04-20T22:55:23","slug":"levis-501-jeans-pants-vintage-straight-dark-blue-40-42","status":"publish","type":"product","link":"https:\/\/barcinovintagefactory.com\/en\/product\/levis-501-jeans-pants-vintage-straight-dark-blue-40-42\/","title":{"rendered":"Levi&#8217;s 501 pantal\u00f3n vaquero azul marino recto M"},"content":{"rendered":"<p>Muy buen estado, mide 41 cm de cintura, 52 de cadera, 28 de tiro, 109 de largo y 19 de ancho de tobillo.<\/p>\n<p>Pantal\u00f3n largo tejano con botones, denim cl\u00e1sico. Vaquero azul marino desgastado. Ideal para primavera y verano en los d\u00edas m\u00e1s fresquitos o para invierno. Queda genial para combinarlo con alguna camiseta o top chulo o con alguna camisa estampada. Las de cuadros de tipo franela quedan incre\u00edbles con el denim, tanto sola como abierta por encima de la camiseta o top.<\/p>\n<p>Marca: Levi&#8217;s, vintage<\/p>\n<p>Talla en la prenda: W31 L34<\/p>\n<p>Talla recomendada: M<\/p>\n<p>Material: 100% algod\u00f3n<\/p>\n<p>Condition: very good<\/p>","protected":false},"excerpt":{"rendered":"<p>Muy buen estado, mide 41 cm de cintura, 52 de cadera, 28 de tiro, 109 de largo y 19 de ancho de tobillo.<\/p>\n<p>Pantal\u00f3n largo tejano con botones. Ideal para primavera y verano en los d\u00edas m\u00e1s fresquitos o para invierno. Queda genial para combinarlo con alguna camiseta o top chulo o con alguna camisa estampada. Las de cuadros de tipo franela quedan incre\u00edbles con el denim, tanto sola como abierta por encima de la camiseta o top.<\/p>\n<p>Marca: Levi&#8217;s<br \/>\nTalla en la prenda: W31 L34<\/p>\n<p>Talla recomendada: M<br \/>\nMaterial: 100% algod\u00f3n<br \/>\nCondition: very good<\/p>","protected":false},"featured_media":2146,"comment_status":"open","ping_status":"closed","template":"","meta":{"site-sidebar-layout":"default","site-content-layout":"","ast-site-content-layout":"default","site-content-style":"default","site-sidebar-style":"default","ast-global-header-display":"","ast-banner-title-visibility":"","ast-main-header-display":"","ast-hfb-above-header-display":"","ast-hfb-below-header-display":"","ast-hfb-mobile-header-display":"","site-post-title":"","ast-breadcrumbs-content":"","ast-featured-img":"","footer-sml-layout":"","ast-disable-related-posts":"","theme-transparent-header-meta":"default","adv-header-id-meta":"","stick-header-meta":"","header-above-stick-meta":"","header-main-stick-meta":"","header-below-stick-meta":"","astra-migrate-meta-layouts":"set","ast-page-background-enabled":"default","ast-page-background-meta":{"desktop":{"background-color":"","background-image":"","background-repeat":"repeat","background-position":"center center","background-size":"auto","background-attachment":"scroll","background-type":"","background-media":"","overlay-type":"","overlay-color":"","overlay-opacity":"","overlay-gradient":""},"tablet":{"background-color":"","background-image":"","background-repeat":"repeat","background-position":"center center","background-size":"auto","background-attachment":"scroll","background-type":"","background-media":"","overlay-type":"","overlay-color":"","overlay-opacity":"","overlay-gradient":""},"mobile":{"background-color":"","background-image":"","background-repeat":"repeat","background-position":"center center","background-size":"auto","background-attachment":"scroll","background-type":"","background-media":"","overlay-type":"","overlay-color":"","overlay-opacity":"","overlay-gradient":""}},"ast-content-background-meta":{"desktop":{"background-color":"var(--ast-global-color-5)","background-image":"","background-repeat":"repeat","background-position":"center center","background-size":"auto","background-attachment":"scroll","background-type":"","background-media":"","overlay-type":"","overlay-color":"","overlay-opacity":"","overlay-gradient":""},"tablet":{"background-color":"var(--ast-global-color-5)","background-image":"","background-repeat":"repeat","background-position":"center center","background-size":"auto","background-attachment":"scroll","background-type":"","background-media":"","overlay-type":"","overlay-color":"","overlay-opacity":"","overlay-gradient":""},"mobile":{"background-color":"var(--ast-global-color-5)","background-image":"","background-repeat":"repeat","background-position":"center center","background-size":"auto","background-attachment":"scroll","background-type":"","background-media":"","overlay-type":"","overlay-color":"","overlay-opacity":"","overlay-gradient":""}},"jetpack_publicize_message":"","jetpack_publicize_feature_enabled":true,"jetpack_social_post_already_shared":false,"jetpack_social_options":{"image_generator_settings":{"template":"highway","enabled":false},"version":2}},"product_brand":[],"product_cat":[231,216],"product_tag":[261,258,254,255,256],"class_list":{"0":"post-2147","1":"product","2":"type-product","3":"status-publish","4":"has-post-thumbnail","6":"product_cat-levis-vintage-90s","7":"product_cat-pantalones-denim-vintage","8":"product_tag-80s","9":"product_tag-denim","10":"product_tag-invierno","11":"product_tag-otono","12":"product_tag-primavera","13":"desktop-align-left","14":"tablet-align-left","15":"mobile-align-left","17":"first","18":"instock","19":"taxable","20":"shipping-taxable","21":"purchasable","22":"product-type-simple","23":"wpzoom-wc-spi-has-enabled"},"jetpack_publicize_connections":[],"yoast_head":"<!-- This site is optimized with the Yoast SEO plugin v27.1.1 - https:\/\/yoast.com\/product\/yoast-seo-wordpress\/ -->\n<title>Levi&#039;s 501 pantal\u00f3n vaquero azul marino recto M - Barcino Vintage Factory<\/title>\n<meta name=\"robots\" content=\"index, follow, max-snippet:-1, max-image-preview:large, max-video-preview:-1\" \/>\n<link rel=\"canonical\" href=\"https:\/\/barcinovintagefactory.com\/en\/product\/levis-501-jeans-pants-vintage-straight-dark-blue-40-42\/\" \/>\n<meta property=\"og:locale\" content=\"en_GB\" \/>\n<meta property=\"og:type\" content=\"article\" \/>\n<meta property=\"og:title\" content=\"Levi&#039;s 501 pantal\u00f3n vaquero azul marino recto M - Barcino Vintage Factory\" \/>\n<meta property=\"og:description\" content=\"Muy buen estado, mide 41 cm de cintura, 52 de cadera, 28 de tiro, 109 de largo y 19 de ancho de tobillo.  Pantal\u00f3n largo tejano con botones. Ideal para primavera y verano en los d\u00edas m\u00e1s fresquitos o para invierno. Queda genial para combinarlo con alguna camiseta o top chulo o con alguna camisa estampada. Las de cuadros de tipo franela quedan incre\u00edbles con el denim, tanto sola como abierta por encima de la camiseta o top.  Marca: Levi&#039;s Talla en la prenda: W31 L34  Talla recomendada: M Material: 100% algod\u00f3n Estado: muy bueno\" \/>\n<meta property=\"og:url\" content=\"https:\/\/barcinovintagefactory.com\/en\/product\/levis-501-jeans-pants-vintage-straight-dark-blue-40-42\/\" \/>\n<meta property=\"og:site_name\" content=\"Barcino Vintage Factory\" \/>\n<meta property=\"article:modified_time\" content=\"2026-04-20T22:55:23+00:00\" \/>\n<meta property=\"og:image\" content=\"https:\/\/barcinovintagefactory.com\/wp-content\/uploads\/2025\/03\/185874e8-c9b9-473d-ad49-ed59bd34db5a.jpeg\" \/>\n\t<meta property=\"og:image:width\" content=\"1530\" \/>\n\t<meta property=\"og:image:height\" content=\"2040\" \/>\n\t<meta property=\"og:image:type\" content=\"image\/jpeg\" \/>\n<meta name=\"twitter:card\" content=\"summary_large_image\" \/>\n<meta name=\"twitter:label1\" content=\"Estimated reading time\" \/>\n\t<meta name=\"twitter:data1\" content=\"1 minute\" \/>\n<script type=\"application\/ld+json\" class=\"yoast-schema-graph\">{\"@context\":\"https:\/\/schema.org\",\"@graph\":[{\"@type\":\"WebPage\",\"@id\":\"https:\/\/barcinovintagefactory.com\/producto\/levis-501-jeans-pants-vintage-straight-dark-blue-40-42\/\",\"url\":\"https:\/\/barcinovintagefactory.com\/producto\/levis-501-jeans-pants-vintage-straight-dark-blue-40-42\/\",\"name\":\"Levi's 501 pantal\u00f3n vaquero azul marino recto M - Barcino Vintage Factory\",\"isPartOf\":{\"@id\":\"https:\/\/barcinovintagefactory.com\/#website\"},\"primaryImageOfPage\":{\"@id\":\"https:\/\/barcinovintagefactory.com\/producto\/levis-501-jeans-pants-vintage-straight-dark-blue-40-42\/#primaryimage\"},\"image\":{\"@id\":\"https:\/\/barcinovintagefactory.com\/producto\/levis-501-jeans-pants-vintage-straight-dark-blue-40-42\/#primaryimage\"},\"thumbnailUrl\":\"https:\/\/barcinovintagefactory.com\/wp-content\/uploads\/2025\/03\/185874e8-c9b9-473d-ad49-ed59bd34db5a.jpeg\",\"datePublished\":\"2025-03-05T00:39:48+00:00\",\"dateModified\":\"2026-04-20T22:55:23+00:00\",\"breadcrumb\":{\"@id\":\"https:\/\/barcinovintagefactory.com\/producto\/levis-501-jeans-pants-vintage-straight-dark-blue-40-42\/#breadcrumb\"},\"inLanguage\":\"en-GB\",\"potentialAction\":[{\"@type\":\"ReadAction\",\"target\":[\"https:\/\/barcinovintagefactory.com\/producto\/levis-501-jeans-pants-vintage-straight-dark-blue-40-42\/\"]}]},{\"@type\":\"ImageObject\",\"inLanguage\":\"en-GB\",\"@id\":\"https:\/\/barcinovintagefactory.com\/producto\/levis-501-jeans-pants-vintage-straight-dark-blue-40-42\/#primaryimage\",\"url\":\"https:\/\/barcinovintagefactory.com\/wp-content\/uploads\/2025\/03\/185874e8-c9b9-473d-ad49-ed59bd34db5a.jpeg\",\"contentUrl\":\"https:\/\/barcinovintagefactory.com\/wp-content\/uploads\/2025\/03\/185874e8-c9b9-473d-ad49-ed59bd34db5a.jpeg\",\"width\":1530,\"height\":2040},{\"@type\":\"BreadcrumbList\",\"@id\":\"https:\/\/barcinovintagefactory.com\/producto\/levis-501-jeans-pants-vintage-straight-dark-blue-40-42\/#breadcrumb\",\"itemListElement\":[{\"@type\":\"ListItem\",\"position\":1,\"name\":\"Portada\",\"item\":\"https:\/\/barcinovintagefactory.com\/\"},{\"@type\":\"ListItem\",\"position\":2,\"name\":\"Tienda filtro\",\"item\":\"https:\/\/barcinovintagefactory.com\/?page_id=1613\"},{\"@type\":\"ListItem\",\"position\":3,\"name\":\"Levi&#8217;s 501 pantal\u00f3n vaquero azul marino recto M\"}]},{\"@type\":\"WebSite\",\"@id\":\"https:\/\/barcinovintagefactory.com\/#website\",\"url\":\"https:\/\/barcinovintagefactory.com\/\",\"name\":\"Barcino Vintage Factory\",\"description\":\"Tienda de ropa vintage Barcelona, Espa\u00f1a. DROP DIARIO a las 12:30 PM + de 30 prendas nuevas cada semana\",\"publisher\":{\"@id\":\"https:\/\/barcinovintagefactory.com\/#organization\"},\"potentialAction\":[{\"@type\":\"SearchAction\",\"target\":{\"@type\":\"EntryPoint\",\"urlTemplate\":\"https:\/\/barcinovintagefactory.com\/?s={search_term_string}\"},\"query-input\":{\"@type\":\"PropertyValueSpecification\",\"valueRequired\":true,\"valueName\":\"search_term_string\"}}],\"inLanguage\":\"en-GB\"},{\"@type\":\"Organization\",\"@id\":\"https:\/\/barcinovintagefactory.com\/#organization\",\"name\":\"Barcino Vintage Factory\",\"url\":\"https:\/\/barcinovintagefactory.com\/\",\"logo\":{\"@type\":\"ImageObject\",\"inLanguage\":\"en-GB\",\"@id\":\"https:\/\/barcinovintagefactory.com\/#\/schema\/logo\/image\/\",\"url\":\"https:\/\/barcinovintagefactory.com\/wp-content\/uploads\/2025\/03\/LOGO-BVF-FONDO-COLOR-1PEKENOyyyyyyyyyy.png\",\"contentUrl\":\"https:\/\/barcinovintagefactory.com\/wp-content\/uploads\/2025\/03\/LOGO-BVF-FONDO-COLOR-1PEKENOyyyyyyyyyy.png\",\"width\":1743,\"height\":1683,\"caption\":\"Barcino Vintage Factory\"},\"image\":{\"@id\":\"https:\/\/barcinovintagefactory.com\/#\/schema\/logo\/image\/\"},\"sameAs\":[\"https:\/\/www.tiktok.com\/@barcinovintagefactory\",\"https:\/\/es.pinterest.com\/BarcinoVintageFactory\",\"https:\/\/www.instagram.com\/barcino.vintagefactory\/\"]}]}<\/script>\n<!-- \/ Yoast SEO plugin. -->","yoast_head_json":{"title":"Levi's 501 pantal\u00f3n vaquero azul marino recto M - Barcino Vintage Factory","robots":{"index":"index","follow":"follow","max-snippet":"max-snippet:-1","max-image-preview":"max-image-preview:large","max-video-preview":"max-video-preview:-1"},"canonical":"https:\/\/barcinovintagefactory.com\/en\/product\/levis-501-jeans-pants-vintage-straight-dark-blue-40-42\/","og_locale":"en_GB","og_type":"article","og_title":"Levi's 501 pantal\u00f3n vaquero azul marino recto M - Barcino Vintage Factory","og_description":"Muy buen estado, mide 41 cm de cintura, 52 de cadera, 28 de tiro, 109 de largo y 19 de ancho de tobillo.  Pantal\u00f3n largo tejano con botones. Ideal para primavera y verano en los d\u00edas m\u00e1s fresquitos o para invierno. Queda genial para combinarlo con alguna camiseta o top chulo o con alguna camisa estampada. Las de cuadros de tipo franela quedan incre\u00edbles con el denim, tanto sola como abierta por encima de la camiseta o top.  Marca: Levi's Talla en la prenda: W31 L34  Talla recomendada: M Material: 100% algod\u00f3n Estado: muy bueno","og_url":"https:\/\/barcinovintagefactory.com\/en\/product\/levis-501-jeans-pants-vintage-straight-dark-blue-40-42\/","og_site_name":"Barcino Vintage Factory","article_modified_time":"2026-04-20T22:55:23+00:00","og_image":[{"width":1530,"height":2040,"url":"https:\/\/barcinovintagefactory.com\/wp-content\/uploads\/2025\/03\/185874e8-c9b9-473d-ad49-ed59bd34db5a.jpeg","type":"image\/jpeg"}],"twitter_card":"summary_large_image","twitter_misc":{"Estimated reading time":"1 minute"},"schema":{"@context":"https:\/\/schema.org","@graph":[{"@type":"WebPage","@id":"https:\/\/barcinovintagefactory.com\/producto\/levis-501-jeans-pants-vintage-straight-dark-blue-40-42\/","url":"https:\/\/barcinovintagefactory.com\/producto\/levis-501-jeans-pants-vintage-straight-dark-blue-40-42\/","name":"Levi's 501 pantal\u00f3n vaquero azul marino recto M - Barcino Vintage Factory","isPartOf":{"@id":"https:\/\/barcinovintagefactory.com\/#website"},"primaryImageOfPage":{"@id":"https:\/\/barcinovintagefactory.com\/producto\/levis-501-jeans-pants-vintage-straight-dark-blue-40-42\/#primaryimage"},"image":{"@id":"https:\/\/barcinovintagefactory.com\/producto\/levis-501-jeans-pants-vintage-straight-dark-blue-40-42\/#primaryimage"},"thumbnailUrl":"https:\/\/barcinovintagefactory.com\/wp-content\/uploads\/2025\/03\/185874e8-c9b9-473d-ad49-ed59bd34db5a.jpeg","datePublished":"2025-03-05T00:39:48+00:00","dateModified":"2026-04-20T22:55:23+00:00","breadcrumb":{"@id":"https:\/\/barcinovintagefactory.com\/producto\/levis-501-jeans-pants-vintage-straight-dark-blue-40-42\/#breadcrumb"},"inLanguage":"en-GB","potentialAction":[{"@type":"ReadAction","target":["https:\/\/barcinovintagefactory.com\/producto\/levis-501-jeans-pants-vintage-straight-dark-blue-40-42\/"]}]},{"@type":"ImageObject","inLanguage":"en-GB","@id":"https:\/\/barcinovintagefactory.com\/producto\/levis-501-jeans-pants-vintage-straight-dark-blue-40-42\/#primaryimage","url":"https:\/\/barcinovintagefactory.com\/wp-content\/uploads\/2025\/03\/185874e8-c9b9-473d-ad49-ed59bd34db5a.jpeg","contentUrl":"https:\/\/barcinovintagefactory.com\/wp-content\/uploads\/2025\/03\/185874e8-c9b9-473d-ad49-ed59bd34db5a.jpeg","width":1530,"height":2040},{"@type":"BreadcrumbList","@id":"https:\/\/barcinovintagefactory.com\/producto\/levis-501-jeans-pants-vintage-straight-dark-blue-40-42\/#breadcrumb","itemListElement":[{"@type":"ListItem","position":1,"name":"Portada","item":"https:\/\/barcinovintagefactory.com\/"},{"@type":"ListItem","position":2,"name":"Tienda filtro","item":"https:\/\/barcinovintagefactory.com\/?page_id=1613"},{"@type":"ListItem","position":3,"name":"Levi&#8217;s 501 pantal\u00f3n vaquero azul marino recto M"}]},{"@type":"WebSite","@id":"https:\/\/barcinovintagefactory.com\/#website","url":"https:\/\/barcinovintagefactory.com\/","name":"Barcino Vintage Factory","description":"Tienda de ropa vintage Barcelona, Espa\u00f1a. DROP DIARIO a las 12:30 PM + de 30 prendas nuevas cada semana","publisher":{"@id":"https:\/\/barcinovintagefactory.com\/#organization"},"potentialAction":[{"@type":"SearchAction","target":{"@type":"EntryPoint","urlTemplate":"https:\/\/barcinovintagefactory.com\/?s={search_term_string}"},"query-input":{"@type":"PropertyValueSpecification","valueRequired":true,"valueName":"search_term_string"}}],"inLanguage":"en-GB"},{"@type":"Organization","@id":"https:\/\/barcinovintagefactory.com\/#organization","name":"Barcino Vintage Factory","url":"https:\/\/barcinovintagefactory.com\/","logo":{"@type":"ImageObject","inLanguage":"en-GB","@id":"https:\/\/barcinovintagefactory.com\/#\/schema\/logo\/image\/","url":"https:\/\/barcinovintagefactory.com\/wp-content\/uploads\/2025\/03\/LOGO-BVF-FONDO-COLOR-1PEKENOyyyyyyyyyy.png","contentUrl":"https:\/\/barcinovintagefactory.com\/wp-content\/uploads\/2025\/03\/LOGO-BVF-FONDO-COLOR-1PEKENOyyyyyyyyyy.png","width":1743,"height":1683,"caption":"Barcino Vintage Factory"},"image":{"@id":"https:\/\/barcinovintagefactory.com\/#\/schema\/logo\/image\/"},"sameAs":["https:\/\/www.tiktok.com\/@barcinovintagefactory","https:\/\/es.pinterest.com\/BarcinoVintageFactory","https:\/\/www.instagram.com\/barcino.vintagefactory\/"]}]}},"jetpack_sharing_enabled":true,"_links":{"self":[{"href":"https:\/\/barcinovintagefactory.com\/en\/wp-json\/wp\/v2\/product\/2147","targetHints":{"allow":["GET"]}}],"collection":[{"href":"https:\/\/barcinovintagefactory.com\/en\/wp-json\/wp\/v2\/product"}],"about":[{"href":"https:\/\/barcinovintagefactory.com\/en\/wp-json\/wp\/v2\/types\/product"}],"replies":[{"embeddable":true,"href":"https:\/\/barcinovintagefactory.com\/en\/wp-json\/wp\/v2\/comments?post=2147"}],"wp:featuredmedia":[{"embeddable":true,"href":"https:\/\/barcinovintagefactory.com\/en\/wp-json\/wp\/v2\/media\/2146"}],"wp:attachment":[{"href":"https:\/\/barcinovintagefactory.com\/en\/wp-json\/wp\/v2\/media?parent=2147"}],"wp:term":[{"taxonomy":"product_brand","embeddable":true,"href":"https:\/\/barcinovintagefactory.com\/en\/wp-json\/wp\/v2\/product_brand?post=2147"},{"taxonomy":"product_cat","embeddable":true,"href":"https:\/\/barcinovintagefactory.com\/en\/wp-json\/wp\/v2\/product_cat?post=2147"},{"taxonomy":"product_tag","embeddable":true,"href":"https:\/\/barcinovintagefactory.com\/en\/wp-json\/wp\/v2\/product_tag?post=2147"}],"curies":[{"name":"wp","href":"https:\/\/api.w.org\/{rel}","templated":true}]}}