{"id":2195,"date":"2025-03-05T01:40:13","date_gmt":"2025-03-05T00:40:13","guid":{"rendered":"https:\/\/barcinovintagefactory.com\/producto\/miguel-gil-vintage-knee-lenght-pencil-skirt-black-xs-s\/"},"modified":"2026-04-21T01:46:42","modified_gmt":"2026-04-20T23:46:42","slug":"miguel-gil-vintage-knee-lenght-pencil-skirt-black-xs-s","status":"publish","type":"product","link":"https:\/\/barcinovintagefactory.com\/en\/product\/miguel-gil-vintage-knee-lenght-pencil-skirt-black-xs-s\/","title":{"rendered":"Falda negra de tubo corta vintage 90s XS"},"content":{"rendered":"<p>Perfecto estado, mide 34 cm de cintura, 44 de cadera y 54 de largo.<\/p>\n<p>&nbsp;<\/p>\n<p>Falda negra de tubo por la rodilla con forro interior. Ideal para primavera y verano en los d\u00edas m\u00e1s fresquitos o para invierno. Queda genial para combinarlo con alguna blusa o camisa chula o con alg\u00fan polo para darle un rollo m\u00e1s atrevido a tu look. Puedes combinarla tambi\u00e9n con un jersey de punto en invierno o con una sudadera para ir a la \u00faltima y marcar tendencia con un rollo diferente.<\/p>\n<p>&nbsp;<\/p>\n<p>Marca: Miguel Gil, vintage<\/p>\n<p>Talla en la prenda: 44<\/p>\n<p>Talla recomendada: XS<\/p>\n<p>Material:<\/p>\n<p>Estado: perfecto, pr\u00e1cticamente como nuevo<\/p>","protected":false},"excerpt":{"rendered":"<p>Perfecto estado, mide 34 cm de cintura, 44 de cadera y 54 de largo.<\/p>\n<p>Falda negra de tubo por la rodilla con forro interior. Ideal para primavera y verano en los d\u00edas m\u00e1s fresquitos o para invierno. Queda genial para combinarlo con alguna blusa o camisa chula o con alg\u00fan polo para darle un rollo m\u00e1s atrevido a tu look. Puedes combinarla tambi\u00e9n con un jersey de punto en invierno o con una sudadera para ir a la \u00faltima y marcar tendencia con un rollo diferente.<\/p>\n<p>Marca: Miguel Gil, vintage<br \/>\nTalla en la prenda: 44<\/p>\n<p>Talla recomendada: XS<br \/>\nMaterial:<br \/>\nEstado: perfecto, pr\u00e1cticamente como nuevo<\/p>","protected":false},"featured_media":4557,"comment_status":"open","ping_status":"closed","template":"","meta":{"site-sidebar-layout":"default","site-content-layout":"","ast-site-content-layout":"default","site-content-style":"default","site-sidebar-style":"default","ast-global-header-display":"","ast-banner-title-visibility":"","ast-main-header-display":"","ast-hfb-above-header-display":"","ast-hfb-below-header-display":"","ast-hfb-mobile-header-display":"","site-post-title":"","ast-breadcrumbs-content":"","ast-featured-img":"","footer-sml-layout":"","ast-disable-related-posts":"","theme-transparent-header-meta":"default","adv-header-id-meta":"","stick-header-meta":"","header-above-stick-meta":"","header-main-stick-meta":"","header-below-stick-meta":"","astra-migrate-meta-layouts":"set","ast-page-background-enabled":"default","ast-page-background-meta":{"desktop":{"background-color":"","background-image":"","background-repeat":"repeat","background-position":"center center","background-size":"auto","background-attachment":"scroll","background-type":"","background-media":"","overlay-type":"","overlay-color":"","overlay-opacity":"","overlay-gradient":""},"tablet":{"background-color":"","background-image":"","background-repeat":"repeat","background-position":"center center","background-size":"auto","background-attachment":"scroll","background-type":"","background-media":"","overlay-type":"","overlay-color":"","overlay-opacity":"","overlay-gradient":""},"mobile":{"background-color":"","background-image":"","background-repeat":"repeat","background-position":"center center","background-size":"auto","background-attachment":"scroll","background-type":"","background-media":"","overlay-type":"","overlay-color":"","overlay-opacity":"","overlay-gradient":""}},"ast-content-background-meta":{"desktop":{"background-color":"var(--ast-global-color-5)","background-image":"","background-repeat":"repeat","background-position":"center center","background-size":"auto","background-attachment":"scroll","background-type":"","background-media":"","overlay-type":"","overlay-color":"","overlay-opacity":"","overlay-gradient":""},"tablet":{"background-color":"var(--ast-global-color-5)","background-image":"","background-repeat":"repeat","background-position":"center center","background-size":"auto","background-attachment":"scroll","background-type":"","background-media":"","overlay-type":"","overlay-color":"","overlay-opacity":"","overlay-gradient":""},"mobile":{"background-color":"var(--ast-global-color-5)","background-image":"","background-repeat":"repeat","background-position":"center center","background-size":"auto","background-attachment":"scroll","background-type":"","background-media":"","overlay-type":"","overlay-color":"","overlay-opacity":"","overlay-gradient":""}},"jetpack_publicize_message":"","jetpack_publicize_feature_enabled":true,"jetpack_social_post_already_shared":false,"jetpack_social_options":{"image_generator_settings":{"template":"highway","enabled":false},"version":2}},"product_brand":[],"product_cat":[204],"product_tag":[260,261,257,254,255,256],"class_list":{"0":"post-2195","1":"product","2":"type-product","3":"status-publish","4":"has-post-thumbnail","6":"product_cat-faldas-vintage","7":"product_tag-70s","8":"product_tag-80s","9":"product_tag-biker","10":"product_tag-invierno","11":"product_tag-otono","12":"product_tag-primavera","13":"desktop-align-left","14":"tablet-align-left","15":"mobile-align-left","17":"first","18":"instock","19":"taxable","20":"shipping-taxable","21":"purchasable","22":"product-type-simple","23":"wpzoom-wc-spi-has-enabled"},"jetpack_publicize_connections":[],"yoast_head":"<!-- This site is optimized with the Yoast SEO plugin v27.1.1 - https:\/\/yoast.com\/product\/yoast-seo-wordpress\/ -->\n<title>Falda negra de tubo corta vintage 90s XS - Barcino Vintage Factory<\/title>\n<meta name=\"robots\" content=\"index, follow, max-snippet:-1, max-image-preview:large, max-video-preview:-1\" \/>\n<link rel=\"canonical\" href=\"https:\/\/barcinovintagefactory.com\/en\/product\/miguel-gil-vintage-knee-lenght-pencil-skirt-black-xs-s\/\" \/>\n<meta property=\"og:locale\" content=\"en_GB\" \/>\n<meta property=\"og:type\" content=\"article\" \/>\n<meta property=\"og:title\" content=\"Falda negra de tubo corta vintage 90s XS - Barcino Vintage Factory\" \/>\n<meta property=\"og:description\" content=\"Perfecto estado, mide 34 cm de cintura, 44 de cadera y 54 de largo.  Falda negra de tubo por la rodilla con forro interior. Ideal para primavera y verano en los d\u00edas m\u00e1s fresquitos o para invierno. Queda genial para combinarlo con alguna blusa o camisa chula o con alg\u00fan polo para darle un rollo m\u00e1s atrevido a tu look. Puedes combinarla tambi\u00e9n con un jersey de punto en invierno o con una sudadera para ir a la \u00faltima y marcar tendencia con un rollo diferente.  Marca: Miguel Gil, vintage Talla en la prenda: 44  Talla recomendada: XS Material: Estado: perfecto, pr\u00e1cticamente como nuevo\" \/>\n<meta property=\"og:url\" content=\"https:\/\/barcinovintagefactory.com\/en\/product\/miguel-gil-vintage-knee-lenght-pencil-skirt-black-xs-s\/\" \/>\n<meta property=\"og:site_name\" content=\"Barcino Vintage Factory\" \/>\n<meta property=\"article:modified_time\" content=\"2026-04-20T23:46:42+00:00\" \/>\n<meta property=\"og:image\" content=\"https:\/\/barcinovintagefactory.com\/wp-content\/uploads\/2025\/03\/IMG_20250128_193508-scaled.jpg\" \/>\n\t<meta property=\"og:image:width\" content=\"1920\" \/>\n\t<meta property=\"og:image:height\" content=\"2560\" \/>\n\t<meta property=\"og:image:type\" content=\"image\/jpeg\" \/>\n<meta name=\"twitter:card\" content=\"summary_large_image\" \/>\n<meta name=\"twitter:label1\" content=\"Estimated reading time\" \/>\n\t<meta name=\"twitter:data1\" content=\"1 minute\" \/>\n<script type=\"application\/ld+json\" class=\"yoast-schema-graph\">{\"@context\":\"https:\/\/schema.org\",\"@graph\":[{\"@type\":\"WebPage\",\"@id\":\"https:\/\/barcinovintagefactory.com\/producto\/miguel-gil-vintage-knee-lenght-pencil-skirt-black-xs-s\/\",\"url\":\"https:\/\/barcinovintagefactory.com\/producto\/miguel-gil-vintage-knee-lenght-pencil-skirt-black-xs-s\/\",\"name\":\"Falda negra de tubo corta vintage 90s XS - Barcino Vintage Factory\",\"isPartOf\":{\"@id\":\"https:\/\/barcinovintagefactory.com\/#website\"},\"primaryImageOfPage\":{\"@id\":\"https:\/\/barcinovintagefactory.com\/producto\/miguel-gil-vintage-knee-lenght-pencil-skirt-black-xs-s\/#primaryimage\"},\"image\":{\"@id\":\"https:\/\/barcinovintagefactory.com\/producto\/miguel-gil-vintage-knee-lenght-pencil-skirt-black-xs-s\/#primaryimage\"},\"thumbnailUrl\":\"https:\/\/barcinovintagefactory.com\/wp-content\/uploads\/2025\/03\/IMG_20250128_193508-scaled.jpg\",\"datePublished\":\"2025-03-05T00:40:13+00:00\",\"dateModified\":\"2026-04-20T23:46:42+00:00\",\"breadcrumb\":{\"@id\":\"https:\/\/barcinovintagefactory.com\/producto\/miguel-gil-vintage-knee-lenght-pencil-skirt-black-xs-s\/#breadcrumb\"},\"inLanguage\":\"en-GB\",\"potentialAction\":[{\"@type\":\"ReadAction\",\"target\":[\"https:\/\/barcinovintagefactory.com\/producto\/miguel-gil-vintage-knee-lenght-pencil-skirt-black-xs-s\/\"]}]},{\"@type\":\"ImageObject\",\"inLanguage\":\"en-GB\",\"@id\":\"https:\/\/barcinovintagefactory.com\/producto\/miguel-gil-vintage-knee-lenght-pencil-skirt-black-xs-s\/#primaryimage\",\"url\":\"https:\/\/barcinovintagefactory.com\/wp-content\/uploads\/2025\/03\/IMG_20250128_193508-scaled.jpg\",\"contentUrl\":\"https:\/\/barcinovintagefactory.com\/wp-content\/uploads\/2025\/03\/IMG_20250128_193508-scaled.jpg\",\"width\":1920,\"height\":2560},{\"@type\":\"BreadcrumbList\",\"@id\":\"https:\/\/barcinovintagefactory.com\/producto\/miguel-gil-vintage-knee-lenght-pencil-skirt-black-xs-s\/#breadcrumb\",\"itemListElement\":[{\"@type\":\"ListItem\",\"position\":1,\"name\":\"Portada\",\"item\":\"https:\/\/barcinovintagefactory.com\/\"},{\"@type\":\"ListItem\",\"position\":2,\"name\":\"Tienda filtro\",\"item\":\"https:\/\/barcinovintagefactory.com\/?page_id=1613\"},{\"@type\":\"ListItem\",\"position\":3,\"name\":\"Falda negra de tubo corta vintage 90s XS\"}]},{\"@type\":\"WebSite\",\"@id\":\"https:\/\/barcinovintagefactory.com\/#website\",\"url\":\"https:\/\/barcinovintagefactory.com\/\",\"name\":\"Barcino Vintage Factory\",\"description\":\"Tienda de ropa vintage Barcelona, Espa\u00f1a. DROP DIARIO a las 12:30 PM + de 30 prendas nuevas cada semana\",\"publisher\":{\"@id\":\"https:\/\/barcinovintagefactory.com\/#organization\"},\"potentialAction\":[{\"@type\":\"SearchAction\",\"target\":{\"@type\":\"EntryPoint\",\"urlTemplate\":\"https:\/\/barcinovintagefactory.com\/?s={search_term_string}\"},\"query-input\":{\"@type\":\"PropertyValueSpecification\",\"valueRequired\":true,\"valueName\":\"search_term_string\"}}],\"inLanguage\":\"en-GB\"},{\"@type\":\"Organization\",\"@id\":\"https:\/\/barcinovintagefactory.com\/#organization\",\"name\":\"Barcino Vintage Factory\",\"url\":\"https:\/\/barcinovintagefactory.com\/\",\"logo\":{\"@type\":\"ImageObject\",\"inLanguage\":\"en-GB\",\"@id\":\"https:\/\/barcinovintagefactory.com\/#\/schema\/logo\/image\/\",\"url\":\"https:\/\/barcinovintagefactory.com\/wp-content\/uploads\/2025\/03\/LOGO-BVF-FONDO-COLOR-1PEKENOyyyyyyyyyy.png\",\"contentUrl\":\"https:\/\/barcinovintagefactory.com\/wp-content\/uploads\/2025\/03\/LOGO-BVF-FONDO-COLOR-1PEKENOyyyyyyyyyy.png\",\"width\":1743,\"height\":1683,\"caption\":\"Barcino Vintage Factory\"},\"image\":{\"@id\":\"https:\/\/barcinovintagefactory.com\/#\/schema\/logo\/image\/\"},\"sameAs\":[\"https:\/\/www.tiktok.com\/@barcinovintagefactory\",\"https:\/\/es.pinterest.com\/BarcinoVintageFactory\",\"https:\/\/www.instagram.com\/barcino.vintagefactory\/\"]}]}<\/script>\n<!-- \/ Yoast SEO plugin. -->","yoast_head_json":{"title":"Falda negra de tubo corta vintage 90s XS - Barcino Vintage Factory","robots":{"index":"index","follow":"follow","max-snippet":"max-snippet:-1","max-image-preview":"max-image-preview:large","max-video-preview":"max-video-preview:-1"},"canonical":"https:\/\/barcinovintagefactory.com\/en\/product\/miguel-gil-vintage-knee-lenght-pencil-skirt-black-xs-s\/","og_locale":"en_GB","og_type":"article","og_title":"Falda negra de tubo corta vintage 90s XS - Barcino Vintage Factory","og_description":"Perfecto estado, mide 34 cm de cintura, 44 de cadera y 54 de largo.  Falda negra de tubo por la rodilla con forro interior. Ideal para primavera y verano en los d\u00edas m\u00e1s fresquitos o para invierno. Queda genial para combinarlo con alguna blusa o camisa chula o con alg\u00fan polo para darle un rollo m\u00e1s atrevido a tu look. Puedes combinarla tambi\u00e9n con un jersey de punto en invierno o con una sudadera para ir a la \u00faltima y marcar tendencia con un rollo diferente.  Marca: Miguel Gil, vintage Talla en la prenda: 44  Talla recomendada: XS Material: Estado: perfecto, pr\u00e1cticamente como nuevo","og_url":"https:\/\/barcinovintagefactory.com\/en\/product\/miguel-gil-vintage-knee-lenght-pencil-skirt-black-xs-s\/","og_site_name":"Barcino Vintage Factory","article_modified_time":"2026-04-20T23:46:42+00:00","og_image":[{"width":1920,"height":2560,"url":"https:\/\/barcinovintagefactory.com\/wp-content\/uploads\/2025\/03\/IMG_20250128_193508-scaled.jpg","type":"image\/jpeg"}],"twitter_card":"summary_large_image","twitter_misc":{"Estimated reading time":"1 minute"},"schema":{"@context":"https:\/\/schema.org","@graph":[{"@type":"WebPage","@id":"https:\/\/barcinovintagefactory.com\/producto\/miguel-gil-vintage-knee-lenght-pencil-skirt-black-xs-s\/","url":"https:\/\/barcinovintagefactory.com\/producto\/miguel-gil-vintage-knee-lenght-pencil-skirt-black-xs-s\/","name":"Falda negra de tubo corta vintage 90s XS - Barcino Vintage Factory","isPartOf":{"@id":"https:\/\/barcinovintagefactory.com\/#website"},"primaryImageOfPage":{"@id":"https:\/\/barcinovintagefactory.com\/producto\/miguel-gil-vintage-knee-lenght-pencil-skirt-black-xs-s\/#primaryimage"},"image":{"@id":"https:\/\/barcinovintagefactory.com\/producto\/miguel-gil-vintage-knee-lenght-pencil-skirt-black-xs-s\/#primaryimage"},"thumbnailUrl":"https:\/\/barcinovintagefactory.com\/wp-content\/uploads\/2025\/03\/IMG_20250128_193508-scaled.jpg","datePublished":"2025-03-05T00:40:13+00:00","dateModified":"2026-04-20T23:46:42+00:00","breadcrumb":{"@id":"https:\/\/barcinovintagefactory.com\/producto\/miguel-gil-vintage-knee-lenght-pencil-skirt-black-xs-s\/#breadcrumb"},"inLanguage":"en-GB","potentialAction":[{"@type":"ReadAction","target":["https:\/\/barcinovintagefactory.com\/producto\/miguel-gil-vintage-knee-lenght-pencil-skirt-black-xs-s\/"]}]},{"@type":"ImageObject","inLanguage":"en-GB","@id":"https:\/\/barcinovintagefactory.com\/producto\/miguel-gil-vintage-knee-lenght-pencil-skirt-black-xs-s\/#primaryimage","url":"https:\/\/barcinovintagefactory.com\/wp-content\/uploads\/2025\/03\/IMG_20250128_193508-scaled.jpg","contentUrl":"https:\/\/barcinovintagefactory.com\/wp-content\/uploads\/2025\/03\/IMG_20250128_193508-scaled.jpg","width":1920,"height":2560},{"@type":"BreadcrumbList","@id":"https:\/\/barcinovintagefactory.com\/producto\/miguel-gil-vintage-knee-lenght-pencil-skirt-black-xs-s\/#breadcrumb","itemListElement":[{"@type":"ListItem","position":1,"name":"Portada","item":"https:\/\/barcinovintagefactory.com\/"},{"@type":"ListItem","position":2,"name":"Tienda filtro","item":"https:\/\/barcinovintagefactory.com\/?page_id=1613"},{"@type":"ListItem","position":3,"name":"Falda negra de tubo corta vintage 90s XS"}]},{"@type":"WebSite","@id":"https:\/\/barcinovintagefactory.com\/#website","url":"https:\/\/barcinovintagefactory.com\/","name":"Barcino Vintage Factory","description":"Tienda de ropa vintage Barcelona, Espa\u00f1a. DROP DIARIO a las 12:30 PM + de 30 prendas nuevas cada semana","publisher":{"@id":"https:\/\/barcinovintagefactory.com\/#organization"},"potentialAction":[{"@type":"SearchAction","target":{"@type":"EntryPoint","urlTemplate":"https:\/\/barcinovintagefactory.com\/?s={search_term_string}"},"query-input":{"@type":"PropertyValueSpecification","valueRequired":true,"valueName":"search_term_string"}}],"inLanguage":"en-GB"},{"@type":"Organization","@id":"https:\/\/barcinovintagefactory.com\/#organization","name":"Barcino Vintage Factory","url":"https:\/\/barcinovintagefactory.com\/","logo":{"@type":"ImageObject","inLanguage":"en-GB","@id":"https:\/\/barcinovintagefactory.com\/#\/schema\/logo\/image\/","url":"https:\/\/barcinovintagefactory.com\/wp-content\/uploads\/2025\/03\/LOGO-BVF-FONDO-COLOR-1PEKENOyyyyyyyyyy.png","contentUrl":"https:\/\/barcinovintagefactory.com\/wp-content\/uploads\/2025\/03\/LOGO-BVF-FONDO-COLOR-1PEKENOyyyyyyyyyy.png","width":1743,"height":1683,"caption":"Barcino Vintage Factory"},"image":{"@id":"https:\/\/barcinovintagefactory.com\/#\/schema\/logo\/image\/"},"sameAs":["https:\/\/www.tiktok.com\/@barcinovintagefactory","https:\/\/es.pinterest.com\/BarcinoVintageFactory","https:\/\/www.instagram.com\/barcino.vintagefactory\/"]}]}},"jetpack_sharing_enabled":true,"_links":{"self":[{"href":"https:\/\/barcinovintagefactory.com\/en\/wp-json\/wp\/v2\/product\/2195","targetHints":{"allow":["GET"]}}],"collection":[{"href":"https:\/\/barcinovintagefactory.com\/en\/wp-json\/wp\/v2\/product"}],"about":[{"href":"https:\/\/barcinovintagefactory.com\/en\/wp-json\/wp\/v2\/types\/product"}],"replies":[{"embeddable":true,"href":"https:\/\/barcinovintagefactory.com\/en\/wp-json\/wp\/v2\/comments?post=2195"}],"wp:featuredmedia":[{"embeddable":true,"href":"https:\/\/barcinovintagefactory.com\/en\/wp-json\/wp\/v2\/media\/4557"}],"wp:attachment":[{"href":"https:\/\/barcinovintagefactory.com\/en\/wp-json\/wp\/v2\/media?parent=2195"}],"wp:term":[{"taxonomy":"product_brand","embeddable":true,"href":"https:\/\/barcinovintagefactory.com\/en\/wp-json\/wp\/v2\/product_brand?post=2195"},{"taxonomy":"product_cat","embeddable":true,"href":"https:\/\/barcinovintagefactory.com\/en\/wp-json\/wp\/v2\/product_cat?post=2195"},{"taxonomy":"product_tag","embeddable":true,"href":"https:\/\/barcinovintagefactory.com\/en\/wp-json\/wp\/v2\/product_tag?post=2195"}],"curies":[{"name":"wp","href":"https:\/\/api.w.org\/{rel}","templated":true}]}}