{"id":2379,"date":"2025-03-05T01:41:43","date_gmt":"2025-03-05T00:41:43","guid":{"rendered":"https:\/\/barcinovintagefactory.com\/producto\/versace-pleated-wool-pants-black-striped-44-46\/"},"modified":"2026-04-21T01:53:44","modified_gmt":"2026-04-20T23:53:44","slug":"versace-pleated-wool-pants-black-striped-44-46","status":"publish","type":"product","link":"https:\/\/barcinovintagefactory.com\/en\/product\/versace-pleated-wool-pants-black-striped-44-46\/","title":{"rendered":"Versace pantal\u00f3n de pinzas lana negro a rayas L"},"content":{"rendered":"<p>Perfecto estado, mide 45 cm de cintura, 57 de cadera, 28 de tiro, 104 de largo y 22 de ancho de tobillo.<\/p>\n<p>Pantal\u00f3n largo de vestir, traje, en negro con estampado a rayas verticales. Suite pants. Pantal\u00f3n de pinzas. Ideal para primavera y verano en los d\u00edas m\u00e1s fresquitos o para invierno. Queda genial para combinarlo con alguna camiseta chula o con alguna camisa tipo cargo explorer tanto sola como abierta por encima de la camiseta.<\/p>\n<p>Marca: Versace<\/p>\n<p>Talla en la prenda: 52<\/p>\n<p>Talla recomendada: L<\/p>\n<p>Material: 99% lana y 1% poli\u00e9ster<\/p>\n<p>Estado: perfecto, pr\u00e1cticamente como nuevo<\/p>","protected":false},"excerpt":{"rendered":"<p>Pantal\u00f3n largo de vestir, traje, en negro con estampado a rayas verticales. Suite pants. Pantal\u00f3n de pinzas. Ideal para primavera y verano en los d\u00edas m\u00e1s fresquitos o para invierno. Queda genial para combinarlo con alguna camiseta chula o con alguna camisa tipo cargo explorer tanto sola como abierta por encima de la camiseta.<\/p>\n<p>Perfecto estado, mide 45 cm de cintura, 57 de cadera, 28 de tiro, 104 de largo y 22 de ancho de tobillo.<\/p>\n<p>Marca: Versace<br \/>\nTalla en la prenda: 52<\/p>\n<p>Talla recomendada: L<br \/>\nMaterial: 99% lana y 1% poli\u00e9ster<br \/>\nEstado: perfecto, pr\u00e1cticamente como nuevo<\/p>","protected":false},"featured_media":2378,"comment_status":"open","ping_status":"closed","template":"","meta":{"site-sidebar-layout":"default","site-content-layout":"","ast-site-content-layout":"default","site-content-style":"default","site-sidebar-style":"default","ast-global-header-display":"","ast-banner-title-visibility":"","ast-main-header-display":"","ast-hfb-above-header-display":"","ast-hfb-below-header-display":"","ast-hfb-mobile-header-display":"","site-post-title":"","ast-breadcrumbs-content":"","ast-featured-img":"","footer-sml-layout":"","ast-disable-related-posts":"","theme-transparent-header-meta":"default","adv-header-id-meta":"","stick-header-meta":"","header-above-stick-meta":"","header-main-stick-meta":"","header-below-stick-meta":"","astra-migrate-meta-layouts":"set","ast-page-background-enabled":"default","ast-page-background-meta":{"desktop":{"background-color":"","background-image":"","background-repeat":"repeat","background-position":"center center","background-size":"auto","background-attachment":"scroll","background-type":"","background-media":"","overlay-type":"","overlay-color":"","overlay-opacity":"","overlay-gradient":""},"tablet":{"background-color":"","background-image":"","background-repeat":"repeat","background-position":"center center","background-size":"auto","background-attachment":"scroll","background-type":"","background-media":"","overlay-type":"","overlay-color":"","overlay-opacity":"","overlay-gradient":""},"mobile":{"background-color":"","background-image":"","background-repeat":"repeat","background-position":"center center","background-size":"auto","background-attachment":"scroll","background-type":"","background-media":"","overlay-type":"","overlay-color":"","overlay-opacity":"","overlay-gradient":""}},"ast-content-background-meta":{"desktop":{"background-color":"var(--ast-global-color-5)","background-image":"","background-repeat":"repeat","background-position":"center center","background-size":"auto","background-attachment":"scroll","background-type":"","background-media":"","overlay-type":"","overlay-color":"","overlay-opacity":"","overlay-gradient":""},"tablet":{"background-color":"var(--ast-global-color-5)","background-image":"","background-repeat":"repeat","background-position":"center center","background-size":"auto","background-attachment":"scroll","background-type":"","background-media":"","overlay-type":"","overlay-color":"","overlay-opacity":"","overlay-gradient":""},"mobile":{"background-color":"var(--ast-global-color-5)","background-image":"","background-repeat":"repeat","background-position":"center center","background-size":"auto","background-attachment":"scroll","background-type":"","background-media":"","overlay-type":"","overlay-color":"","overlay-opacity":"","overlay-gradient":""}},"jetpack_publicize_message":"","jetpack_publicize_feature_enabled":true,"jetpack_social_post_already_shared":false,"jetpack_social_options":{"image_generator_settings":{"template":"highway","enabled":false},"version":2}},"product_brand":[],"product_cat":[205],"product_tag":[254,255,256,263],"class_list":{"0":"post-2379","1":"product","2":"type-product","3":"status-publish","4":"has-post-thumbnail","6":"product_cat-pantalones-vintage","7":"product_tag-invierno","8":"product_tag-otono","9":"product_tag-primavera","10":"product_tag-y2k","11":"desktop-align-left","12":"tablet-align-left","13":"mobile-align-left","15":"first","16":"outofstock","17":"taxable","18":"shipping-taxable","19":"purchasable","20":"product-type-simple","21":"wpzoom-wc-spi-has-enabled"},"jetpack_publicize_connections":[],"yoast_head":"<!-- This site is optimized with the Yoast SEO plugin v27.1.1 - https:\/\/yoast.com\/product\/yoast-seo-wordpress\/ -->\n<title>Versace pantal\u00f3n de pinzas lana negro a rayas L - Barcino Vintage Factory<\/title>\n<meta name=\"robots\" content=\"index, follow, max-snippet:-1, max-image-preview:large, max-video-preview:-1\" \/>\n<link rel=\"canonical\" href=\"https:\/\/barcinovintagefactory.com\/en\/product\/versace-pleated-wool-pants-black-striped-44-46\/\" \/>\n<meta property=\"og:locale\" content=\"en_GB\" \/>\n<meta property=\"og:type\" content=\"article\" \/>\n<meta property=\"og:title\" content=\"Versace pantal\u00f3n de pinzas lana negro a rayas L - Barcino Vintage Factory\" \/>\n<meta property=\"og:description\" content=\"Pantal\u00f3n largo de vestir, traje, en negro con estampado a rayas verticales. Suite pants. Pantal\u00f3n de pinzas. Ideal para primavera y verano en los d\u00edas m\u00e1s fresquitos o para invierno. Queda genial para combinarlo con alguna camiseta chula o con alguna camisa tipo cargo explorer tanto sola como abierta por encima de la camiseta.  Perfecto estado, mide 45 cm de cintura, 57 de cadera, 28 de tiro, 104 de largo y 22 de ancho de tobillo.  Marca: Versace Talla en la prenda: 52  Talla recomendada: L Material: 99% lana y 1% poli\u00e9ster Estado: perfecto, pr\u00e1cticamente como nuevo\" \/>\n<meta property=\"og:url\" content=\"https:\/\/barcinovintagefactory.com\/en\/product\/versace-pleated-wool-pants-black-striped-44-46\/\" \/>\n<meta property=\"og:site_name\" content=\"Barcino Vintage Factory\" \/>\n<meta property=\"article:modified_time\" content=\"2026-04-20T23:53:44+00:00\" \/>\n<meta property=\"og:image\" content=\"https:\/\/barcinovintagefactory.com\/wp-content\/uploads\/2025\/03\/9d69de80-ad0e-4ba8-bf2c-e68b675f94b4.jpeg\" \/>\n\t<meta property=\"og:image:width\" content=\"1530\" \/>\n\t<meta property=\"og:image:height\" content=\"2040\" \/>\n\t<meta property=\"og:image:type\" content=\"image\/jpeg\" \/>\n<meta name=\"twitter:card\" content=\"summary_large_image\" \/>\n<meta name=\"twitter:label1\" content=\"Estimated reading time\" \/>\n\t<meta name=\"twitter:data1\" content=\"1 minute\" \/>\n<script type=\"application\/ld+json\" class=\"yoast-schema-graph\">{\"@context\":\"https:\/\/schema.org\",\"@graph\":[{\"@type\":\"WebPage\",\"@id\":\"https:\/\/barcinovintagefactory.com\/producto\/versace-pleated-wool-pants-black-striped-44-46\/\",\"url\":\"https:\/\/barcinovintagefactory.com\/producto\/versace-pleated-wool-pants-black-striped-44-46\/\",\"name\":\"Versace pantal\u00f3n de pinzas lana negro a rayas L - Barcino Vintage Factory\",\"isPartOf\":{\"@id\":\"https:\/\/barcinovintagefactory.com\/#website\"},\"primaryImageOfPage\":{\"@id\":\"https:\/\/barcinovintagefactory.com\/producto\/versace-pleated-wool-pants-black-striped-44-46\/#primaryimage\"},\"image\":{\"@id\":\"https:\/\/barcinovintagefactory.com\/producto\/versace-pleated-wool-pants-black-striped-44-46\/#primaryimage\"},\"thumbnailUrl\":\"https:\/\/barcinovintagefactory.com\/wp-content\/uploads\/2025\/03\/9d69de80-ad0e-4ba8-bf2c-e68b675f94b4.jpeg\",\"datePublished\":\"2025-03-05T00:41:43+00:00\",\"dateModified\":\"2026-04-20T23:53:44+00:00\",\"breadcrumb\":{\"@id\":\"https:\/\/barcinovintagefactory.com\/producto\/versace-pleated-wool-pants-black-striped-44-46\/#breadcrumb\"},\"inLanguage\":\"en-GB\",\"potentialAction\":[{\"@type\":\"ReadAction\",\"target\":[\"https:\/\/barcinovintagefactory.com\/producto\/versace-pleated-wool-pants-black-striped-44-46\/\"]}]},{\"@type\":\"ImageObject\",\"inLanguage\":\"en-GB\",\"@id\":\"https:\/\/barcinovintagefactory.com\/producto\/versace-pleated-wool-pants-black-striped-44-46\/#primaryimage\",\"url\":\"https:\/\/barcinovintagefactory.com\/wp-content\/uploads\/2025\/03\/9d69de80-ad0e-4ba8-bf2c-e68b675f94b4.jpeg\",\"contentUrl\":\"https:\/\/barcinovintagefactory.com\/wp-content\/uploads\/2025\/03\/9d69de80-ad0e-4ba8-bf2c-e68b675f94b4.jpeg\",\"width\":1530,\"height\":2040},{\"@type\":\"BreadcrumbList\",\"@id\":\"https:\/\/barcinovintagefactory.com\/producto\/versace-pleated-wool-pants-black-striped-44-46\/#breadcrumb\",\"itemListElement\":[{\"@type\":\"ListItem\",\"position\":1,\"name\":\"Portada\",\"item\":\"https:\/\/barcinovintagefactory.com\/\"},{\"@type\":\"ListItem\",\"position\":2,\"name\":\"Tienda filtro\",\"item\":\"https:\/\/barcinovintagefactory.com\/?page_id=1613\"},{\"@type\":\"ListItem\",\"position\":3,\"name\":\"Versace pantal\u00f3n de pinzas lana negro a rayas L\"}]},{\"@type\":\"WebSite\",\"@id\":\"https:\/\/barcinovintagefactory.com\/#website\",\"url\":\"https:\/\/barcinovintagefactory.com\/\",\"name\":\"Barcino Vintage Factory\",\"description\":\"Tienda de ropa vintage Barcelona, Espa\u00f1a. DROP DIARIO a las 12:30 PM + de 30 prendas nuevas cada semana\",\"publisher\":{\"@id\":\"https:\/\/barcinovintagefactory.com\/#organization\"},\"potentialAction\":[{\"@type\":\"SearchAction\",\"target\":{\"@type\":\"EntryPoint\",\"urlTemplate\":\"https:\/\/barcinovintagefactory.com\/?s={search_term_string}\"},\"query-input\":{\"@type\":\"PropertyValueSpecification\",\"valueRequired\":true,\"valueName\":\"search_term_string\"}}],\"inLanguage\":\"en-GB\"},{\"@type\":\"Organization\",\"@id\":\"https:\/\/barcinovintagefactory.com\/#organization\",\"name\":\"Barcino Vintage Factory\",\"url\":\"https:\/\/barcinovintagefactory.com\/\",\"logo\":{\"@type\":\"ImageObject\",\"inLanguage\":\"en-GB\",\"@id\":\"https:\/\/barcinovintagefactory.com\/#\/schema\/logo\/image\/\",\"url\":\"https:\/\/barcinovintagefactory.com\/wp-content\/uploads\/2025\/03\/LOGO-BVF-FONDO-COLOR-1PEKENOyyyyyyyyyy.png\",\"contentUrl\":\"https:\/\/barcinovintagefactory.com\/wp-content\/uploads\/2025\/03\/LOGO-BVF-FONDO-COLOR-1PEKENOyyyyyyyyyy.png\",\"width\":1743,\"height\":1683,\"caption\":\"Barcino Vintage Factory\"},\"image\":{\"@id\":\"https:\/\/barcinovintagefactory.com\/#\/schema\/logo\/image\/\"},\"sameAs\":[\"https:\/\/www.tiktok.com\/@barcinovintagefactory\",\"https:\/\/es.pinterest.com\/BarcinoVintageFactory\",\"https:\/\/www.instagram.com\/barcino.vintagefactory\/\"]}]}<\/script>\n<!-- \/ Yoast SEO plugin. -->","yoast_head_json":{"title":"Versace pantal\u00f3n de pinzas lana negro a rayas L - Barcino Vintage Factory","robots":{"index":"index","follow":"follow","max-snippet":"max-snippet:-1","max-image-preview":"max-image-preview:large","max-video-preview":"max-video-preview:-1"},"canonical":"https:\/\/barcinovintagefactory.com\/en\/product\/versace-pleated-wool-pants-black-striped-44-46\/","og_locale":"en_GB","og_type":"article","og_title":"Versace pantal\u00f3n de pinzas lana negro a rayas L - Barcino Vintage Factory","og_description":"Pantal\u00f3n largo de vestir, traje, en negro con estampado a rayas verticales. Suite pants. Pantal\u00f3n de pinzas. Ideal para primavera y verano en los d\u00edas m\u00e1s fresquitos o para invierno. Queda genial para combinarlo con alguna camiseta chula o con alguna camisa tipo cargo explorer tanto sola como abierta por encima de la camiseta.  Perfecto estado, mide 45 cm de cintura, 57 de cadera, 28 de tiro, 104 de largo y 22 de ancho de tobillo.  Marca: Versace Talla en la prenda: 52  Talla recomendada: L Material: 99% lana y 1% poli\u00e9ster Estado: perfecto, pr\u00e1cticamente como nuevo","og_url":"https:\/\/barcinovintagefactory.com\/en\/product\/versace-pleated-wool-pants-black-striped-44-46\/","og_site_name":"Barcino Vintage Factory","article_modified_time":"2026-04-20T23:53:44+00:00","og_image":[{"width":1530,"height":2040,"url":"https:\/\/barcinovintagefactory.com\/wp-content\/uploads\/2025\/03\/9d69de80-ad0e-4ba8-bf2c-e68b675f94b4.jpeg","type":"image\/jpeg"}],"twitter_card":"summary_large_image","twitter_misc":{"Estimated reading time":"1 minute"},"schema":{"@context":"https:\/\/schema.org","@graph":[{"@type":"WebPage","@id":"https:\/\/barcinovintagefactory.com\/producto\/versace-pleated-wool-pants-black-striped-44-46\/","url":"https:\/\/barcinovintagefactory.com\/producto\/versace-pleated-wool-pants-black-striped-44-46\/","name":"Versace pantal\u00f3n de pinzas lana negro a rayas L - Barcino Vintage Factory","isPartOf":{"@id":"https:\/\/barcinovintagefactory.com\/#website"},"primaryImageOfPage":{"@id":"https:\/\/barcinovintagefactory.com\/producto\/versace-pleated-wool-pants-black-striped-44-46\/#primaryimage"},"image":{"@id":"https:\/\/barcinovintagefactory.com\/producto\/versace-pleated-wool-pants-black-striped-44-46\/#primaryimage"},"thumbnailUrl":"https:\/\/barcinovintagefactory.com\/wp-content\/uploads\/2025\/03\/9d69de80-ad0e-4ba8-bf2c-e68b675f94b4.jpeg","datePublished":"2025-03-05T00:41:43+00:00","dateModified":"2026-04-20T23:53:44+00:00","breadcrumb":{"@id":"https:\/\/barcinovintagefactory.com\/producto\/versace-pleated-wool-pants-black-striped-44-46\/#breadcrumb"},"inLanguage":"en-GB","potentialAction":[{"@type":"ReadAction","target":["https:\/\/barcinovintagefactory.com\/producto\/versace-pleated-wool-pants-black-striped-44-46\/"]}]},{"@type":"ImageObject","inLanguage":"en-GB","@id":"https:\/\/barcinovintagefactory.com\/producto\/versace-pleated-wool-pants-black-striped-44-46\/#primaryimage","url":"https:\/\/barcinovintagefactory.com\/wp-content\/uploads\/2025\/03\/9d69de80-ad0e-4ba8-bf2c-e68b675f94b4.jpeg","contentUrl":"https:\/\/barcinovintagefactory.com\/wp-content\/uploads\/2025\/03\/9d69de80-ad0e-4ba8-bf2c-e68b675f94b4.jpeg","width":1530,"height":2040},{"@type":"BreadcrumbList","@id":"https:\/\/barcinovintagefactory.com\/producto\/versace-pleated-wool-pants-black-striped-44-46\/#breadcrumb","itemListElement":[{"@type":"ListItem","position":1,"name":"Portada","item":"https:\/\/barcinovintagefactory.com\/"},{"@type":"ListItem","position":2,"name":"Tienda filtro","item":"https:\/\/barcinovintagefactory.com\/?page_id=1613"},{"@type":"ListItem","position":3,"name":"Versace pantal\u00f3n de pinzas lana negro a rayas L"}]},{"@type":"WebSite","@id":"https:\/\/barcinovintagefactory.com\/#website","url":"https:\/\/barcinovintagefactory.com\/","name":"Barcino Vintage Factory","description":"Tienda de ropa vintage Barcelona, Espa\u00f1a. DROP DIARIO a las 12:30 PM + de 30 prendas nuevas cada semana","publisher":{"@id":"https:\/\/barcinovintagefactory.com\/#organization"},"potentialAction":[{"@type":"SearchAction","target":{"@type":"EntryPoint","urlTemplate":"https:\/\/barcinovintagefactory.com\/?s={search_term_string}"},"query-input":{"@type":"PropertyValueSpecification","valueRequired":true,"valueName":"search_term_string"}}],"inLanguage":"en-GB"},{"@type":"Organization","@id":"https:\/\/barcinovintagefactory.com\/#organization","name":"Barcino Vintage Factory","url":"https:\/\/barcinovintagefactory.com\/","logo":{"@type":"ImageObject","inLanguage":"en-GB","@id":"https:\/\/barcinovintagefactory.com\/#\/schema\/logo\/image\/","url":"https:\/\/barcinovintagefactory.com\/wp-content\/uploads\/2025\/03\/LOGO-BVF-FONDO-COLOR-1PEKENOyyyyyyyyyy.png","contentUrl":"https:\/\/barcinovintagefactory.com\/wp-content\/uploads\/2025\/03\/LOGO-BVF-FONDO-COLOR-1PEKENOyyyyyyyyyy.png","width":1743,"height":1683,"caption":"Barcino Vintage Factory"},"image":{"@id":"https:\/\/barcinovintagefactory.com\/#\/schema\/logo\/image\/"},"sameAs":["https:\/\/www.tiktok.com\/@barcinovintagefactory","https:\/\/es.pinterest.com\/BarcinoVintageFactory","https:\/\/www.instagram.com\/barcino.vintagefactory\/"]}]}},"jetpack_sharing_enabled":true,"_links":{"self":[{"href":"https:\/\/barcinovintagefactory.com\/en\/wp-json\/wp\/v2\/product\/2379","targetHints":{"allow":["GET"]}}],"collection":[{"href":"https:\/\/barcinovintagefactory.com\/en\/wp-json\/wp\/v2\/product"}],"about":[{"href":"https:\/\/barcinovintagefactory.com\/en\/wp-json\/wp\/v2\/types\/product"}],"replies":[{"embeddable":true,"href":"https:\/\/barcinovintagefactory.com\/en\/wp-json\/wp\/v2\/comments?post=2379"}],"wp:featuredmedia":[{"embeddable":true,"href":"https:\/\/barcinovintagefactory.com\/en\/wp-json\/wp\/v2\/media\/2378"}],"wp:attachment":[{"href":"https:\/\/barcinovintagefactory.com\/en\/wp-json\/wp\/v2\/media?parent=2379"}],"wp:term":[{"taxonomy":"product_brand","embeddable":true,"href":"https:\/\/barcinovintagefactory.com\/en\/wp-json\/wp\/v2\/product_brand?post=2379"},{"taxonomy":"product_cat","embeddable":true,"href":"https:\/\/barcinovintagefactory.com\/en\/wp-json\/wp\/v2\/product_cat?post=2379"},{"taxonomy":"product_tag","embeddable":true,"href":"https:\/\/barcinovintagefactory.com\/en\/wp-json\/wp\/v2\/product_tag?post=2379"}],"curies":[{"name":"wp","href":"https:\/\/api.w.org\/{rel}","templated":true}]}}