{"id":4832,"date":"2025-03-27T00:29:58","date_gmt":"2025-03-26T23:29:58","guid":{"rendered":"https:\/\/barcinovintagefactory.com\/?post_type=product&#038;p=4832"},"modified":"2026-04-20T16:25:05","modified_gmt":"2026-04-20T14:25:05","slug":"nba-adidas-lakers-tank-top-bryan-24-yellow-violet-s","status":"publish","type":"product","link":"https:\/\/barcinovintagefactory.com\/en\/product\/nba-adidas-lakers-tank-top-bryan-24-yellow-violet-s\/","title":{"rendered":"NBA Adidas Lakers camiseta amarilla tirantes Bryan 24 S"},"content":{"rendered":"<p>Muy buen estado, mide 54cm de axila a axila y 73 de largo.<\/p>\n<p>Camiseta t\u00e9cnica deportiva de tirantes de los Lakers con el n\u00famero 24 de Bryan en amarillo y violeta. Ideal para primavera y verano o para invierno para ir a entrenar. Queda genial tanto con pantalones deportivos como incluso con una falda si quieres darle un rollo m\u00e1s atrevido a tu look.<\/p>\n<p>Marca: Adidas<br \/>\nTalla en la prenda: S<br \/>\nTalla recomendada: S<br \/>\nMaterial: poli\u00e9ster<br \/>\nEstado: bueno, las letras y los n\u00fameros presentas desperfectos del uso como se ve en las fotos.<\/p>","protected":false},"excerpt":{"rendered":"<p>Muy buen estado, mide 54cm de axila a axila y 73 de largo.<\/p>\n<p>Camiseta t\u00e9cnica deportiva de tirantes de los Lakers con el n\u00famero 24 de Bryan en amarillo y violeta. Ideal para primavera y verano o para invierno para ir a entrenar. Queda genial tanto con pantalones deportivos como incluso con una falda si quieres darle un rollo m\u00e1s atrevido a tu look.<\/p>\n<p>Marca: Adidas<br \/>\nTalla en la prenda: S<br \/>\nTalla recomendada: S<br \/>\nMaterial: poli\u00e9ster<br \/>\nEstado: bueno, las letras y los n\u00fameros presentas desperfectos del uso como se ve en las fotos.<\/p>","protected":false},"featured_media":4836,"comment_status":"open","ping_status":"closed","template":"","meta":{"site-sidebar-layout":"default","site-content-layout":"","ast-site-content-layout":"default","site-content-style":"default","site-sidebar-style":"default","ast-global-header-display":"","ast-banner-title-visibility":"","ast-main-header-display":"","ast-hfb-above-header-display":"","ast-hfb-below-header-display":"","ast-hfb-mobile-header-display":"","site-post-title":"","ast-breadcrumbs-content":"","ast-featured-img":"","footer-sml-layout":"","ast-disable-related-posts":"","theme-transparent-header-meta":"default","adv-header-id-meta":"","stick-header-meta":"","header-above-stick-meta":"","header-main-stick-meta":"","header-below-stick-meta":"","astra-migrate-meta-layouts":"set","ast-page-background-enabled":"default","ast-page-background-meta":{"desktop":{"background-color":"","background-image":"","background-repeat":"repeat","background-position":"center center","background-size":"auto","background-attachment":"scroll","background-type":"","background-media":"","overlay-type":"","overlay-color":"","overlay-opacity":"","overlay-gradient":""},"tablet":{"background-color":"","background-image":"","background-repeat":"repeat","background-position":"center center","background-size":"auto","background-attachment":"scroll","background-type":"","background-media":"","overlay-type":"","overlay-color":"","overlay-opacity":"","overlay-gradient":""},"mobile":{"background-color":"","background-image":"","background-repeat":"repeat","background-position":"center center","background-size":"auto","background-attachment":"scroll","background-type":"","background-media":"","overlay-type":"","overlay-color":"","overlay-opacity":"","overlay-gradient":""}},"ast-content-background-meta":{"desktop":{"background-color":"var(--ast-global-color-5)","background-image":"","background-repeat":"repeat","background-position":"center center","background-size":"auto","background-attachment":"scroll","background-type":"","background-media":"","overlay-type":"","overlay-color":"","overlay-opacity":"","overlay-gradient":""},"tablet":{"background-color":"var(--ast-global-color-5)","background-image":"","background-repeat":"repeat","background-position":"center center","background-size":"auto","background-attachment":"scroll","background-type":"","background-media":"","overlay-type":"","overlay-color":"","overlay-opacity":"","overlay-gradient":""},"mobile":{"background-color":"var(--ast-global-color-5)","background-image":"","background-repeat":"repeat","background-position":"center center","background-size":"auto","background-attachment":"scroll","background-type":"","background-media":"","overlay-type":"","overlay-color":"","overlay-opacity":"","overlay-gradient":""}},"jetpack_publicize_message":"","jetpack_publicize_feature_enabled":true,"jetpack_social_post_already_shared":false,"jetpack_social_options":{"image_generator_settings":{"template":"highway","enabled":false},"version":2}},"product_brand":[],"product_cat":[229,217],"product_tag":[259,253],"class_list":{"0":"post-4832","1":"product","2":"type-product","3":"status-publish","4":"has-post-thumbnail","6":"product_cat-adidas-vintage-90s","7":"product_cat-camisetas-vintage","8":"product_tag-sport","9":"product_tag-verano","10":"desktop-align-left","11":"tablet-align-left","12":"mobile-align-left","14":"first","15":"outofstock","16":"taxable","17":"shipping-taxable","18":"purchasable","19":"product-type-simple","20":"wpzoom-wc-spi-has-enabled"},"jetpack_publicize_connections":[],"yoast_head":"<!-- This site is optimized with the Yoast SEO plugin v27.1.1 - https:\/\/yoast.com\/product\/yoast-seo-wordpress\/ -->\n<title>NBA Adidas Lakers camiseta amarilla tirantes Bryan 24 S - Barcino Vintage Factory<\/title>\n<meta name=\"description\" content=\"Camiseta t\u00e9cnica deportiva de tirantes de los Lakers con el n\u00famero 24 de Bryan en amarillo y violeta. Marca: Adidas Talla en la prenda: S Talla recomendada: S Material: poli\u00e9ster Estado: bueno, las letras y los n\u00fameros presentas desperfectos del uso como se ve en las fotos.\" \/>\n<meta name=\"robots\" content=\"index, follow, max-snippet:-1, max-image-preview:large, max-video-preview:-1\" \/>\n<link rel=\"canonical\" href=\"https:\/\/barcinovintagefactory.com\/en\/product\/nba-adidas-lakers-tank-top-bryan-24-yellow-violet-s\/\" \/>\n<meta property=\"og:locale\" content=\"en_GB\" \/>\n<meta property=\"og:type\" content=\"article\" \/>\n<meta property=\"og:title\" content=\"NBA Adidas Lakers camiseta amarilla tirantes Bryan 24 S - Barcino Vintage Factory\" \/>\n<meta property=\"og:description\" content=\"Camiseta t\u00e9cnica deportiva de tirantes de los Lakers con el n\u00famero 24 de Bryan en amarillo y violeta. Marca: Adidas Talla en la prenda: S Talla recomendada: S Material: poli\u00e9ster Estado: bueno, las letras y los n\u00fameros presentas desperfectos del uso como se ve en las fotos.\" \/>\n<meta property=\"og:url\" content=\"https:\/\/barcinovintagefactory.com\/en\/product\/nba-adidas-lakers-tank-top-bryan-24-yellow-violet-s\/\" \/>\n<meta property=\"og:site_name\" content=\"Barcino Vintage Factory\" \/>\n<meta property=\"article:modified_time\" content=\"2026-04-20T14:25:05+00:00\" \/>\n<meta property=\"og:image\" content=\"https:\/\/barcinovintagefactory.com\/wp-content\/uploads\/2025\/03\/IMG_20240422_210623-scaled.jpg\" \/>\n\t<meta property=\"og:image:width\" content=\"1920\" \/>\n\t<meta property=\"og:image:height\" content=\"2560\" \/>\n\t<meta property=\"og:image:type\" content=\"image\/jpeg\" \/>\n<meta name=\"twitter:card\" content=\"summary_large_image\" \/>\n<meta name=\"twitter:label1\" content=\"Estimated reading time\" \/>\n\t<meta name=\"twitter:data1\" content=\"1 minute\" \/>\n<script type=\"application\/ld+json\" class=\"yoast-schema-graph\">{\"@context\":\"https:\/\/schema.org\",\"@graph\":[{\"@type\":\"WebPage\",\"@id\":\"https:\/\/barcinovintagefactory.com\/producto\/nba-adidas-lakers-tank-top-bryan-24-yellow-violet-s\/\",\"url\":\"https:\/\/barcinovintagefactory.com\/producto\/nba-adidas-lakers-tank-top-bryan-24-yellow-violet-s\/\",\"name\":\"NBA Adidas Lakers camiseta amarilla tirantes Bryan 24 S - Barcino Vintage Factory\",\"isPartOf\":{\"@id\":\"https:\/\/barcinovintagefactory.com\/#website\"},\"primaryImageOfPage\":{\"@id\":\"https:\/\/barcinovintagefactory.com\/producto\/nba-adidas-lakers-tank-top-bryan-24-yellow-violet-s\/#primaryimage\"},\"image\":{\"@id\":\"https:\/\/barcinovintagefactory.com\/producto\/nba-adidas-lakers-tank-top-bryan-24-yellow-violet-s\/#primaryimage\"},\"thumbnailUrl\":\"https:\/\/barcinovintagefactory.com\/wp-content\/uploads\/2025\/03\/IMG_20240422_210623-scaled.jpg\",\"datePublished\":\"2025-03-26T23:29:58+00:00\",\"dateModified\":\"2026-04-20T14:25:05+00:00\",\"description\":\"Camiseta t\u00e9cnica deportiva de tirantes de los Lakers con el n\u00famero 24 de Bryan en amarillo y violeta. Marca: Adidas Talla en la prenda: S Talla recomendada: S Material: poli\u00e9ster Estado: bueno, las letras y los n\u00fameros presentas desperfectos del uso como se ve en las fotos.\",\"breadcrumb\":{\"@id\":\"https:\/\/barcinovintagefactory.com\/producto\/nba-adidas-lakers-tank-top-bryan-24-yellow-violet-s\/#breadcrumb\"},\"inLanguage\":\"en-GB\",\"potentialAction\":[{\"@type\":\"ReadAction\",\"target\":[\"https:\/\/barcinovintagefactory.com\/producto\/nba-adidas-lakers-tank-top-bryan-24-yellow-violet-s\/\"]}]},{\"@type\":\"ImageObject\",\"inLanguage\":\"en-GB\",\"@id\":\"https:\/\/barcinovintagefactory.com\/producto\/nba-adidas-lakers-tank-top-bryan-24-yellow-violet-s\/#primaryimage\",\"url\":\"https:\/\/barcinovintagefactory.com\/wp-content\/uploads\/2025\/03\/IMG_20240422_210623-scaled.jpg\",\"contentUrl\":\"https:\/\/barcinovintagefactory.com\/wp-content\/uploads\/2025\/03\/IMG_20240422_210623-scaled.jpg\",\"width\":1920,\"height\":2560},{\"@type\":\"BreadcrumbList\",\"@id\":\"https:\/\/barcinovintagefactory.com\/producto\/nba-adidas-lakers-tank-top-bryan-24-yellow-violet-s\/#breadcrumb\",\"itemListElement\":[{\"@type\":\"ListItem\",\"position\":1,\"name\":\"Portada\",\"item\":\"https:\/\/barcinovintagefactory.com\/\"},{\"@type\":\"ListItem\",\"position\":2,\"name\":\"Tienda filtro\",\"item\":\"https:\/\/barcinovintagefactory.com\/?page_id=1613\"},{\"@type\":\"ListItem\",\"position\":3,\"name\":\"NBA Adidas Lakers camiseta amarilla tirantes Bryan 24 S\"}]},{\"@type\":\"WebSite\",\"@id\":\"https:\/\/barcinovintagefactory.com\/#website\",\"url\":\"https:\/\/barcinovintagefactory.com\/\",\"name\":\"Barcino Vintage Factory\",\"description\":\"Tienda de ropa vintage Barcelona, Espa\u00f1a. DROP DIARIO a las 12:30 PM + de 30 prendas nuevas cada semana\",\"publisher\":{\"@id\":\"https:\/\/barcinovintagefactory.com\/#organization\"},\"potentialAction\":[{\"@type\":\"SearchAction\",\"target\":{\"@type\":\"EntryPoint\",\"urlTemplate\":\"https:\/\/barcinovintagefactory.com\/?s={search_term_string}\"},\"query-input\":{\"@type\":\"PropertyValueSpecification\",\"valueRequired\":true,\"valueName\":\"search_term_string\"}}],\"inLanguage\":\"en-GB\"},{\"@type\":\"Organization\",\"@id\":\"https:\/\/barcinovintagefactory.com\/#organization\",\"name\":\"Barcino Vintage Factory\",\"url\":\"https:\/\/barcinovintagefactory.com\/\",\"logo\":{\"@type\":\"ImageObject\",\"inLanguage\":\"en-GB\",\"@id\":\"https:\/\/barcinovintagefactory.com\/#\/schema\/logo\/image\/\",\"url\":\"https:\/\/barcinovintagefactory.com\/wp-content\/uploads\/2025\/03\/LOGO-BVF-FONDO-COLOR-1PEKENOyyyyyyyyyy.png\",\"contentUrl\":\"https:\/\/barcinovintagefactory.com\/wp-content\/uploads\/2025\/03\/LOGO-BVF-FONDO-COLOR-1PEKENOyyyyyyyyyy.png\",\"width\":1743,\"height\":1683,\"caption\":\"Barcino Vintage Factory\"},\"image\":{\"@id\":\"https:\/\/barcinovintagefactory.com\/#\/schema\/logo\/image\/\"},\"sameAs\":[\"https:\/\/www.tiktok.com\/@barcinovintagefactory\",\"https:\/\/es.pinterest.com\/BarcinoVintageFactory\",\"https:\/\/www.instagram.com\/barcino.vintagefactory\/\"]}]}<\/script>\n<!-- \/ Yoast SEO plugin. -->","yoast_head_json":{"title":"NBA Adidas Lakers camiseta amarilla tirantes Bryan 24 S - Barcino Vintage Factory","description":"Camiseta t\u00e9cnica deportiva de tirantes de los Lakers con el n\u00famero 24 de Bryan en amarillo y violeta. Marca: Adidas Talla en la prenda: S Talla recomendada: S Material: poli\u00e9ster Estado: bueno, las letras y los n\u00fameros presentas desperfectos del uso como se ve en las fotos.","robots":{"index":"index","follow":"follow","max-snippet":"max-snippet:-1","max-image-preview":"max-image-preview:large","max-video-preview":"max-video-preview:-1"},"canonical":"https:\/\/barcinovintagefactory.com\/en\/product\/nba-adidas-lakers-tank-top-bryan-24-yellow-violet-s\/","og_locale":"en_GB","og_type":"article","og_title":"NBA Adidas Lakers camiseta amarilla tirantes Bryan 24 S - Barcino Vintage Factory","og_description":"Camiseta t\u00e9cnica deportiva de tirantes de los Lakers con el n\u00famero 24 de Bryan en amarillo y violeta. Marca: Adidas Talla en la prenda: S Talla recomendada: S Material: poli\u00e9ster Estado: bueno, las letras y los n\u00fameros presentas desperfectos del uso como se ve en las fotos.","og_url":"https:\/\/barcinovintagefactory.com\/en\/product\/nba-adidas-lakers-tank-top-bryan-24-yellow-violet-s\/","og_site_name":"Barcino Vintage Factory","article_modified_time":"2026-04-20T14:25:05+00:00","og_image":[{"width":1920,"height":2560,"url":"https:\/\/barcinovintagefactory.com\/wp-content\/uploads\/2025\/03\/IMG_20240422_210623-scaled.jpg","type":"image\/jpeg"}],"twitter_card":"summary_large_image","twitter_misc":{"Estimated reading time":"1 minute"},"schema":{"@context":"https:\/\/schema.org","@graph":[{"@type":"WebPage","@id":"https:\/\/barcinovintagefactory.com\/producto\/nba-adidas-lakers-tank-top-bryan-24-yellow-violet-s\/","url":"https:\/\/barcinovintagefactory.com\/producto\/nba-adidas-lakers-tank-top-bryan-24-yellow-violet-s\/","name":"NBA Adidas Lakers camiseta amarilla tirantes Bryan 24 S - Barcino Vintage Factory","isPartOf":{"@id":"https:\/\/barcinovintagefactory.com\/#website"},"primaryImageOfPage":{"@id":"https:\/\/barcinovintagefactory.com\/producto\/nba-adidas-lakers-tank-top-bryan-24-yellow-violet-s\/#primaryimage"},"image":{"@id":"https:\/\/barcinovintagefactory.com\/producto\/nba-adidas-lakers-tank-top-bryan-24-yellow-violet-s\/#primaryimage"},"thumbnailUrl":"https:\/\/barcinovintagefactory.com\/wp-content\/uploads\/2025\/03\/IMG_20240422_210623-scaled.jpg","datePublished":"2025-03-26T23:29:58+00:00","dateModified":"2026-04-20T14:25:05+00:00","description":"Camiseta t\u00e9cnica deportiva de tirantes de los Lakers con el n\u00famero 24 de Bryan en amarillo y violeta. Marca: Adidas Talla en la prenda: S Talla recomendada: S Material: poli\u00e9ster Estado: bueno, las letras y los n\u00fameros presentas desperfectos del uso como se ve en las fotos.","breadcrumb":{"@id":"https:\/\/barcinovintagefactory.com\/producto\/nba-adidas-lakers-tank-top-bryan-24-yellow-violet-s\/#breadcrumb"},"inLanguage":"en-GB","potentialAction":[{"@type":"ReadAction","target":["https:\/\/barcinovintagefactory.com\/producto\/nba-adidas-lakers-tank-top-bryan-24-yellow-violet-s\/"]}]},{"@type":"ImageObject","inLanguage":"en-GB","@id":"https:\/\/barcinovintagefactory.com\/producto\/nba-adidas-lakers-tank-top-bryan-24-yellow-violet-s\/#primaryimage","url":"https:\/\/barcinovintagefactory.com\/wp-content\/uploads\/2025\/03\/IMG_20240422_210623-scaled.jpg","contentUrl":"https:\/\/barcinovintagefactory.com\/wp-content\/uploads\/2025\/03\/IMG_20240422_210623-scaled.jpg","width":1920,"height":2560},{"@type":"BreadcrumbList","@id":"https:\/\/barcinovintagefactory.com\/producto\/nba-adidas-lakers-tank-top-bryan-24-yellow-violet-s\/#breadcrumb","itemListElement":[{"@type":"ListItem","position":1,"name":"Portada","item":"https:\/\/barcinovintagefactory.com\/"},{"@type":"ListItem","position":2,"name":"Tienda filtro","item":"https:\/\/barcinovintagefactory.com\/?page_id=1613"},{"@type":"ListItem","position":3,"name":"NBA Adidas Lakers camiseta amarilla tirantes Bryan 24 S"}]},{"@type":"WebSite","@id":"https:\/\/barcinovintagefactory.com\/#website","url":"https:\/\/barcinovintagefactory.com\/","name":"Barcino Vintage Factory","description":"Tienda de ropa vintage Barcelona, Espa\u00f1a. DROP DIARIO a las 12:30 PM + de 30 prendas nuevas cada semana","publisher":{"@id":"https:\/\/barcinovintagefactory.com\/#organization"},"potentialAction":[{"@type":"SearchAction","target":{"@type":"EntryPoint","urlTemplate":"https:\/\/barcinovintagefactory.com\/?s={search_term_string}"},"query-input":{"@type":"PropertyValueSpecification","valueRequired":true,"valueName":"search_term_string"}}],"inLanguage":"en-GB"},{"@type":"Organization","@id":"https:\/\/barcinovintagefactory.com\/#organization","name":"Barcino Vintage Factory","url":"https:\/\/barcinovintagefactory.com\/","logo":{"@type":"ImageObject","inLanguage":"en-GB","@id":"https:\/\/barcinovintagefactory.com\/#\/schema\/logo\/image\/","url":"https:\/\/barcinovintagefactory.com\/wp-content\/uploads\/2025\/03\/LOGO-BVF-FONDO-COLOR-1PEKENOyyyyyyyyyy.png","contentUrl":"https:\/\/barcinovintagefactory.com\/wp-content\/uploads\/2025\/03\/LOGO-BVF-FONDO-COLOR-1PEKENOyyyyyyyyyy.png","width":1743,"height":1683,"caption":"Barcino Vintage Factory"},"image":{"@id":"https:\/\/barcinovintagefactory.com\/#\/schema\/logo\/image\/"},"sameAs":["https:\/\/www.tiktok.com\/@barcinovintagefactory","https:\/\/es.pinterest.com\/BarcinoVintageFactory","https:\/\/www.instagram.com\/barcino.vintagefactory\/"]}]}},"jetpack_sharing_enabled":true,"_links":{"self":[{"href":"https:\/\/barcinovintagefactory.com\/en\/wp-json\/wp\/v2\/product\/4832","targetHints":{"allow":["GET"]}}],"collection":[{"href":"https:\/\/barcinovintagefactory.com\/en\/wp-json\/wp\/v2\/product"}],"about":[{"href":"https:\/\/barcinovintagefactory.com\/en\/wp-json\/wp\/v2\/types\/product"}],"replies":[{"embeddable":true,"href":"https:\/\/barcinovintagefactory.com\/en\/wp-json\/wp\/v2\/comments?post=4832"}],"wp:featuredmedia":[{"embeddable":true,"href":"https:\/\/barcinovintagefactory.com\/en\/wp-json\/wp\/v2\/media\/4836"}],"wp:attachment":[{"href":"https:\/\/barcinovintagefactory.com\/en\/wp-json\/wp\/v2\/media?parent=4832"}],"wp:term":[{"taxonomy":"product_brand","embeddable":true,"href":"https:\/\/barcinovintagefactory.com\/en\/wp-json\/wp\/v2\/product_brand?post=4832"},{"taxonomy":"product_cat","embeddable":true,"href":"https:\/\/barcinovintagefactory.com\/en\/wp-json\/wp\/v2\/product_cat?post=4832"},{"taxonomy":"product_tag","embeddable":true,"href":"https:\/\/barcinovintagefactory.com\/en\/wp-json\/wp\/v2\/product_tag?post=4832"}],"curies":[{"name":"wp","href":"https:\/\/api.w.org\/{rel}","templated":true}]}}