{"id":6682,"date":"2025-05-25T12:30:05","date_gmt":"2025-05-25T10:30:05","guid":{"rendered":"https:\/\/barcinovintagefactory.com\/?post_type=product&#038;p=6682"},"modified":"2026-04-21T01:20:10","modified_gmt":"2026-04-20T23:20:10","slug":"mito-vintage-90s-track-pants-tactel-pastel-lilac-l-xl","status":"publish","type":"product","link":"https:\/\/barcinovintagefactory.com\/en\/product\/mito-vintage-90s-track-pants-tactel-pastel-lilac-l-xl\/","title":{"rendered":"Mito pantal\u00f3n ch\u00e1ndal lila pastel vintage 80s L XL"},"content":{"rendered":"<p>Muy buen estado, mide 47 cm de cintura, 54 de cadera, 34 de tiro, 100 de largo y 14 de ancho del tobillo.<\/p>\n<p>Pantal\u00f3n deportivo vintage en color <span style=\"font-size: 16px; font-style: normal; font-weight: 400;\">lila claro pastel con gomas en los tobillos y forro interior. Ideal para primavera y verano en los d\u00edas m\u00e1s fresquitos, tanto para ir a entrenar como para combinarlo con alguna camiseta chula o alg\u00fan polo vintage t\u00e9cnico deportivo con alg\u00fan bordado y darle un giro a tu look.<\/span><\/p>\n<p>Marca: Mito<br \/>\nTalla en la prenda: 174 XL<br \/>\nRecommended size: L XL<br \/>\nMaterial: poliamida<br \/>\nCondition: very good<\/p>","protected":false},"excerpt":{"rendered":"<p>Muy buen estado, mide 47 cm de cintura, 54 de cadera, 34 de tiro, 100 de largo y 14 de ancho del tobillo.<\/p>\n<p>Pantal\u00f3n deportivo vintage en color <span style=\"font-size: 16px; font-style: normal; font-weight: 400;\">lila claro pastel con gomas en los tobillos y forro interior. Ideal para primavera y verano en los d\u00edas m\u00e1s fresquitos, tanto para ir a entrenar como para combinarlo con alguna camiseta chula o alg\u00fan polo vintage t\u00e9cnico deportivo con alg\u00fan bordado y darle un giro a tu look.<\/span><\/p>\n<p>Marca: Mito<br \/>\nTalla en la prenda: 174 XL<br \/>\nRecommended size: L XL<br \/>\nMaterial: poliamida<br \/>\nCondition: very good<\/p>","protected":false},"featured_media":6688,"comment_status":"open","ping_status":"closed","template":"","meta":{"site-sidebar-layout":"default","site-content-layout":"","ast-site-content-layout":"default","site-content-style":"default","site-sidebar-style":"default","ast-global-header-display":"","ast-banner-title-visibility":"","ast-main-header-display":"","ast-hfb-above-header-display":"","ast-hfb-below-header-display":"","ast-hfb-mobile-header-display":"","site-post-title":"","ast-breadcrumbs-content":"","ast-featured-img":"","footer-sml-layout":"","ast-disable-related-posts":"","theme-transparent-header-meta":"default","adv-header-id-meta":"","stick-header-meta":"","header-above-stick-meta":"","header-main-stick-meta":"","header-below-stick-meta":"","astra-migrate-meta-layouts":"set","ast-page-background-enabled":"default","ast-page-background-meta":{"desktop":{"background-color":"","background-image":"","background-repeat":"repeat","background-position":"center center","background-size":"auto","background-attachment":"scroll","background-type":"","background-media":"","overlay-type":"","overlay-color":"","overlay-opacity":"","overlay-gradient":""},"tablet":{"background-color":"","background-image":"","background-repeat":"repeat","background-position":"center center","background-size":"auto","background-attachment":"scroll","background-type":"","background-media":"","overlay-type":"","overlay-color":"","overlay-opacity":"","overlay-gradient":""},"mobile":{"background-color":"","background-image":"","background-repeat":"repeat","background-position":"center center","background-size":"auto","background-attachment":"scroll","background-type":"","background-media":"","overlay-type":"","overlay-color":"","overlay-opacity":"","overlay-gradient":""}},"ast-content-background-meta":{"desktop":{"background-color":"var(--ast-global-color-5)","background-image":"","background-repeat":"repeat","background-position":"center center","background-size":"auto","background-attachment":"scroll","background-type":"","background-media":"","overlay-type":"","overlay-color":"","overlay-opacity":"","overlay-gradient":""},"tablet":{"background-color":"var(--ast-global-color-5)","background-image":"","background-repeat":"repeat","background-position":"center center","background-size":"auto","background-attachment":"scroll","background-type":"","background-media":"","overlay-type":"","overlay-color":"","overlay-opacity":"","overlay-gradient":""},"mobile":{"background-color":"var(--ast-global-color-5)","background-image":"","background-repeat":"repeat","background-position":"center center","background-size":"auto","background-attachment":"scroll","background-type":"","background-media":"","overlay-type":"","overlay-color":"","overlay-opacity":"","overlay-gradient":""}},"jetpack_publicize_message":"","jetpack_publicize_feature_enabled":true,"jetpack_social_post_already_shared":true,"jetpack_social_options":{"image_generator_settings":{"template":"highway","enabled":false},"version":2}},"product_brand":[],"product_cat":[223],"product_tag":[261,254,255,259],"class_list":{"0":"post-6682","1":"product","2":"type-product","3":"status-publish","4":"has-post-thumbnail","6":"product_cat-track-pants-vintage","7":"product_tag-80s","8":"product_tag-invierno","9":"product_tag-otono","10":"product_tag-sport","11":"desktop-align-left","12":"tablet-align-left","13":"mobile-align-left","15":"first","16":"instock","17":"taxable","18":"shipping-taxable","19":"purchasable","20":"product-type-simple","21":"wpzoom-wc-spi-has-enabled"},"jetpack_publicize_connections":[],"yoast_head":"<!-- This site is optimized with the Yoast SEO plugin v27.1.1 - https:\/\/yoast.com\/product\/yoast-seo-wordpress\/ -->\n<title>Mito pantal\u00f3n ch\u00e1ndal lila pastel vintage 80s L XL - Barcino Vintage Factory<\/title>\n<meta name=\"description\" content=\"Pantal\u00f3n deportivo vintage en color lila claro pastel con gomas en los tobillos y forro interior. Marca: Mito Talla recomendada: L XL Material: poliamida\" \/>\n<meta name=\"robots\" content=\"index, follow, max-snippet:-1, max-image-preview:large, max-video-preview:-1\" \/>\n<link rel=\"canonical\" href=\"https:\/\/barcinovintagefactory.com\/en\/product\/mito-vintage-90s-track-pants-tactel-pastel-lilac-l-xl\/\" \/>\n<meta property=\"og:locale\" content=\"en_GB\" \/>\n<meta property=\"og:type\" content=\"article\" \/>\n<meta property=\"og:title\" content=\"Mito pantal\u00f3n ch\u00e1ndal lila pastel vintage 80s L XL - Barcino Vintage Factory\" \/>\n<meta property=\"og:description\" content=\"Pantal\u00f3n deportivo vintage en color lila claro pastel con gomas en los tobillos y forro interior. Marca: Mito Talla recomendada: L XL Material: poliamida\" \/>\n<meta property=\"og:url\" content=\"https:\/\/barcinovintagefactory.com\/en\/product\/mito-vintage-90s-track-pants-tactel-pastel-lilac-l-xl\/\" \/>\n<meta property=\"og:site_name\" content=\"Barcino Vintage Factory\" \/>\n<meta property=\"article:modified_time\" content=\"2026-04-20T23:20:10+00:00\" \/>\n<meta property=\"og:image\" content=\"https:\/\/barcinovintagefactory.com\/wp-content\/uploads\/2025\/05\/IMG_20240426_143211.webp\" \/>\n\t<meta property=\"og:image:width\" content=\"1530\" \/>\n\t<meta property=\"og:image:height\" content=\"2040\" \/>\n\t<meta property=\"og:image:type\" content=\"image\/webp\" \/>\n<meta name=\"twitter:card\" content=\"summary_large_image\" \/>\n<meta name=\"twitter:label1\" content=\"Estimated reading time\" \/>\n\t<meta name=\"twitter:data1\" content=\"1 minute\" \/>\n<script type=\"application\/ld+json\" class=\"yoast-schema-graph\">{\"@context\":\"https:\/\/schema.org\",\"@graph\":[{\"@type\":\"WebPage\",\"@id\":\"https:\/\/barcinovintagefactory.com\/producto\/mito-vintage-90s-track-pants-tactel-pastel-lilac-l-xl\/\",\"url\":\"https:\/\/barcinovintagefactory.com\/producto\/mito-vintage-90s-track-pants-tactel-pastel-lilac-l-xl\/\",\"name\":\"Mito pantal\u00f3n ch\u00e1ndal lila pastel vintage 80s L XL - Barcino Vintage Factory\",\"isPartOf\":{\"@id\":\"https:\/\/barcinovintagefactory.com\/#website\"},\"primaryImageOfPage\":{\"@id\":\"https:\/\/barcinovintagefactory.com\/producto\/mito-vintage-90s-track-pants-tactel-pastel-lilac-l-xl\/#primaryimage\"},\"image\":{\"@id\":\"https:\/\/barcinovintagefactory.com\/producto\/mito-vintage-90s-track-pants-tactel-pastel-lilac-l-xl\/#primaryimage\"},\"thumbnailUrl\":\"https:\/\/barcinovintagefactory.com\/wp-content\/uploads\/2025\/05\/IMG_20240426_143211.webp\",\"datePublished\":\"2025-05-25T10:30:05+00:00\",\"dateModified\":\"2026-04-20T23:20:10+00:00\",\"description\":\"Pantal\u00f3n deportivo vintage en color lila claro pastel con gomas en los tobillos y forro interior. Marca: Mito Talla recomendada: L XL Material: poliamida\",\"breadcrumb\":{\"@id\":\"https:\/\/barcinovintagefactory.com\/producto\/mito-vintage-90s-track-pants-tactel-pastel-lilac-l-xl\/#breadcrumb\"},\"inLanguage\":\"en-GB\",\"potentialAction\":[{\"@type\":\"ReadAction\",\"target\":[\"https:\/\/barcinovintagefactory.com\/producto\/mito-vintage-90s-track-pants-tactel-pastel-lilac-l-xl\/\"]}]},{\"@type\":\"ImageObject\",\"inLanguage\":\"en-GB\",\"@id\":\"https:\/\/barcinovintagefactory.com\/producto\/mito-vintage-90s-track-pants-tactel-pastel-lilac-l-xl\/#primaryimage\",\"url\":\"https:\/\/barcinovintagefactory.com\/wp-content\/uploads\/2025\/05\/IMG_20240426_143211.webp\",\"contentUrl\":\"https:\/\/barcinovintagefactory.com\/wp-content\/uploads\/2025\/05\/IMG_20240426_143211.webp\",\"width\":1530,\"height\":2040},{\"@type\":\"BreadcrumbList\",\"@id\":\"https:\/\/barcinovintagefactory.com\/producto\/mito-vintage-90s-track-pants-tactel-pastel-lilac-l-xl\/#breadcrumb\",\"itemListElement\":[{\"@type\":\"ListItem\",\"position\":1,\"name\":\"Portada\",\"item\":\"https:\/\/barcinovintagefactory.com\/\"},{\"@type\":\"ListItem\",\"position\":2,\"name\":\"Tienda filtro\",\"item\":\"https:\/\/barcinovintagefactory.com\/?page_id=1613\"},{\"@type\":\"ListItem\",\"position\":3,\"name\":\"Mito pantal\u00f3n ch\u00e1ndal lila pastel vintage 80s L XL\"}]},{\"@type\":\"WebSite\",\"@id\":\"https:\/\/barcinovintagefactory.com\/#website\",\"url\":\"https:\/\/barcinovintagefactory.com\/\",\"name\":\"Barcino Vintage Factory\",\"description\":\"Tienda de ropa vintage Barcelona, Espa\u00f1a. DROP DIARIO a las 12:30 PM + de 30 prendas nuevas cada semana\",\"publisher\":{\"@id\":\"https:\/\/barcinovintagefactory.com\/#organization\"},\"potentialAction\":[{\"@type\":\"SearchAction\",\"target\":{\"@type\":\"EntryPoint\",\"urlTemplate\":\"https:\/\/barcinovintagefactory.com\/?s={search_term_string}\"},\"query-input\":{\"@type\":\"PropertyValueSpecification\",\"valueRequired\":true,\"valueName\":\"search_term_string\"}}],\"inLanguage\":\"en-GB\"},{\"@type\":\"Organization\",\"@id\":\"https:\/\/barcinovintagefactory.com\/#organization\",\"name\":\"Barcino Vintage Factory\",\"url\":\"https:\/\/barcinovintagefactory.com\/\",\"logo\":{\"@type\":\"ImageObject\",\"inLanguage\":\"en-GB\",\"@id\":\"https:\/\/barcinovintagefactory.com\/#\/schema\/logo\/image\/\",\"url\":\"https:\/\/barcinovintagefactory.com\/wp-content\/uploads\/2025\/03\/LOGO-BVF-FONDO-COLOR-1PEKENOyyyyyyyyyy.png\",\"contentUrl\":\"https:\/\/barcinovintagefactory.com\/wp-content\/uploads\/2025\/03\/LOGO-BVF-FONDO-COLOR-1PEKENOyyyyyyyyyy.png\",\"width\":1743,\"height\":1683,\"caption\":\"Barcino Vintage Factory\"},\"image\":{\"@id\":\"https:\/\/barcinovintagefactory.com\/#\/schema\/logo\/image\/\"},\"sameAs\":[\"https:\/\/www.tiktok.com\/@barcinovintagefactory\",\"https:\/\/es.pinterest.com\/BarcinoVintageFactory\",\"https:\/\/www.instagram.com\/barcino.vintagefactory\/\"]}]}<\/script>\n<!-- \/ Yoast SEO plugin. -->","yoast_head_json":{"title":"Mito pantal\u00f3n ch\u00e1ndal lila pastel vintage 80s L XL - Barcino Vintage Factory","description":"Pantal\u00f3n deportivo vintage en color lila claro pastel con gomas en los tobillos y forro interior. Marca: Mito Talla recomendada: L XL Material: poliamida","robots":{"index":"index","follow":"follow","max-snippet":"max-snippet:-1","max-image-preview":"max-image-preview:large","max-video-preview":"max-video-preview:-1"},"canonical":"https:\/\/barcinovintagefactory.com\/en\/product\/mito-vintage-90s-track-pants-tactel-pastel-lilac-l-xl\/","og_locale":"en_GB","og_type":"article","og_title":"Mito pantal\u00f3n ch\u00e1ndal lila pastel vintage 80s L XL - Barcino Vintage Factory","og_description":"Pantal\u00f3n deportivo vintage en color lila claro pastel con gomas en los tobillos y forro interior. Marca: Mito Talla recomendada: L XL Material: poliamida","og_url":"https:\/\/barcinovintagefactory.com\/en\/product\/mito-vintage-90s-track-pants-tactel-pastel-lilac-l-xl\/","og_site_name":"Barcino Vintage Factory","article_modified_time":"2026-04-20T23:20:10+00:00","og_image":[{"width":1530,"height":2040,"url":"https:\/\/barcinovintagefactory.com\/wp-content\/uploads\/2025\/05\/IMG_20240426_143211.webp","type":"image\/webp"}],"twitter_card":"summary_large_image","twitter_misc":{"Estimated reading time":"1 minute"},"schema":{"@context":"https:\/\/schema.org","@graph":[{"@type":"WebPage","@id":"https:\/\/barcinovintagefactory.com\/producto\/mito-vintage-90s-track-pants-tactel-pastel-lilac-l-xl\/","url":"https:\/\/barcinovintagefactory.com\/producto\/mito-vintage-90s-track-pants-tactel-pastel-lilac-l-xl\/","name":"Mito pantal\u00f3n ch\u00e1ndal lila pastel vintage 80s L XL - Barcino Vintage Factory","isPartOf":{"@id":"https:\/\/barcinovintagefactory.com\/#website"},"primaryImageOfPage":{"@id":"https:\/\/barcinovintagefactory.com\/producto\/mito-vintage-90s-track-pants-tactel-pastel-lilac-l-xl\/#primaryimage"},"image":{"@id":"https:\/\/barcinovintagefactory.com\/producto\/mito-vintage-90s-track-pants-tactel-pastel-lilac-l-xl\/#primaryimage"},"thumbnailUrl":"https:\/\/barcinovintagefactory.com\/wp-content\/uploads\/2025\/05\/IMG_20240426_143211.webp","datePublished":"2025-05-25T10:30:05+00:00","dateModified":"2026-04-20T23:20:10+00:00","description":"Pantal\u00f3n deportivo vintage en color lila claro pastel con gomas en los tobillos y forro interior. Marca: Mito Talla recomendada: L XL Material: poliamida","breadcrumb":{"@id":"https:\/\/barcinovintagefactory.com\/producto\/mito-vintage-90s-track-pants-tactel-pastel-lilac-l-xl\/#breadcrumb"},"inLanguage":"en-GB","potentialAction":[{"@type":"ReadAction","target":["https:\/\/barcinovintagefactory.com\/producto\/mito-vintage-90s-track-pants-tactel-pastel-lilac-l-xl\/"]}]},{"@type":"ImageObject","inLanguage":"en-GB","@id":"https:\/\/barcinovintagefactory.com\/producto\/mito-vintage-90s-track-pants-tactel-pastel-lilac-l-xl\/#primaryimage","url":"https:\/\/barcinovintagefactory.com\/wp-content\/uploads\/2025\/05\/IMG_20240426_143211.webp","contentUrl":"https:\/\/barcinovintagefactory.com\/wp-content\/uploads\/2025\/05\/IMG_20240426_143211.webp","width":1530,"height":2040},{"@type":"BreadcrumbList","@id":"https:\/\/barcinovintagefactory.com\/producto\/mito-vintage-90s-track-pants-tactel-pastel-lilac-l-xl\/#breadcrumb","itemListElement":[{"@type":"ListItem","position":1,"name":"Portada","item":"https:\/\/barcinovintagefactory.com\/"},{"@type":"ListItem","position":2,"name":"Tienda filtro","item":"https:\/\/barcinovintagefactory.com\/?page_id=1613"},{"@type":"ListItem","position":3,"name":"Mito pantal\u00f3n ch\u00e1ndal lila pastel vintage 80s L XL"}]},{"@type":"WebSite","@id":"https:\/\/barcinovintagefactory.com\/#website","url":"https:\/\/barcinovintagefactory.com\/","name":"Barcino Vintage Factory","description":"Tienda de ropa vintage Barcelona, Espa\u00f1a. DROP DIARIO a las 12:30 PM + de 30 prendas nuevas cada semana","publisher":{"@id":"https:\/\/barcinovintagefactory.com\/#organization"},"potentialAction":[{"@type":"SearchAction","target":{"@type":"EntryPoint","urlTemplate":"https:\/\/barcinovintagefactory.com\/?s={search_term_string}"},"query-input":{"@type":"PropertyValueSpecification","valueRequired":true,"valueName":"search_term_string"}}],"inLanguage":"en-GB"},{"@type":"Organization","@id":"https:\/\/barcinovintagefactory.com\/#organization","name":"Barcino Vintage Factory","url":"https:\/\/barcinovintagefactory.com\/","logo":{"@type":"ImageObject","inLanguage":"en-GB","@id":"https:\/\/barcinovintagefactory.com\/#\/schema\/logo\/image\/","url":"https:\/\/barcinovintagefactory.com\/wp-content\/uploads\/2025\/03\/LOGO-BVF-FONDO-COLOR-1PEKENOyyyyyyyyyy.png","contentUrl":"https:\/\/barcinovintagefactory.com\/wp-content\/uploads\/2025\/03\/LOGO-BVF-FONDO-COLOR-1PEKENOyyyyyyyyyy.png","width":1743,"height":1683,"caption":"Barcino Vintage Factory"},"image":{"@id":"https:\/\/barcinovintagefactory.com\/#\/schema\/logo\/image\/"},"sameAs":["https:\/\/www.tiktok.com\/@barcinovintagefactory","https:\/\/es.pinterest.com\/BarcinoVintageFactory","https:\/\/www.instagram.com\/barcino.vintagefactory\/"]}]}},"jetpack_sharing_enabled":true,"_links":{"self":[{"href":"https:\/\/barcinovintagefactory.com\/en\/wp-json\/wp\/v2\/product\/6682","targetHints":{"allow":["GET"]}}],"collection":[{"href":"https:\/\/barcinovintagefactory.com\/en\/wp-json\/wp\/v2\/product"}],"about":[{"href":"https:\/\/barcinovintagefactory.com\/en\/wp-json\/wp\/v2\/types\/product"}],"replies":[{"embeddable":true,"href":"https:\/\/barcinovintagefactory.com\/en\/wp-json\/wp\/v2\/comments?post=6682"}],"wp:featuredmedia":[{"embeddable":true,"href":"https:\/\/barcinovintagefactory.com\/en\/wp-json\/wp\/v2\/media\/6688"}],"wp:attachment":[{"href":"https:\/\/barcinovintagefactory.com\/en\/wp-json\/wp\/v2\/media?parent=6682"}],"wp:term":[{"taxonomy":"product_brand","embeddable":true,"href":"https:\/\/barcinovintagefactory.com\/en\/wp-json\/wp\/v2\/product_brand?post=6682"},{"taxonomy":"product_cat","embeddable":true,"href":"https:\/\/barcinovintagefactory.com\/en\/wp-json\/wp\/v2\/product_cat?post=6682"},{"taxonomy":"product_tag","embeddable":true,"href":"https:\/\/barcinovintagefactory.com\/en\/wp-json\/wp\/v2\/product_tag?post=6682"}],"curies":[{"name":"wp","href":"https:\/\/api.w.org\/{rel}","templated":true}]}}